{"id":1333,"date":"2024-07-27T16:27:25","date_gmt":"2024-07-27T14:27:25","guid":{"rendered":"https:\/\/louisathostrup.dk\/?page_id=1333"},"modified":"2025-02-17T10:52:04","modified_gmt":"2025-02-17T09:52:04","slug":"privatlivs-politik","status":"publish","type":"page","link":"https:\/\/louisathostrup.dk\/en\/privatlivs-politik\/","title":{"rendered":"Privatlivs politik"},"content":{"rendered":"<p>[et_pb_section fb_built=&#8221;1&#8243; _builder_version=&#8221;4.27.0&#8243; _module_preset=&#8221;default&#8221; global_colors_info=&#8221;{}&#8221;][et_pb_row _builder_version=&#8221;4.27.0&#8243; _module_preset=&#8221;default&#8221; global_colors_info=&#8221;{}&#8221;][et_pb_column type=&#8221;4_4&#8243; _builder_version=&#8221;4.27.0&#8243; _module_preset=&#8221;default&#8221; global_colors_info=&#8221;{}&#8221;][et_pb_text _builder_version=&#8221;4.27.0&#8243; _module_preset=&#8221;default&#8221; text_font=&#8221;Volkhov||||||||&#8221; text_text_color=&#8221;#5b7baa&#8221; text_font_size=&#8221;29px&#8221; global_colors_info=&#8221;{}&#8221;]<\/p>\n<p>PRIVATLIVS POLITIK<\/p>\n<p>[\/et_pb_text][et_pb_text _builder_version=&#8221;4.27.4&#8243; _module_preset=&#8221;default&#8221; global_colors_info=&#8221;{}&#8221;]<\/p>\n<p><span style=\"font-weight: 400;\"><b>Privatlivspolitik for Thostrup Consulting<\/b><\/span><\/p>\n<p><span style=\"font-weight: 400;\">Den dataansvarlige for behandling af dine personoplysninger er:<\/span><\/p>\n<ul>\n<li style=\"font-weight: 400;\" aria-level=\"1\"><b>Firmanavn:<\/b><span style=\"font-weight: 400;\"> Thostrup Consulting<\/span><\/li>\n<li style=\"font-weight: 400;\" aria-level=\"1\"><b>CVR-nummer:<\/b><span style=\"font-weight: 400;\"> 33794193<\/span><\/li>\n<li style=\"font-weight: 400;\" aria-level=\"1\"><b>E-mail:<\/b><span style=\"font-weight: 400;\"> <span \n                data-original-string='pn6HqLr3vQmp+l37dk2EFg==2d8YbDQv4QzwR\/cxdoMedZXwgGfCkyH8UnD8tSG2rJd8F4='\n                class='apbct-email-encoder'\n                title='This contact has been encoded by Anti-Spam by CleanTalk. Click to decode. To finish the decoding make sure that JavaScript is enabled in your browser.'>ko<span class=\"apbct-blur\">*****<\/span>@<span class=\"apbct-blur\">************<\/span>up.dk<\/span><\/span><\/li>\n<li style=\"font-weight: 400;\" aria-level=\"1\"><b>Telefonnummer:<\/b><span style=\"font-weight: 400;\"> 2692 8916<\/span><\/li>\n<\/ul>\n<h4><b>2. Indsamling af persondata<\/b><\/h4>\n<p><span style=\"font-weight: 400;\">Vi indsamler kun de n\u00f8dvendige personoplysninger for at kunne levere vores produkter og tjenester til dig. De oplysninger, vi kan indsamle, omfatter:<\/span><\/p>\n<ul>\n<li style=\"font-weight: 400;\" aria-level=\"1\"><span style=\"font-weight: 400;\">Navn<\/span><\/li>\n<li style=\"font-weight: 400;\" aria-level=\"1\"><span style=\"font-weight: 400;\">E-mailadresse<\/span><\/li>\n<li style=\"font-weight: 400;\" aria-level=\"1\"><span style=\"font-weight: 400;\">Faktureringsadresse<\/span><\/li>\n<li style=\"font-weight: 400;\" aria-level=\"1\"><span style=\"font-weight: 400;\">Betalingsoplysninger (f.eks. bankoplysninger ved bankoverf\u00f8rsel)<\/span><\/li>\n<li style=\"font-weight: 400;\" aria-level=\"1\"><span style=\"font-weight: 400;\">Telefonnummer (hvis relevant)<\/span><\/li>\n<li style=\"font-weight: 400;\" aria-level=\"1\"><span style=\"font-weight: 400;\">K\u00f8bshistorik<\/span><\/li>\n<\/ul>\n<h4><b>3. Form\u00e5l med indsamling af data<\/b><\/h4>\n<p><span style=\"font-weight: 400;\">Vi indsamler dine personoplysninger med f\u00f8lgende form\u00e5l:<\/span><\/p>\n<ul>\n<li style=\"font-weight: 400;\" aria-level=\"1\"><span style=\"font-weight: 400;\">For at behandle og gennemf\u00f8re din ordre.<\/span><\/li>\n<li style=\"font-weight: 400;\" aria-level=\"1\"><span style=\"font-weight: 400;\">For at kunne kommunikere med dig i forbindelse med support eller kundeservice.<\/span><\/li>\n<li style=\"font-weight: 400;\" aria-level=\"1\"><span style=\"font-weight: 400;\">For at udsende fakturaer og h\u00e5ndtere betalinger.<\/span><\/li>\n<li style=\"font-weight: 400;\" aria-level=\"1\"><span style=\"font-weight: 400;\">For at forbedre vores produkter og tjenester baseret p\u00e5 din feedback.<\/span><\/li>\n<li style=\"font-weight: 400;\" aria-level=\"1\"><b>Til markedsf\u00f8ringsform\u00e5l<\/b><span style=\"font-weight: 400;\">, s\u00e5som at sende dig nyhedsbreve, kampagnetilbud eller anden relevant markedsf\u00f8ringskommunikation. Vi indsamler kun din e-mailadresse til markedsf\u00f8ringsform\u00e5l, n\u00e5r du p\u00e5 forh\u00e5nd har givet dit udtrykkelige samtykke til dette. Du kan til enhver tid tr\u00e6kke dit samtykke tilbage og afmelde dig vores nyhedsbreve eller markedsf\u00f8ringsmails via et link i bunden af e-mails eller ved at kontakte os.<\/span><\/li>\n<\/ul>\n<h4><b>4. Opbevaring af persondata<\/b><\/h4>\n<p><span style=\"font-weight: 400;\">Vi opbevarer dine personoplysninger s\u00e5 l\u00e6nge, det er n\u00f8dvendigt for at kunne opfylde de form\u00e5l, som de er indsamlet til, herunder opfyldelse af juridiske, skattem\u00e6ssige og regnskabsm\u00e6ssige krav.<\/span><\/p>\n<p><span style=\"font-weight: 400;\">Dine personoplysninger opbevares sikkert i vores interne systemer, og der er ingen deling af data med tredjepart. Vi benytter ikke tredjepartsdatabehandlere, og dine oplysninger vil aldrig blive delt, solgt eller videregivet til eksterne parter.<\/span><\/p>\n<h4><b>5. Beskyttelse af persondata<\/b><\/h4>\n<p><span style=\"font-weight: 400;\">Vi har truffet de n\u00f8dvendige tekniske og organisatoriske foranstaltninger for at beskytte dine persondata mod uautoriseret adgang, tab, \u00e6ndring og offentligg\u00f8relse.<\/span><\/p>\n<h4><b>6. Dine rettigheder<\/b><\/h4>\n<p><span style=\"font-weight: 400;\">I henhold til GDPR har du f\u00f8lgende rettigheder:<\/span><\/p>\n<ul>\n<li style=\"font-weight: 400;\" aria-level=\"1\"><b>Ret til indsigt:<\/b><span style=\"font-weight: 400;\"> Du har ret til at f\u00e5 indsigt i, hvilke personoplysninger vi har om dig.<\/span><\/li>\n<li style=\"font-weight: 400;\" aria-level=\"1\"><b>Ret til berigtigelse:<\/b><span style=\"font-weight: 400;\"> Du har ret til at f\u00e5 rettet ukorrekte oplysninger om dig.<\/span><\/li>\n<li style=\"font-weight: 400;\" aria-level=\"1\"><b>Ret til sletning:<\/b><span style=\"font-weight: 400;\"> Du har ret til at anmode om, at vi sletter dine personoplysninger, hvis de ikke l\u00e6ngere er n\u00f8dvendige for det form\u00e5l, de blev indsamlet til.<\/span><\/li>\n<li style=\"font-weight: 400;\" aria-level=\"1\"><b>Ret til begr\u00e6nsning af behandling:<\/b><span style=\"font-weight: 400;\"> Du har ret til at anmode om, at vi begr\u00e6nser behandlingen af dine personoplysninger under visse omst\u00e6ndigheder.<\/span><\/li>\n<li style=\"font-weight: 400;\" aria-level=\"1\"><b>Ret til dataportabilitet:<\/b><span style=\"font-weight: 400;\"> Du har ret til at modtage dine personoplysninger i et struktureret, almindeligt anvendt og maskinl\u00e6sbart format.<\/span><\/li>\n<li style=\"font-weight: 400;\" aria-level=\"1\"><b>Ret til at g\u00f8re indsigelse:<\/b><span style=\"font-weight: 400;\"> Du har ret til at g\u00f8re indsigelse mod behandlingen af dine personoplysninger i visse situationer.<\/span><\/li>\n<\/ul>\n<p><span style=\"font-weight: 400;\">Hvis du \u00f8nsker at ud\u00f8ve nogen af disse rettigheder, bedes du kontakte os p\u00e5 <span \n                data-original-string='OvIm3dqLf9ZJOBfCnCn+Nw==2d8OUSYrQecD\/Y5jQihx96AraLUyDLRI6ILojhu3xf\/Zrs='\n                class='apbct-email-encoder'\n                title='This contact has been encoded by Anti-Spam by CleanTalk. Click to decode. To finish the decoding make sure that JavaScript is enabled in your browser.'>ko<span class=\"apbct-blur\">*****<\/span>@<span class=\"apbct-blur\">************<\/span>up.dk<\/span>.<\/span><\/p>\n<h4><b>7. Cookies<\/b><\/h4>\n<p><span style=\"font-weight: 400;\">Vi anvender cookies for at forbedre din oplevelse p\u00e5 vores hjemmeside og til analyseform\u00e5l. For mere information om, hvilke cookies vi anvender, og hvordan du kan administrere dine cookieindstillinger, henviser vi til vores separate Cookiepolitik.<\/span><\/p>\n<h4><b>8. \u00c6ndringer i privatlivspolitikken<\/b><\/h4>\n<p><span style=\"font-weight: 400;\">Vi forbeholder os retten til at opdatere og \u00e6ndre denne privatlivspolitik. Eventuelle \u00e6ndringer vil blive offentliggjort p\u00e5 vores hjemmeside, og v\u00e6sentlige \u00e6ndringer vil blive meddelt via e-mail.<\/span><\/p>\n<h4><b>9. Kontaktinformation<\/b><\/h4>\n<p><span style=\"font-weight: 400;\">Hvis du har sp\u00f8rgsm\u00e5l om denne privatlivspolitik eller om behandlingen af dine personoplysninger, kan du kontakte os p\u00e5:<\/span><\/p>\n<ul>\n<li style=\"font-weight: 400;\" aria-level=\"1\"><b>E-mail:<\/b><span style=\"font-weight: 400;\"> [<span \n                data-original-string='pvlQjQa4wcoihRoF2i+aEQ==2d8xs3jjTnrXXva8DO5+hbvutOsbmEnQWfUhK6yNHHYWJ8='\n                class='apbct-email-encoder'\n                title='This contact has been encoded by Anti-Spam by CleanTalk. Click to decode. To finish the decoding make sure that JavaScript is enabled in your browser.'>ko<span class=\"apbct-blur\">*****<\/span>@<span class=\"apbct-blur\">************<\/span>up.dk<\/span>]<\/span><\/li>\n<li style=\"font-weight: 400;\" aria-level=\"1\"><b>Telefon:<\/b><span style=\"font-weight: 400;\"> [2692 8916]<\/span><\/li>\n<\/ul>\n<p>[\/et_pb_text][\/et_pb_column][\/et_pb_row][\/et_pb_section]<\/p>\n","protected":false},"excerpt":{"rendered":"<p>PRIVATLIVS POLITIKPrivatlivspolitik for Thostrup Consulting Den dataansvarlige for behandling af dine personoplysninger er: Firmanavn: Thostrup Consulting CVR-nummer: 33794193 E-mail: <span \n                data-original-string='rPidAUfvzxqBZT17bll1tA==2d8ViEax2o9V5qps1wpKift4RAJoe2XSf+g1pi1xo4PyvY='\n                class='apbct-email-encoder'\n                title='This contact has been encoded by Anti-Spam by CleanTalk. Click to decode. To finish the decoding make sure that JavaScript is enabled in your browser.'>ko<span class=\"apbct-blur\">*****<\/span>@<span class=\"apbct-blur\">************<\/span>up.dk<\/span> Telefonnummer: 2692 8916 2. Indsamling af persondata Vi indsamler kun de n\u00f8dvendige personoplysninger for at kunne levere vores produkter og tjenester til dig. De oplysninger, vi kan indsamle, omfatter: Navn E-mailadresse Faktureringsadresse Betalingsoplysninger (f.eks. bankoplysninger [&hellip;]<\/p>\n","protected":false},"author":3,"featured_media":0,"parent":0,"menu_order":0,"comment_status":"closed","ping_status":"closed","template":"","meta":{"_et_pb_use_builder":"on","_et_pb_old_content":"","_et_gb_content_width":"","pmpro_default_level":"","inline_featured_image":false,"footnotes":""},"difl_page_category":[],"class_list":["post-1333","page","type-page","status-publish","hentry","pmpro-has-access"],"_links":{"self":[{"href":"https:\/\/louisathostrup.dk\/en\/wp-json\/wp\/v2\/pages\/1333","targetHints":{"allow":["GET"]}}],"collection":[{"href":"https:\/\/louisathostrup.dk\/en\/wp-json\/wp\/v2\/pages"}],"about":[{"href":"https:\/\/louisathostrup.dk\/en\/wp-json\/wp\/v2\/types\/page"}],"author":[{"embeddable":true,"href":"https:\/\/louisathostrup.dk\/en\/wp-json\/wp\/v2\/users\/3"}],"replies":[{"embeddable":true,"href":"https:\/\/louisathostrup.dk\/en\/wp-json\/wp\/v2\/comments?post=1333"}],"version-history":[{"count":7,"href":"https:\/\/louisathostrup.dk\/en\/wp-json\/wp\/v2\/pages\/1333\/revisions"}],"predecessor-version":[{"id":338809,"href":"https:\/\/louisathostrup.dk\/en\/wp-json\/wp\/v2\/pages\/1333\/revisions\/338809"}],"wp:attachment":[{"href":"https:\/\/louisathostrup.dk\/en\/wp-json\/wp\/v2\/media?parent=1333"}],"wp:term":[{"taxonomy":"difl_page_category","embeddable":true,"href":"https:\/\/louisathostrup.dk\/en\/wp-json\/wp\/v2\/difl_page_category?post=1333"}],"curies":[{"name":"wp","href":"https:\/\/api.w.org\/{rel}","templated":true}]}}