{"id":181,"date":"2023-08-25T10:15:44","date_gmt":"2023-08-25T08:15:44","guid":{"rendered":"https:\/\/louisathostrup.dk\/about\/"},"modified":"2024-09-04T06:44:32","modified_gmt":"2024-09-04T04:44:32","slug":"about","status":"publish","type":"page","link":"https:\/\/louisathostrup.dk\/en\/about\/","title":{"rendered":"Om"},"content":{"rendered":"<p>[et_pb_section admin_label=&#8221;section&#8221;]<br \/>\n\t\t\t[et_pb_row admin_label=&#8221;row&#8221;]<br \/>\n\t\t\t\t[et_pb_column type=&#8221;4_4&#8243;][et_pb_text admin_label=&#8221;Text&#8221;]<\/p>\n<h1>Om Louisa<\/h1>\n<h2><span style=\"vertical-align: inherit;\"><span style=\"vertical-align: inherit;\"><span style=\"vertical-align: inherit;\"><span style=\"vertical-align: inherit;\"><span style=\"vertical-align: inherit;\"><span style=\"vertical-align: inherit;\"><span style=\"vertical-align: inherit;\"><span style=\"vertical-align: inherit;\">Du har potentiale til at optr\u00e6de h\u00f8jere og inspirere andre<\/span><\/span><\/span><\/span><\/span><\/span><\/span><\/span><span style=\"vertical-align: inherit;\"><span style=\"vertical-align: inherit;\">!<\/span><\/span><\/h2>\n<p>Lad mig guide dig til at finde din indre styrke!<\/p>\n<p><a href=\"https:\/\/calendly.com\/thostrupconsulting\/strategisamtale\" target=\"_blank\" rel=\"noopener\"><br \/>\nBook en gratis strategisamtale<br \/>\n<\/a><\/p>\n<h2>Min karriere har givet mig unikke kompetencer, som jeg nu anvender i mit arbejde med mine kunder, s\u00e5ledes at de h\u00f8jner deres performence og n\u00e5r deres m\u00e5l uden at miste balancen.<\/h2>\n<p>I l\u00f8bet af min karriere har jeg haft utrolige muligheder for at l\u00e6re og vokse som person. Min tid inden for politiet, sygeplejen og brandv\u00e6senet &#8211; for at n\u00e6vne nogle af arbejdsomr\u00e5derne &#8211; har udstyret mig med et unikt s\u00e6t f\u00e6rdigheder, som jeg anvender i praksis, n\u00e5r jeg arbejder med mine kunder. Fra at arbejde under pres til at tr\u00e6ffe afg\u00f8rende beslutninger i modgang har jeg opn\u00e5et v\u00e6rdifuld viden om udholdenhed, beslutsomhed og mod.<\/p>\n<p>De udfordringer, jeg har st\u00e5et over for, har kun styrket min vilje til at opn\u00e5 resultater. Jeg har opn\u00e5et en st\u00e6rk vilje til at forts\u00e6tte med at handle trods udfordringer, jeg s\u00f8ger at v\u00e6kste hver evig eneste dag, og jeg er m\u00e5lrettet for at n\u00e5 opsatte m\u00e5l.<\/p>\n<p>I dag er jeg ikke fokuseret p\u00e5 m\u00e5let, men snarere p\u00e5 rejsen og den udvikling, der f\u00f8lger med. Jeg er blevet bevidst om, at ved dedikation, vedholdenhed og struktur, kan vi opn\u00e5 mere, end vi troede var muligt.<\/p>\n<h2>Hvorledes jeg kan hj\u00e6lpe!<\/h2>\n<h3><a href=\"#\"><br \/>\nOnlinekurser <\/a><\/h3>\n<p style=\"margin: 0px; font-variant-numeric: normal; font-variant-east-asian: normal; font-variant-alternates: normal; font-kerning: auto; font-optical-sizing: auto; font-feature-settings: normal; font-variation-settings: normal; font-variant-position: normal; font-stretch: normal; font-size: 13px; line-height: normal; font-family: 'Helvetica Neue'; color: #000000; white-space-collapse: collapse;\">Onlinekurser med strategier og v\u00e6rkt\u00f8jer, du kan bruge fra dag 1. Fordelen ved mine sm\u00e5 onlinekurser er, at du kan tage kurset, hvorn\u00e5r end passer det dig bedst at f\u00e5 ny viden og kompetencer!<\/p>\n<p><a href=\"\/services\/\"><br \/>\nMore information<br \/>\n<\/a><\/p>\n<h3><a href=\"#\"><br \/>\nMindset til succes <\/a><\/h3>\n<p>Et 3 m\u00e5neders online program, hvor du vil modtage v\u00e6rkt\u00f8jer og strategier til at v\u00e6kste med holdbare l\u00f8sninger.<\/p>\n<p><a href=\"\/services\/\"><br \/>\nMere information<br \/>\n<\/a><\/p>\n<h3><a href=\"#\"><br \/>\nPerformance til succes <\/a><\/h3>\n<p>En 12 m\u00e5neders certificeret uddannelse, hvor du vil forbedre dine foruds\u00e6tninger for at performe endnu bedre.<\/p>\n<p><a href=\"\/services\/\"><br \/>\nMere information<br \/>\n<\/a><\/p>\n<h3>Jeg er passioneret omkring at supportere dig til at h\u00f8jne din performance.<\/h3>\n<p>Da jeg startede min rejse, gik jeg i blinde indtil jeg tog en beslutning om at investere i mig selv. Jeg investerede i ressourcer, der kunne bringe mig hurtigere hen imod mit m\u00e5l &#8211; det giver ikke mening at opfinde den dybe tallerken igen &#8211; og nu er det min tur til at hj\u00e6lpe andre til v\u00e6kst!<\/p>\n<p><a href=\"https:\/\/calendly.com\/thostrupconsulting\/strategycall\" target=\"_blank\" rel=\"noopener\"><br \/>\nBook et gratis strategim\u00f8de<br \/>\n<\/a><br \/>\n<img loading=\"lazy\" decoding=\"async\" src=\"https:\/\/louisathostrup.dk\/wp-content\/uploads\/louisa-thostrup-arbejder.jpg\" alt=\"Louisa Thostrup working\" width=\"1200\" height=\"801\" \/><\/p>\n<h4>Words from my clients<\/h4>\n<figure><img loading=\"lazy\" decoding=\"async\" src=\"https:\/\/louisathostrup.dk\/wp-content\/uploads\/johanne.jpg\" alt=\"\" width=\"100\" height=\"100\" \/><\/figure>\n<h3>Johanne<\/h3>\n<p>Louisa is a person who has a very good heart. She\u2019s very welcominbg and kind, in short, she\u2019s AMAZING. She has always given me nice words that has motivated me to continue thriving. She always makes sure that I am ok and remind me that I am doing a great job. Louisa\u2019s origin name means warrio, and yes, I do agree with that. She is very strong, but still sensitive and genuine.<\/p>\n<p><i>\ue934<\/i><i>\ue934<\/i><i>\ue934<\/i><i>\ue934<\/i><i>\ue934<\/i> 5\/5<\/p>\n<figure><img loading=\"lazy\" decoding=\"async\" src=\"https:\/\/louisathostrup.dk\/wp-content\/uploads\/linda.jpg\" alt=\"\" width=\"100\" height=\"100\" \/><\/figure>\n<h3>Linda<\/h3>\n<p>CEO at abcolut.dk<\/p>\n<p>I&#8217;ve had coaching with Louisa, and it was very giving. After the first session, I had two assignments to solve. I&#8217;ve had a hard time both familywise-and workwise, so I tried to approach that with a positive mindset, and it was so rewarding. I can only thank Louisa a lot, and I know she&#8217;ll say, she didn&#8217;t do anything and that I did it all &#8211; perhaps &#8211; but she showed med the way. I&#8217;m now ready to go after my goal and work hard at that.<\/p>\n<p><i>\ue934<\/i><i>\ue934<\/i><i>\ue934<\/i><i>\ue934<\/i><i>\ue934<\/i> 5\/5<\/p>\n<h3>What people might not know about me!<\/h3>\n<ul>\n<li>I wake up with coffee in my hand<\/li>\n<li>I balance beeing a single mom with my career<\/li>\n<li>I love crossfit and keeping my body and mind fit<\/li>\n<li>I love Opera, Bubbles &amp; Mushrooms<\/li>\n<li>I write journal every morning<\/li>\n<\/ul>\n<p><img loading=\"lazy\" decoding=\"async\" src=\"https:\/\/louisathostrup.dk\/wp-content\/uploads\/louisa-i-bilen.jpg\" alt=\"Louisa Thostrup - Mindset coach and Business mentor in her car\" width=\"800\" height=\"534\" \/><\/p>\n<h2>Let&#8217;s get in touch<\/h2>\n<h3>Are you ready to achieve a better balance &amp; live up to your full potential as a Leader?<\/h3>\n<p>Book your personal and free strategy call today!<\/p>\n<p><a href=\"https:\/\/calendly.com\/thostrupconsulting\/strategycall\" target=\"_blank\" rel=\"noopener\"><br \/>\nBook your strategy call today<br \/>\n<\/a>[\/et_pb_text][\/et_pb_column]<br \/>\n\t\t\t[\/et_pb_row]<br \/>\n\t\t[\/et_pb_section]<\/p>\n","protected":false},"excerpt":{"rendered":"<p>Om Louisa Du har potentiale til at optr\u00e6de h\u00f8jere og inspirere andre! Lad mig guide dig til at finde din indre styrke! Book en gratis strategisamtale Min karriere har givet mig unikke kompetencer, som jeg nu anvender i mit arbejde med mine kunder, s\u00e5ledes at de h\u00f8jner deres performence og n\u00e5r deres m\u00e5l uden at [&hellip;]<\/p>\n","protected":false},"author":1,"featured_media":0,"parent":0,"menu_order":0,"comment_status":"closed","ping_status":"closed","template":"","meta":{"_et_pb_use_builder":"on","_et_pb_old_content":"<h1>Om Louisa<\/h1>\n<h2><span style=\"vertical-align: inherit;\"><span style=\"vertical-align: inherit;\"><span style=\"vertical-align: inherit;\"><span style=\"vertical-align: inherit;\"><span style=\"vertical-align: inherit;\"><span style=\"vertical-align: inherit;\"><span style=\"vertical-align: inherit;\"><span style=\"vertical-align: inherit;\">Du har potentiale til at optr\u00e6de h\u00f8jere og inspirere andre<\/span><\/span><\/span><\/span><\/span><\/span><\/span><\/span><span style=\"vertical-align: inherit;\"><span style=\"vertical-align: inherit;\">!<\/span><\/span><\/h2>\nLad mig guide dig til at finde din indre styrke!\n\n<a href=\"https:\/\/calendly.com\/thostrupconsulting\/strategisamtale\">\nBook en gratis strategisamtale\n<\/a>\n<h2>Min karriere har givet mig unikke kompetencer, som jeg nu anvender i mit arbejde med mine kunder, s\u00e5ledes at de h\u00f8jner deres performence og n\u00e5r deres m\u00e5l uden at miste balancen.<\/h2>\nI l\u00f8bet af min karriere har jeg haft utrolige muligheder for at l\u00e6re og vokse som person. Min tid inden for politiet, sygeplejen og brandv\u00e6senet - for at n\u00e6vne nogle af arbejdsomr\u00e5derne - har udstyret mig med et unikt s\u00e6t f\u00e6rdigheder, som jeg anvender i praksis, n\u00e5r jeg arbejder med mine kunder. Fra at arbejde under pres til at tr\u00e6ffe afg\u00f8rende beslutninger i modgang har jeg opn\u00e5et v\u00e6rdifuld viden om udholdenhed, beslutsomhed og mod.\n\nDe udfordringer, jeg har st\u00e5et over for, har kun styrket min vilje til at opn\u00e5 resultater. Jeg har opn\u00e5et en st\u00e6rk vilje til at forts\u00e6tte med at handle trods udfordringer, jeg s\u00f8ger at v\u00e6kste hver evig eneste dag, og jeg er m\u00e5lrettet for at n\u00e5 opsatte m\u00e5l.\n\nI dag er jeg ikke fokuseret p\u00e5 m\u00e5let, men snarere p\u00e5 rejsen og den udvikling, der f\u00f8lger med. Jeg er blevet bevidst om, at ved dedikation, vedholdenhed og struktur, kan vi opn\u00e5 mere, end vi troede var muligt.\n<h2>Hvorledes jeg kan hj\u00e6lpe!<\/h2>\n<h3><a href=\"#\">\nOnlinekurser <\/a><\/h3>\n<p style=\"margin: 0px; font-variant-numeric: normal; font-variant-east-asian: normal; font-variant-alternates: normal; font-kerning: auto; font-optical-sizing: auto; font-feature-settings: normal; font-variation-settings: normal; font-variant-position: normal; font-stretch: normal; font-size: 13px; line-height: normal; font-family: 'Helvetica Neue'; color: #000000; white-space-collapse: collapse;\">Onlinekurser med strategier og v\u00e6rkt\u00f8jer, du kan bruge fra dag 1. Fordelen ved mine sm\u00e5 onlinekurser er, at du kan tage kurset, hvorn\u00e5r end passer det dig bedst at f\u00e5 ny viden og kompetencer!<\/p>\n<a href=\"\/services\/\">\nMore information\n<\/a>\n<h3><a href=\"#\">\nMindset til succes <\/a><\/h3>\nEt 3 m\u00e5neders online program, hvor du vil modtage v\u00e6rkt\u00f8jer og strategier til at v\u00e6kste med holdbare l\u00f8sninger.\n\n<a href=\"\/services\/\">\nMere information\n<\/a>\n<h3><a href=\"#\">\nPerformance til succes <\/a><\/h3>\nEn 12 m\u00e5neders certificeret uddannelse, hvor du vil forbedre dine foruds\u00e6tninger for at performe endnu bedre.\n\n<a href=\"\/services\/\">\nMere information\n<\/a>\n<h3>Jeg er passioneret omkring at supportere dig til at h\u00f8jne din performance.<\/h3>\nDa jeg startede min rejse, gik jeg i blinde indtil jeg tog en beslutning om at investere i mig selv. Jeg investerede i ressourcer, der kunne bringe mig hurtigere hen imod mit m\u00e5l - det giver ikke mening at opfinde den dybe tallerken igen - og nu er det min tur til at hj\u00e6lpe andre til v\u00e6kst!\n\n<a href=\"https:\/\/calendly.com\/thostrupconsulting\/strategycall\">\nBook et gratis strategim\u00f8de\n<\/a>\n<img src=\"https:\/\/louisathostrup.dk\/wp-content\/uploads\/louisa-thostrup-arbejder.jpg\" alt=\"Louisa Thostrup working\" width=\"1200\" height=\"801\" \/>\n<h4>Words from my clients<\/h4>\n<figure><img src=\"https:\/\/louisathostrup.dk\/wp-content\/uploads\/johanne.jpg\" alt=\"\" width=\"100\" height=\"100\" \/><\/figure>\n<h3>Johanne<\/h3>\nLouisa is a person who has a very good heart. She\u2019s very welcominbg and kind, in short, she\u2019s AMAZING. She has always given me nice words that has motivated me to continue thriving. She always makes sure that I am ok and remind me that I am doing a great job. Louisa\u2019s origin name means warrio, and yes, I do agree with that. She is very strong, but still sensitive and genuine.\n\n<i>\ue934<\/i><i>\ue934<\/i><i>\ue934<\/i><i>\ue934<\/i><i>\ue934<\/i> 5\/5\n<figure><img src=\"https:\/\/louisathostrup.dk\/wp-content\/uploads\/linda.jpg\" alt=\"\" width=\"100\" height=\"100\" \/><\/figure>\n<h3>Linda<\/h3>\nCEO at abcolut.dk\n\nI've had coaching with Louisa, and it was very giving. After the first session, I had two assignments to solve. I've had a hard time both familywise-and workwise, so I tried to approach that with a positive mindset, and it was so rewarding. I can only thank Louisa a lot, and I know she'll say, she didn't do anything and that I did it all - perhaps - but she showed med the way. I'm now ready to go after my goal and work hard at that.\n\n<i>\ue934<\/i><i>\ue934<\/i><i>\ue934<\/i><i>\ue934<\/i><i>\ue934<\/i> 5\/5\n<h3>What people might not know about me!<\/h3>\n<ul>\n \t<li>I wake up with coffee in my hand<\/li>\n \t<li>I balance beeing a single mom with my career<\/li>\n \t<li>I love crossfit and keeping my body and mind fit<\/li>\n \t<li>I love Opera, Bubbles &amp; Mushrooms<\/li>\n \t<li>I write journal every morning<\/li>\n<\/ul>\n<img src=\"https:\/\/louisathostrup.dk\/wp-content\/uploads\/louisa-i-bilen.jpg\" alt=\"Louisa Thostrup - Mindset coach and Business mentor in her car\" width=\"800\" height=\"534\" \/>\n<h2>Let's get in touch<\/h2>\n<h3>Are you ready to achieve a better balance &amp; live up to your full potential as a Leader?<\/h3>\nBook your personal and free strategy call today!\n\n<a href=\"https:\/\/calendly.com\/thostrupconsulting\/strategycall\">\nBook your strategy call today\n<\/a>","_et_gb_content_width":"","pmpro_default_level":"","inline_featured_image":false,"footnotes":""},"difl_page_category":[],"class_list":["post-181","page","type-page","status-publish","hentry","pmpro-has-access"],"_links":{"self":[{"href":"https:\/\/louisathostrup.dk\/en\/wp-json\/wp\/v2\/pages\/181","targetHints":{"allow":["GET"]}}],"collection":[{"href":"https:\/\/louisathostrup.dk\/en\/wp-json\/wp\/v2\/pages"}],"about":[{"href":"https:\/\/louisathostrup.dk\/en\/wp-json\/wp\/v2\/types\/page"}],"author":[{"embeddable":true,"href":"https:\/\/louisathostrup.dk\/en\/wp-json\/wp\/v2\/users\/1"}],"replies":[{"embeddable":true,"href":"https:\/\/louisathostrup.dk\/en\/wp-json\/wp\/v2\/comments?post=181"}],"version-history":[{"count":133,"href":"https:\/\/louisathostrup.dk\/en\/wp-json\/wp\/v2\/pages\/181\/revisions"}],"predecessor-version":[{"id":280812,"href":"https:\/\/louisathostrup.dk\/en\/wp-json\/wp\/v2\/pages\/181\/revisions\/280812"}],"wp:attachment":[{"href":"https:\/\/louisathostrup.dk\/en\/wp-json\/wp\/v2\/media?parent=181"}],"wp:term":[{"taxonomy":"difl_page_category","embeddable":true,"href":"https:\/\/louisathostrup.dk\/en\/wp-json\/wp\/v2\/difl_page_category?post=181"}],"curies":[{"name":"wp","href":"https:\/\/api.w.org\/{rel}","templated":true}]}}