{"id":281522,"date":"2024-11-04T15:11:32","date_gmt":"2024-11-04T14:11:32","guid":{"rendered":"https:\/\/louisathostrup.dk\/?page_id=281522"},"modified":"2025-06-10T10:35:28","modified_gmt":"2025-06-10T08:35:28","slug":"klippekort","status":"publish","type":"page","link":"https:\/\/louisathostrup.dk\/en\/klippekort\/","title":{"rendered":"Klippekort"},"content":{"rendered":"<p>[et_pb_section fb_built=&#8221;1&#8243; _builder_version=&#8221;4.27.0&#8243; _module_preset=&#8221;default&#8221; global_colors_info=&#8221;{}&#8221;][et_pb_row _builder_version=&#8221;4.27.0&#8243; _module_preset=&#8221;default&#8221; global_colors_info=&#8221;{}&#8221;][et_pb_column type=&#8221;4_4&#8243; _builder_version=&#8221;4.27.0&#8243; _module_preset=&#8221;default&#8221; global_colors_info=&#8221;{}&#8221;][et_pb_text _builder_version=&#8221;4.27.0&#8243; _module_preset=&#8221;2a72e8cd-7e1e-411b-92ee-57bfa5a961fe&#8221; header_2_font=&#8221;Volkhov||||||||&#8221; header_2_text_color=&#8221;gcid-3c3581c1-f373-4686-aa51-f9f01c8ffd79&#8243; text_orientation=&#8221;center&#8221; custom_margin=&#8221;||10px||false|false&#8221; global_colors_info=&#8221;{%22gcid-3c3581c1-f373-4686-aa51-f9f01c8ffd79%22:%91%22header_2_text_color%22%93}&#8221;]<\/p>\n<h2>Klippekort<\/h2>\n<p>[\/et_pb_text][\/et_pb_column][\/et_pb_row][et_pb_row column_structure=&#8221;1_3,1_3,1_3&#8243; _builder_version=&#8221;4.27.0&#8243; _module_preset=&#8221;default&#8221; global_colors_info=&#8221;{}&#8221;][et_pb_column type=&#8221;1_3&#8243; _builder_version=&#8221;4.27.0&#8243; _module_preset=&#8221;default&#8221; global_colors_info=&#8221;{}&#8221;][difl_advanced_blurb title=&#8221;Klippekort 3 timer&#8221; sub_title=&#8221;Supervision og Coaching.&#8221; button_background_bgcolor=&#8221;RGBA(255,255,255,0)&#8221; image=&#8221;https:\/\/louisathostrup.dk\/wp-content\/uploads\/1-4.png&#8221; _builder_version=&#8221;4.27.4&#8243; _module_preset=&#8221;default&#8221; sub_title_font=&#8221;Montserrat||||||||&#8221; sub_title_font_size=&#8221;15px&#8221; hover_enabled=&#8221;0&#8243; global_colors_info=&#8221;{}&#8221; sticky_enabled=&#8221;0&#8243;]<\/p>\n<div class=\"pmpro_level_description_text\">\n<p>Dette klippekort skal bruges inden for 3. m\u00e5neder<\/p>\n<\/div>\n<div id=\"pmpro_level_cost\">\n<div class=\"pmpro_level_cost_text\">\n<p>Prisen er<span>\u00a0<\/span><strong>DKK 4 680,00<\/strong><span>\u00a0<\/span>.<\/p>\n<\/div>\n<div class=\"pmpro_level_expiration_text\">\n<p>Udl\u00f8ber efter 3 M\u00e5neder.<\/p>\n<\/div>\n<\/div>\n<p>[\/difl_advanced_blurb][et_pb_button button_url=&#8221;https:\/\/louisathostrup.dk\/medlems-gaa-til-kassen\/?pmpro_level=15&#8243; button_text=&#8221;K\u00f8b 3 timer&#8221; button_alignment=&#8221;left&#8221; _builder_version=&#8221;4.27.0&#8243; _module_preset=&#8221;d341cae5-c84c-454f-be5a-e5d779f1fa3a&#8221; button_border_color=&#8221;gcid-fc7afca1-7302-4e55-829d-3d445387c282&#8243; animation_style=&#8221;bounce&#8221; global_colors_info=&#8221;{%22gcid-33ba488a-a977-4fcb-9562-ca062f22498f%22:%91%22button_bg_color%22,%22button_bg_color%22%93,%22gcid-fc7afca1-7302-4e55-829d-3d445387c282%22:%91%22button_border_color%22%93}&#8221;][\/et_pb_button][\/et_pb_column][et_pb_column type=&#8221;1_3&#8243; _builder_version=&#8221;4.27.0&#8243; _module_preset=&#8221;default&#8221; global_colors_info=&#8221;{}&#8221;][difl_advanced_blurb title=&#8221;Klippekort 5 timer&#8221; sub_title=&#8221;Supervision og coaching&#8221; image=&#8221;https:\/\/louisathostrup.dk\/wp-content\/uploads\/2-3.png&#8221; _builder_version=&#8221;4.27.4&#8243; _module_preset=&#8221;default&#8221; sub_title_font=&#8221;Montserrat||||||||&#8221; sub_title_font_size=&#8221;15px&#8221; hover_enabled=&#8221;0&#8243; global_colors_info=&#8221;{}&#8221; sticky_enabled=&#8221;0&#8243;]<\/p>\n<div class=\"pmpro_level_description_text\">\n<p>5 timers klippekort skal bruges inden 6 m\u00e5neder<\/p>\n<\/div>\n<div id=\"pmpro_level_cost\">\n<div class=\"pmpro_level_cost_text\">\n<p>Prisen er<span>\u00a0<\/span><strong>DKK 7 800,00<\/strong><span>\u00a0<\/span>.<\/p>\n<\/div>\n<div class=\"pmpro_level_expiration_text\">\n<p>Udl\u00f8ber efter 6 M\u00e5neder.<\/p>\n<\/div>\n<\/div>\n<p>[\/difl_advanced_blurb][et_pb_button button_url=&#8221;https:\/\/louisathostrup.dk\/medlems-gaa-til-kassen\/?pmpro_level=11&#8243; button_text=&#8221;K\u00f8b 5 timer&#8221; button_alignment=&#8221;left&#8221; _builder_version=&#8221;4.27.0&#8243; _module_preset=&#8221;d341cae5-c84c-454f-be5a-e5d779f1fa3a&#8221; button_border_color=&#8221;gcid-fc7afca1-7302-4e55-829d-3d445387c282&#8243; animation_style=&#8221;bounce&#8221; global_colors_info=&#8221;{%22gcid-33ba488a-a977-4fcb-9562-ca062f22498f%22:%91%22button_bg_color%22,%22button_bg_color%22%93,%22gcid-fc7afca1-7302-4e55-829d-3d445387c282%22:%91%22button_border_color%22%93}&#8221;][\/et_pb_button][\/et_pb_column][et_pb_column type=&#8221;1_3&#8243; _builder_version=&#8221;4.27.0&#8243; _module_preset=&#8221;default&#8221; global_colors_info=&#8221;{}&#8221;][difl_advanced_blurb title=&#8221;Klippekort 10 timer&#8221; sub_title=&#8221;Supervision og Coaching.&#8221; image=&#8221;https:\/\/louisathostrup.dk\/wp-content\/uploads\/3-2.png&#8221; _builder_version=&#8221;4.27.4&#8243; _module_preset=&#8221;default&#8221; sub_title_font=&#8221;Montserrat||||||||&#8221; sub_title_font_size=&#8221;15px&#8221; hover_enabled=&#8221;0&#8243; global_colors_info=&#8221;{}&#8221; sticky_enabled=&#8221;0&#8243;]<\/p>\n<div class=\"pmpro_level_description_text\">\n<p>Dette klippekort skal bruges inden for 12. m\u00e5neder<\/p>\n<\/div>\n<div id=\"pmpro_level_cost\">\n<div class=\"pmpro_level_cost_text\">\n<p>Prisen er<span>\u00a0<\/span><strong>DKK 13 750,00<\/strong><span>\u00a0<\/span>.<\/p>\n<\/div>\n<div class=\"pmpro_level_expiration_text\">\n<p>Udl\u00f8ber efter 12 M\u00e5neder.<\/p>\n<\/div>\n<\/div>\n<p>[\/difl_advanced_blurb][et_pb_button button_url=&#8221;https:\/\/louisathostrup.dk\/medlems-gaa-til-kassen\/?pmpro_level=13&#8243; button_text=&#8221;K\u00f8b 10 timer&#8221; button_alignment=&#8221;left&#8221; _builder_version=&#8221;4.27.0&#8243; _module_preset=&#8221;d341cae5-c84c-454f-be5a-e5d779f1fa3a&#8221; button_border_color=&#8221;gcid-fc7afca1-7302-4e55-829d-3d445387c282&#8243; animation_style=&#8221;bounce&#8221; global_colors_info=&#8221;{%22gcid-33ba488a-a977-4fcb-9562-ca062f22498f%22:%91%22button_bg_color%22,%22button_bg_color%22%93,%22gcid-fc7afca1-7302-4e55-829d-3d445387c282%22:%91%22button_border_color%22%93}&#8221;][\/et_pb_button][\/et_pb_column][\/et_pb_row][\/et_pb_section][et_pb_section fb_built=&#8221;1&#8243; _builder_version=&#8221;4.27.0&#8243; _module_preset=&#8221;default&#8221; global_colors_info=&#8221;{}&#8221;][et_pb_row _builder_version=&#8221;4.27.0&#8243; _module_preset=&#8221;default&#8221; global_colors_info=&#8221;{}&#8221;][et_pb_column type=&#8221;4_4&#8243; _builder_version=&#8221;4.27.0&#8243; _module_preset=&#8221;default&#8221; global_colors_info=&#8221;{}&#8221;][et_pb_text _builder_version=&#8221;4.27.0&#8243; _module_preset=&#8221;default&#8221; global_colors_info=&#8221;{}&#8221;]<\/p>\n<p><span><div class=\"et_bloom_inline_form et_bloom_optin et_bloom_make_form_visible et_bloom_optin_1\" style=\"display: none;\">\n\t\t\t\t<style type=\"text\/css\">.et_bloom .et_bloom_optin_1 .et_bloom_form_content { background-color: #124e82 !important; } .et_bloom .et_bloom_optin_1 .et_bloom_form_container .et_bloom_form_header { background-color: #ffffff !important; } .et_bloom .et_bloom_optin_1 .carrot_edge .et_bloom_form_content:before { border-top-color: #ffffff !important; } .et_bloom .et_bloom_optin_1 .carrot_edge.et_bloom_form_right .et_bloom_form_content:before, .et_bloom .et_bloom_optin_1 .carrot_edge.et_bloom_form_left .et_bloom_form_content:before { border-top-color: transparent !important; border-left-color: #ffffff !important; }\n\t\t\t\t\t\t@media only screen and ( max-width: 767px ) {.et_bloom .et_bloom_optin_1 .carrot_edge.et_bloom_form_right .et_bloom_form_content:before { border-top-color: #ffffff !important; border-left-color: transparent !important; }.et_bloom .et_bloom_optin_1 .carrot_edge.et_bloom_form_left .et_bloom_form_content:after { border-bottom-color: #ffffff !important; border-left-color: transparent !important; }\n\t\t\t\t\t\t}.et_bloom .et_bloom_optin_1 .et_bloom_form_content button { background-color: #e6c068 !important; } .et_bloom .et_bloom_optin_1 .et_bloom_form_content .et_bloom_fields i { color: #e6c068 !important; } .et_bloom .et_bloom_optin_1 .et_bloom_form_content .et_bloom_custom_field_radio i:before { background: #e6c068 !important; } .et_bloom .et_bloom_optin_1 .et_bloom_form_content button { background-color: #e6c068 !important; } .et_bloom .et_bloom_optin_1 .et_bloom_form_container h2, .et_bloom .et_bloom_optin_1 .et_bloom_form_container h2 span, .et_bloom .et_bloom_optin_1 .et_bloom_form_container h2 strong { font-family: \"Open Sans\", Helvetica, Arial, Lucida, sans-serif; }.et_bloom .et_bloom_optin_1 .et_bloom_form_container p, .et_bloom .et_bloom_optin_1 .et_bloom_form_container p span, .et_bloom .et_bloom_optin_1 .et_bloom_form_container p strong, .et_bloom .et_bloom_optin_1 .et_bloom_form_container form input, .et_bloom .et_bloom_optin_1 .et_bloom_form_container form button span { font-family: \"Open Sans\", Helvetica, Arial, Lucida, sans-serif; } <\/style>\n\t\t\t\t<div class=\"et_bloom_form_container  with_edge carrot_edge et_bloom_rounded et_bloom_form_text_dark et_bloom_form_bottom et_bloom_inline_2_fields\">\n\t\t\t\t\t\n\t\t\t<div class=\"et_bloom_form_container_wrapper clearfix et_bloom_with_custom_fields\">\n\t\t\t\t<div class=\"et_bloom_header_outer\">\n\t\t\t\t\t<div class=\"et_bloom_form_header et_bloom_header_text_dark\">\n\t\t\t\t\t\t<img loading=\"lazy\" decoding=\"async\" width=\"610\" height=\"610\" src=\"https:\/\/louisathostrup.dk\/wp-content\/uploads\/Sunde-rutiner-1-610x610.png\" class=\" et_bloom_image_slideup et_bloom_image\" alt=\"\" \/>\n\t\t\t\t\t\t<div class=\"et_bloom_form_text\">\n\t\t\t\t\t\t<h2>Skab sunde rutiner, p\u00e5 5 min<\/h2><p>F\u00e5 denne unikke e-bog tilsendt direkte til din mailboks.<\/p>\r\n<p>N\u00e5r du tilmelder dig e-bogen, accepterer du ogs\u00e5 at modtage tips og tricks samt tilbud fra Thostrup Consulting. Du kan altid afmelde dig igen, ved at klikke p\u00e5 afmeld i bunden af de e-mails som du modtager<\/p>\n\t\t\t\t\t<\/div>\n\t\t\t\t\t\t\n\t\t\t\t\t<\/div>\n\t\t\t\t<\/div>\n\t\t\t\t<div class=\"et_bloom_form_content et_bloom_2_fields et_bloom_bottom_inline\">\n\t\t\t\t\t\n\t\t\t\t\t\n\t\t\t\t\t<form method=\"post\" class=\"clearfix\">\n\t\t\t\t\t\t<div class=\"et_bloom_fields\">\n\t\t\t\t\t\t\t<p class=\"et_bloom_popup_input et_bloom_subscribe_name\">\n\t\t\t\t\t\t\t\t<input placeholder=\"Fornavn\" maxlength=\"50\">\n\t\t\t\t\t\t\t<\/p>\n\t\t\t\t\t\t\t<p class=\"et_bloom_popup_input et_bloom_subscribe_email\">\n\t\t\t\t\t\t\t\t<input placeholder=\"Email\">\n\t\t\t\t\t\t\t<\/p>\n\t\t\t\t\t\t\t<p class=\"et_bloom_custom_field et_bloom_popup_input\" style=\"display: none;\"><input type=\"text\" name=\"et_bloom_custom_field_optin_1_status\" data-id=\"status\" placeholder=\"Enable Double Optin\" data-field_type=\"input\" data-required_mark=\"not_required\" \/><\/p>\n\t\t\t\t\t\t\t<button data-optin_id=\"optin_1\" data-service=\"fluentcrm\" data-list_id=\"list_2\" data-page_id=\"281522\" data-account=\"Louisa thostrup\" data-ip_address=\"true\" class=\"et_bloom_submit_subscription\">\n\t\t\t\t\t\t\t\t<span class=\"et_bloom_subscribe_loader\"><\/span>\n\t\t\t\t\t\t\t\t<span class=\"et_bloom_button_text et_bloom_button_text_color_light\">Tilmeld<\/span>\n\t\t\t\t\t\t\t<\/button>\n\t\t\t\t\t\t<\/div>\n\t\t\t\t\t<\/form>\n\t\t\t\t\t<div class=\"et_bloom_success_container\">\n\t\t\t\t\t\t<span class=\"et_bloom_success_checkmark\"><\/span>\n\t\t\t\t\t<\/div>\n\t\t\t\t\t<h2 class=\"et_bloom_success_message\">Du er nu tilmeldt. Hold \u00f8je med din mailboks<\/h2>\n\t\t\t\t\t\n\t\t\t\t<\/div>\n\t\t\t<\/div>\n\t\t\t<span class=\"et_bloom_close_button\"><\/span>\n\t\t\t\t<\/div>\n\t\t\t<\/div><\/span><\/p>\n<p>[\/et_pb_text][\/et_pb_column][\/et_pb_row][\/et_pb_section][et_pb_section fb_built=&#8221;1&#8243; _builder_version=&#8221;4.27.0&#8243; _module_preset=&#8221;default&#8221; global_colors_info=&#8221;{}&#8221;][et_pb_row column_structure=&#8221;1_2,1_2&#8243; _builder_version=&#8221;4.27.0&#8243; _module_preset=&#8221;default&#8221; global_colors_info=&#8221;{}&#8221;][et_pb_column type=&#8221;1_2&#8243; _builder_version=&#8221;4.27.0&#8243; _module_preset=&#8221;default&#8221; global_colors_info=&#8221;{}&#8221;][et_pb_image src=&#8221;https:\/\/louisathostrup.dk\/wp-content\/uploads\/2023\/08\/louisa-thostrup.jpg&#8221; alt=&#8221;Louisa Thostrup &#8211; mindset coach and business mentor&#8221; title_text=&#8221;louisa-thostrup&#8221; _builder_version=&#8221;4.27.0&#8243; _module_preset=&#8221;default&#8221; animation_style=&#8221;slide&#8221; border_radii=&#8221;on|5px|5px|5px|5px&#8221; box_shadow_style=&#8221;preset2&#8243; global_colors_info=&#8221;{}&#8221;][\/et_pb_image][\/et_pb_column][et_pb_column type=&#8221;1_2&#8243; _builder_version=&#8221;4.27.0&#8243; _module_preset=&#8221;default&#8221; global_colors_info=&#8221;{}&#8221;][et_pb_heading title=&#8221;Send en besked til Louisa Thostrup&#8221; _builder_version=&#8221;4.27.0&#8243; _module_preset=&#8221;default&#8221; title_font=&#8221;Volkhov||||||||&#8221; global_colors_info=&#8221;{}&#8221;][\/et_pb_heading][et_pb_text _builder_version=&#8221;4.27.0&#8243; _module_preset=&#8221;default&#8221; global_colors_info=&#8221;{}&#8221;]<\/p>\n<div class='fluentform ff-default fluentform_wrapper_1 ffs_default_wrap'><form data-form_id=\"1\" id=\"fluentform_1\" class=\"frm-fluent-form fluent_form_1 ff-el-form-top ff_form_instance_1_1 ff-form-loading ffs_default\" data-form_instance=\"ff_form_instance_1_1\" method=\"POST\" ><fieldset  style=\"border: none!important;margin: 0!important;padding: 0!important;background-color: transparent!important;box-shadow: none!important;outline: none!important; min-inline-size: 100%;\">\n                    <legend class=\"ff_screen_reader_title\" style=\"display: block; margin: 0!important;padding: 0!important;height: 0!important;text-indent: -999999px;width: 0!important;overflow:hidden;\">Kontakt formular til hjemmesiden<\/legend><input type=\"hidden\" name=\"ff_ct_form_load_time\" class=\"ff_ct_form_load_time\" value=\"\"><input type='hidden' name='__fluent_form_embded_post_id' value='281522' \/><input type=\"hidden\" id=\"_fluentform_1_fluentformnonce\" name=\"_fluentform_1_fluentformnonce\" value=\"7f53355c11\" \/><input type=\"hidden\" name=\"_wp_http_referer\" value=\"\/en\/wp-json\/wp\/v2\/pages\/281522\" \/><div data-type=\"name-element\" data-name=\"names\" class=\" ff-field_container ff-name-field-wrapper\" ><div class='ff-t-container'><div class='ff-t-cell '><div class='ff-el-group'><div class=\"ff-el-input--label asterisk-right\"><label for='ff_1_names_first_name_' id='label_ff_1_names_first_name_' >Fornavn<\/label><\/div><div class='ff-el-input--content'><input type=\"text\" name=\"names[first_name]\" id=\"ff_1_names_first_name_\" class=\"ff-el-form-control\" placeholder=\"Fornavn\" aria-invalid=\"false\" aria-required=false><\/div><\/div><\/div><div class='ff-t-cell '><div class='ff-el-group'><div class=\"ff-el-input--label asterisk-right\"><label for='ff_1_names_last_name_' id='label_ff_1_names_last_name_' >Efternavn<\/label><\/div><div class='ff-el-input--content'><input type=\"text\" name=\"names[last_name]\" id=\"ff_1_names_last_name_\" class=\"ff-el-form-control\" placeholder=\"Efternavn\" aria-invalid=\"false\" aria-required=false><\/div><\/div><\/div><\/div><\/div><div class='ff-el-group'><div class=\"ff-el-input--label ff-el-is-required asterisk-right\"><label for='ff_1_email' id='label_ff_1_email' aria-label=\"Email\">Email<\/label><\/div><div class='ff-el-input--content'><input type=\"email\" name=\"email\" id=\"ff_1_email\" class=\"ff-el-form-control\" placeholder=\"E-mail Adresse\" data-name=\"email\"  aria-invalid=\"false\" aria-required=true><\/div><\/div><div class='ff-el-group'><div class=\"ff-el-input--label asterisk-right\"><label for='ff_1_subject' id='label_ff_1_subject' aria-label=\"Emne\">Emne<\/label><\/div><div class='ff-el-input--content'><input type=\"text\" name=\"subject\" class=\"ff-el-form-control\" placeholder=\"Emne\" data-name=\"subject\" id=\"ff_1_subject\"  aria-invalid=\"false\" aria-required=false><\/div><\/div><div class='ff-el-group'><div class=\"ff-el-input--label ff-el-is-required asterisk-right\"><label for='ff_1_message' id='label_ff_1_message' aria-label=\"Din besked\">Din besked<\/label><\/div><div class='ff-el-input--content'><textarea aria-required=\"true\" aria-labelledby=\"label_ff_1_message\" name=\"message\" id=\"ff_1_message\" class=\"ff-el-form-control\" placeholder=\"Din besked\" rows=\"4\" cols=\"2\" data-name=\"message\" ><\/textarea><\/div><\/div><div class='ff-el-group    ff-el-input--content'><div class='ff-el-form-check ff-el-tc'><label aria-label='Jeg bekr\u00e6fter at Thostrup Consulting, m\u00e5 bruge min e-mail adresse til at kontakte mig og besvarer min henvendelse. Jeg kan p\u00e5 ethvert tidpunkt tr\u00e6kke denne bekr\u00e6ftelse tilbage.' class='ff-el-form-check-label ff_tc_label' for=gdpr-agreement_83c010cd7281a523467373d4f182d67a><span class='ff_tc_checkbox'><input type=\"checkbox\" name=\"gdpr-agreement\" class=\"ff-el-form-check-input ff_gdpr_field\" data-name=\"gdpr-agreement\" id=\"gdpr-agreement_83c010cd7281a523467373d4f182d67a\"  value='on' aria-invalid='false' aria-required=true><\/span> <div class='ff_t_c'>Jeg bekr\u00e6fter at Thostrup Consulting, m\u00e5 bruge min e-mail adresse til at kontakte mig og besvarer min henvendelse. Jeg kan p\u00e5 ethvert tidpunkt tr\u00e6kke denne bekr\u00e6ftelse tilbage.<\/div><\/label><\/div><\/div><div class='ff-el-group ff-text-left ff_submit_btn_wrapper'><button type=\"submit\" class=\"ff-btn ff-btn-submit ff-btn-md ff_btn_style wpf_has_custom_css\"  aria-label=\"Send besked\">Send besked<\/button><\/div><\/fieldset><\/form><div id='fluentform_1_errors' class='ff-errors-in-stack ff_form_instance_1_1 ff-form-loading_errors ff_form_instance_1_1_errors'><\/div><\/div>            <script type=\"text\/javascript\">\n                window.fluent_form_ff_form_instance_1_1 = {\"id\":\"1\",\"ajaxUrl\":\"https:\\\/\\\/louisathostrup.dk\\\/wp-admin\\\/admin-ajax.php\",\"settings\":{\"layout\":{\"labelPlacement\":\"top\",\"helpMessagePlacement\":\"with_label\",\"errorMessagePlacement\":\"inline\",\"cssClassName\":\"\",\"asteriskPlacement\":\"asterisk-right\"},\"restrictions\":{\"denyEmptySubmission\":{\"enabled\":false}}},\"form_instance\":\"ff_form_instance_1_1\",\"form_id_selector\":\"fluentform_1\",\"rules\":{\"names[first_name]\":{\"required\":{\"value\":false,\"message\":\"This field is required\",\"global\":false,\"global_message\":\"This field is required\"}},\"names[middle_name]\":{\"required\":{\"value\":false,\"message\":\"This field is required\",\"global\":false,\"global_message\":\"This field is required\"}},\"names[last_name]\":{\"required\":{\"value\":false,\"message\":\"This field is required\",\"global\":false,\"global_message\":\"This field is required\"}},\"email\":{\"required\":{\"value\":true,\"message\":\"This field is required\",\"global\":false,\"global_message\":\"This field is required\"},\"email\":{\"value\":true,\"message\":\"This field must contain a valid email\",\"global\":false,\"global_message\":\"This field must contain a valid email\"}},\"subject\":{\"required\":{\"value\":false,\"message\":\"This field is required\",\"global\":false,\"global_message\":\"This field is required\"}},\"message\":{\"required\":{\"value\":true,\"message\":\"This field is required\",\"global\":false,\"global_message\":\"This field is required\"}},\"gdpr-agreement\":{\"required\":{\"value\":true,\"message\":\"This field is required\",\"global_message\":\"This field is required\",\"global\":true}}},\"debounce_time\":300};\n                            <\/script>\n            \n<p>[\/et_pb_text][\/et_pb_column][\/et_pb_row][\/et_pb_section]<\/p>\n","protected":false},"excerpt":{"rendered":"<p>Klippekort<div class=\"et_pb_module difl_advanced_blurb difl_advanced_blurb_0\">\n\t\t\t\t\n\t\t\t\t\n\t\t\t\t\n\t\t\t\t\n\t\t\t\t\n\t\t\t\t\n\t\t\t\t<div class=\"et_pb_module_inner\">\n\t\t\t\t\t<div class=\"df_ab_blurb_container\"> <div class=\"df_ab_blurb_content_container\"><div class=\"df_ab_blurb_image image placement_image_flex_top\"><img decoding=\"async\" class=\"df_ab_blurb_image_img\" src=\"https:\/\/louisathostrup.dk\/wp-content\/uploads\/1-4.png\" alt=\"\" \/><\/div> <h3  class=\"df_ab_blurb_title\">Klippekort 3 timer<\/h3 > <h4  class=\"df_ab_blurb_sub_title\">Supervision og Coaching.<\/h4 > <div class=\"df_ab_blurb_description\"> Dette klippekort skal bruges inden for 3. m\u00e5neder Prisen er\u00a0DKK 4 680,00\u00a0. Udl\u00f8ber efter 3 M\u00e5neder. <\/div>  <\/div><\/div>\n\t\t\t\t<\/div>\n\t\t\t<\/div><div class=\"et_pb_module difl_advanced_blurb difl_advanced_blurb_1\">\n\t\t\t\t\n\t\t\t\t\n\t\t\t\t\n\t\t\t\t\n\t\t\t\t\n\t\t\t\t\n\t\t\t\t<div class=\"et_pb_module_inner\">\n\t\t\t\t\t<div class=\"df_ab_blurb_container\"> <div class=\"df_ab_blurb_content_container\"><div class=\"df_ab_blurb_image image placement_image_flex_top\"><img decoding=\"async\" class=\"df_ab_blurb_image_img\" src=\"https:\/\/louisathostrup.dk\/wp-content\/uploads\/2-3.png\" alt=\"\" \/><\/div> <h3  class=\"df_ab_blurb_title\">Klippekort 5 timer<\/h3 > <h4  class=\"df_ab_blurb_sub_title\">Supervision og coaching<\/h4 >   <\/div><\/div>\n\t\t\t\t<\/div>\n\t\t\t<\/div> 5 timers klippekort skal bruges inden 6 m\u00e5neder [&hellip;]<\/p>\n","protected":false},"author":1,"featured_media":0,"parent":0,"menu_order":0,"comment_status":"closed","ping_status":"closed","template":"","meta":{"_et_pb_use_builder":"on","_et_pb_old_content":"","_et_gb_content_width":"","pmpro_default_level":"","inline_featured_image":false,"footnotes":""},"difl_page_category":[],"class_list":["post-281522","page","type-page","status-publish","hentry","pmpro-has-access"],"_links":{"self":[{"href":"https:\/\/louisathostrup.dk\/en\/wp-json\/wp\/v2\/pages\/281522","targetHints":{"allow":["GET"]}}],"collection":[{"href":"https:\/\/louisathostrup.dk\/en\/wp-json\/wp\/v2\/pages"}],"about":[{"href":"https:\/\/louisathostrup.dk\/en\/wp-json\/wp\/v2\/types\/page"}],"author":[{"embeddable":true,"href":"https:\/\/louisathostrup.dk\/en\/wp-json\/wp\/v2\/users\/1"}],"replies":[{"embeddable":true,"href":"https:\/\/louisathostrup.dk\/en\/wp-json\/wp\/v2\/comments?post=281522"}],"version-history":[{"count":3,"href":"https:\/\/louisathostrup.dk\/en\/wp-json\/wp\/v2\/pages\/281522\/revisions"}],"predecessor-version":[{"id":987525341,"href":"https:\/\/louisathostrup.dk\/en\/wp-json\/wp\/v2\/pages\/281522\/revisions\/987525341"}],"wp:attachment":[{"href":"https:\/\/louisathostrup.dk\/en\/wp-json\/wp\/v2\/media?parent=281522"}],"wp:term":[{"taxonomy":"difl_page_category","embeddable":true,"href":"https:\/\/louisathostrup.dk\/en\/wp-json\/wp\/v2\/difl_page_category?post=281522"}],"curies":[{"name":"wp","href":"https:\/\/api.w.org\/{rel}","templated":true}]}}