{"id":338561,"date":"2024-12-18T16:34:18","date_gmt":"2024-12-18T15:34:18","guid":{"rendered":"https:\/\/louisathostrup.dk\/?page_id=338561"},"modified":"2024-12-18T16:35:53","modified_gmt":"2024-12-18T15:35:53","slug":"forloeb","status":"publish","type":"page","link":"https:\/\/louisathostrup.dk\/en\/forloeb\/","title":{"rendered":"Forl\u00f8b"},"content":{"rendered":"<p>[et_pb_section fb_built=&#8221;1&#8243; admin_label=&#8221;Header&#8221; _builder_version=&#8221;4.27.0&#8243; _module_preset=&#8221;default&#8221; use_background_color_gradient=&#8221;on&#8221; background_color_gradient_stops=&#8221;rgba(44,42,39,0.6) 0%|rgba(44,42,39,0.6) 100%&#8221; background_color_gradient_overlays_image=&#8221;on&#8221; background_image=&#8221;https:\/\/louisathostrup.dk\/wp-content\/uploads\/pexels-photo-2923156-2923156.jpg&#8221; parallax=&#8221;on&#8221; min_height=&#8221;100vh&#8221; custom_padding=&#8221;18vw||12vw||false|false&#8221; hover_enabled=&#8221;0&#8243; locked=&#8221;off&#8221; collapsed=&#8221;on&#8221; global_colors_info=&#8221;{}&#8221; theme_builder_area=&#8221;post_content&#8221; alt=&#8221;A joyful young man jumps midair with clouds and blue sky in the background, exuding energy and freedom.&#8221; title_text=&#8221;pexels-photo-2923156-2923156&#8243; sticky_enabled=&#8221;0&#8243;][et_pb_row column_structure=&#8221;2_3,1_3&#8243; _builder_version=&#8221;4.23.2&#8243; _module_preset=&#8221;default&#8221; max_width=&#8221;none&#8221; hover_enabled=&#8221;0&#8243; global_colors_info=&#8221;{}&#8221; theme_builder_area=&#8221;post_content&#8221; sticky_enabled=&#8221;0&#8243;][et_pb_column type=&#8221;2_3&#8243; _builder_version=&#8221;4.23.2&#8243; _module_preset=&#8221;default&#8221; global_colors_info=&#8221;{}&#8221; theme_builder_area=&#8221;post_content&#8221;][et_pb_divider show_divider=&#8221;off&#8221; _builder_version=&#8221;4.23.2&#8243; _module_preset=&#8221;default&#8221; width=&#8221;30px&#8221; height=&#8221;30px&#8221; custom_margin=&#8221;||30px||false|false&#8221; border_color_all=&#8221;#9ea38f&#8221; border_width_top=&#8221;1px&#8221; border_width_left=&#8221;1px&#8221; locked=&#8221;off&#8221; global_colors_info=&#8221;{}&#8221; theme_builder_area=&#8221;post_content&#8221;][\/et_pb_divider][et_pb_text _builder_version=&#8221;4.27.0&#8243; _module_preset=&#8221;1f34ef13-9da5-41d9-8061-c6ea8e8cccf1&#8243; header_font=&#8221;||||||||&#8221; header_text_color=&#8221;#FFFFFF&#8221; header_2_font=&#8221;Volkhov||||||||&#8221; header_2_text_color=&#8221;#FFFFFF&#8221; header_2_font_size=&#8221;38px&#8221; custom_margin=&#8221;||10px||false|false&#8221; hover_enabled=&#8221;0&#8243; global_colors_info=&#8221;{}&#8221; theme_builder_area=&#8221;post_content&#8221; sticky_enabled=&#8221;0&#8243;]<\/p>\n<h2><span>Tanke til succes<\/span><\/h2>\n<p>[\/et_pb_text][et_pb_button button_text=&#8221;Se kursus&#8221; _builder_version=&#8221;4.27.0&#8243; _module_preset=&#8221;6aa3b3e6-ef08-47b0-9ba7-a6a80101cda5&#8243; animation_style=&#8221;bounce&#8221; hover_enabled=&#8221;0&#8243; global_colors_info=&#8221;{}&#8221; theme_builder_area=&#8221;post_content&#8221; button_url=&#8221;https:\/\/louisathostrup.dk\/medlems-gaa-til-kassen\/?pmpro_level=19&#8243; sticky_enabled=&#8221;0&#8243;][\/et_pb_button][\/et_pb_column][et_pb_column type=&#8221;1_3&#8243; _builder_version=&#8221;4.23.2&#8243; _module_preset=&#8221;default&#8221; global_colors_info=&#8221;{}&#8221; theme_builder_area=&#8221;post_content&#8221;][\/et_pb_column][\/et_pb_row][\/et_pb_section][et_pb_section fb_built=&#8221;1&#8243; admin_label=&#8221;Footer&#8221; _builder_version=&#8221;4.23.2&#8243; _module_preset=&#8221;default&#8221; background_color=&#8221;gcid-fc7afca1-7302-4e55-829d-3d445387c282&#8243; saved_tabs=&#8221;all&#8221; collapsed=&#8221;on&#8221; global_colors_info=&#8221;{%22gcid-fc7afca1-7302-4e55-829d-3d445387c282%22:%91%22background_color%22%93}&#8221; theme_builder_area=&#8221;post_content&#8221;][et_pb_row _builder_version=&#8221;4.23.2&#8243; _module_preset=&#8221;default&#8221; global_colors_info=&#8221;{}&#8221; theme_builder_area=&#8221;post_content&#8221;][et_pb_column type=&#8221;4_4&#8243; _builder_version=&#8221;4.23.2&#8243; _module_preset=&#8221;default&#8221; global_colors_info=&#8221;{}&#8221; theme_builder_area=&#8221;post_content&#8221;][et_pb_text _builder_version=&#8221;4.27.0&#8243; _module_preset=&#8221;default&#8221; header_font=&#8221;Volkhov||||||||&#8221; header_3_font=&#8221;Volkhov||||||||&#8221; header_3_text_align=&#8221;center&#8221; header_3_text_color=&#8221;#5b7baa&#8221; header_3_font_size=&#8221;37px&#8221; animation_style=&#8221;slide&#8221; hover_enabled=&#8221;0&#8243; global_colors_info=&#8221;{}&#8221; theme_builder_area=&#8221;post_content&#8221; sticky_enabled=&#8221;0&#8243;]<\/p>\n<h3>Information om forl\u00f8bet<\/h3>\n<p>[\/et_pb_text][\/et_pb_column][\/et_pb_row][et_pb_row _builder_version=&#8221;4.23.2&#8243; _module_preset=&#8221;default&#8221; hover_enabled=&#8221;0&#8243; global_colors_info=&#8221;{}&#8221; theme_builder_area=&#8221;post_content&#8221; sticky_enabled=&#8221;0&#8243;][et_pb_column type=&#8221;4_4&#8243; _builder_version=&#8221;4.23.2&#8243; _module_preset=&#8221;default&#8221; global_colors_info=&#8221;{}&#8221; theme_builder_area=&#8221;post_content&#8221;][difl_advanced_blurb title=&#8221;Tanke til succes&#8221; sub_title=&#8221;3 m\u00e5neders forl\u00f8b &#8221; image=&#8221;https:\/\/louisathostrup.dk\/wp-content\/uploads\/pexels-photo-2923156-2923156.jpg&#8221; wrapper_margin=&#8221;||||false|false&#8221; blurb_img_margin=&#8221;||||false|false&#8221; title_padding=&#8221;10px||||false|false&#8221; _builder_version=&#8221;4.27.0&#8243; _module_preset=&#8221;default&#8221; title_text_align=&#8221;center&#8221; sub_title_text_align=&#8221;center&#8221; content_body_text_align=&#8221;center&#8221; content_body_font_size=&#8221;16px&#8221; hover_enabled=&#8221;0&#8243; box_shadow_style_image_shadow=&#8221;preset3&#8243; global_colors_info=&#8221;{}&#8221; theme_builder_area=&#8221;post_content&#8221; sticky_enabled=&#8221;0&#8243; alt=&#8221;A joyful young man jumps midair with clouds and blue sky in the background, exuding energy and freedom.&#8221; title_text=&#8221;pexels-photo-2923156-2923156&#8243;]<\/p>\n<p><strong>Tankegang til succes: Ejer du dit liv, eller ejes det af andre?<\/strong><\/p>\n<p>Har du nogensinde stoppet op og spurgt dig selv: &#8220;Hvem styrer egentlig mit liv?&#8221; Det kan f\u00f8les skr\u00e6mmende at indse, at du m\u00e5ske har ladet andre tage kontrollen \u2013 enten gennem deres forventninger, meninger eller krav. Men sandheden er, at kun du har magten til at tage lederskabet tilbage og forme dit liv pr\u00e6cis, som du \u00f8nsker det.<\/p>\n<p>M\u00e5ske er du bange for at tage det f\u00f8rste skridt? Frygt er en naturlig del af processen, men det beh\u00f8ver ikke holde dig tilbage. Gennem m\u00e5lrettet indsats, de rigtige v\u00e6rkt\u00f8jer og en strategi, der passer til netop dig, kan du tage kontrollen tilbage og begynde at leve et liv fyldt med mening og autenticitet.<\/p>\n<p><strong>P\u00e5 bare tre m\u00e5neder kan du l\u00e6re, hvordan du:<\/strong><\/p>\n<ul>\n<li>Tager styringen over dit eget liv.<\/li>\n<li>Identificerer og bryder med begr\u00e6nsende overbevisninger.<\/li>\n<li>F\u00e5r strategier og taktikker til at opbygge et liv, der er autentisk og i harmoni med dine v\u00e6rdier.<\/li>\n<\/ul>\n<p>Dette program handler ikke om hurtige l\u00f8sninger eller overfladiske forandringer. Det handler om dyb personlig udvikling, hvor du transformerer dit mindset, s\u00e5 du bliver den bedste version af dig selv.<\/p>\n<p>Du f\u00e5r:<\/p>\n<ul>\n<li>6 x 1:1 sessions online<\/li>\n<li>skriftlig support &#8211; svar indenfor 24 timer<\/li>\n<li>arbejdsopgaver &#8211; personligt udarbejdet op baggrund af dit behov<\/li>\n<li>fri adgang til medlemsportalen i 3 m\u00e5neder incl. mdtl. Workshop og Q&amp;A<\/li>\n<li>15% rabat p\u00e5 andre produkter<\/li>\n<\/ul>\n<p>&nbsp;<\/p>\n<p>Er du klar til at tage springet og eje dit liv?<\/p>\n<p>Lad os g\u00f8re det sammen!<\/p>\n<p>[\/difl_advanced_blurb][et_pb_button button_text=&#8221;Se kursus her&#8221; button_alignment=&#8221;center&#8221; _builder_version=&#8221;4.27.0&#8243; _module_preset=&#8221;default&#8221; custom_button=&#8221;on&#8221; button_bg_color=&#8221;#5B7BAA&#8221; hover_enabled=&#8221;0&#8243; global_colors_info=&#8221;{}&#8221; theme_builder_area=&#8221;post_content&#8221; button_url=&#8221;https:\/\/louisathostrup.dk\/medlems-gaa-til-kassen\/?pmpro_level=19&#8243; sticky_enabled=&#8221;0&#8243;][\/et_pb_button][\/et_pb_column][\/et_pb_row][\/et_pb_section][et_pb_section fb_built=&#8221;1&#8243; _builder_version=&#8221;4.27.0&#8243; _module_preset=&#8221;default&#8221; global_colors_info=&#8221;{}&#8221; theme_builder_area=&#8221;post_content&#8221;][et_pb_row column_structure=&#8221;1_2,1_2&#8243; _builder_version=&#8221;4.27.0&#8243; _module_preset=&#8221;default&#8221; global_colors_info=&#8221;{}&#8221; theme_builder_area=&#8221;post_content&#8221;][et_pb_column type=&#8221;1_2&#8243; _builder_version=&#8221;4.27.0&#8243; _module_preset=&#8221;default&#8221; global_colors_info=&#8221;{}&#8221; theme_builder_area=&#8221;post_content&#8221;][et_pb_image src=&#8221;https:\/\/louisathostrup.dk\/wp-content\/uploads\/2023\/08\/louisa-thostrup.jpg&#8221; alt=&#8221;Louisa Thostrup &#8211; mindset coach and business mentor&#8221; title_text=&#8221;louisa-thostrup&#8221; _builder_version=&#8221;4.27.0&#8243; _module_preset=&#8221;default&#8221; animation_style=&#8221;slide&#8221; border_radii=&#8221;on|5px|5px|5px|5px&#8221; box_shadow_style=&#8221;preset2&#8243; global_colors_info=&#8221;{}&#8221; theme_builder_area=&#8221;post_content&#8221;][\/et_pb_image][\/et_pb_column][et_pb_column type=&#8221;1_2&#8243; _builder_version=&#8221;4.27.0&#8243; _module_preset=&#8221;default&#8221; global_colors_info=&#8221;{}&#8221; theme_builder_area=&#8221;post_content&#8221;][et_pb_heading title=&#8221;Send en besked til Louisa Thostrup&#8221; _builder_version=&#8221;4.27.0&#8243; _module_preset=&#8221;default&#8221; title_font=&#8221;Volkhov||||||||&#8221; global_colors_info=&#8221;{}&#8221; theme_builder_area=&#8221;post_content&#8221;][\/et_pb_heading][et_pb_text _builder_version=&#8221;4.27.0&#8243; _module_preset=&#8221;default&#8221; global_colors_info=&#8221;{}&#8221; theme_builder_area=&#8221;post_content&#8221;]<\/p>\n<div class='fluentform ff-default fluentform_wrapper_1 ffs_default_wrap'><form data-form_id=\"1\" id=\"fluentform_1\" class=\"frm-fluent-form fluent_form_1 ff-el-form-top ff_form_instance_1_1 ff-form-loading ffs_default\" data-form_instance=\"ff_form_instance_1_1\" method=\"POST\" ><fieldset  style=\"border: none!important;margin: 0!important;padding: 0!important;background-color: transparent!important;box-shadow: none!important;outline: none!important; min-inline-size: 100%;\">\n                    <legend class=\"ff_screen_reader_title\" style=\"display: block; margin: 0!important;padding: 0!important;height: 0!important;text-indent: -999999px;width: 0!important;overflow:hidden;\">Kontakt formular til hjemmesiden<\/legend><input type=\"hidden\" name=\"ff_ct_form_load_time\" class=\"ff_ct_form_load_time\" value=\"\"><input type='hidden' name='__fluent_form_embded_post_id' value='338561' \/><input type=\"hidden\" id=\"_fluentform_1_fluentformnonce\" name=\"_fluentform_1_fluentformnonce\" value=\"14248c4a09\" \/><input type=\"hidden\" name=\"_wp_http_referer\" value=\"\/en\/wp-json\/wp\/v2\/pages\/338561\" \/><div data-type=\"name-element\" data-name=\"names\" class=\" ff-field_container ff-name-field-wrapper\" ><div class='ff-t-container'><div class='ff-t-cell '><div class='ff-el-group'><div class=\"ff-el-input--label asterisk-right\"><label for='ff_1_names_first_name_' id='label_ff_1_names_first_name_' >Fornavn<\/label><\/div><div class='ff-el-input--content'><input type=\"text\" name=\"names[first_name]\" id=\"ff_1_names_first_name_\" class=\"ff-el-form-control\" placeholder=\"Fornavn\" aria-invalid=\"false\" aria-required=false><\/div><\/div><\/div><div class='ff-t-cell '><div class='ff-el-group'><div class=\"ff-el-input--label asterisk-right\"><label for='ff_1_names_last_name_' id='label_ff_1_names_last_name_' >Efternavn<\/label><\/div><div class='ff-el-input--content'><input type=\"text\" name=\"names[last_name]\" id=\"ff_1_names_last_name_\" class=\"ff-el-form-control\" placeholder=\"Efternavn\" aria-invalid=\"false\" aria-required=false><\/div><\/div><\/div><\/div><\/div><div class='ff-el-group'><div class=\"ff-el-input--label ff-el-is-required asterisk-right\"><label for='ff_1_email' id='label_ff_1_email' aria-label=\"Email\">Email<\/label><\/div><div class='ff-el-input--content'><input type=\"email\" name=\"email\" id=\"ff_1_email\" class=\"ff-el-form-control\" placeholder=\"E-mail Adresse\" data-name=\"email\"  aria-invalid=\"false\" aria-required=true><\/div><\/div><div class='ff-el-group'><div class=\"ff-el-input--label asterisk-right\"><label for='ff_1_subject' id='label_ff_1_subject' aria-label=\"Emne\">Emne<\/label><\/div><div class='ff-el-input--content'><input type=\"text\" name=\"subject\" class=\"ff-el-form-control\" placeholder=\"Emne\" data-name=\"subject\" id=\"ff_1_subject\"  aria-invalid=\"false\" aria-required=false><\/div><\/div><div class='ff-el-group'><div class=\"ff-el-input--label ff-el-is-required asterisk-right\"><label for='ff_1_message' id='label_ff_1_message' aria-label=\"Din besked\">Din besked<\/label><\/div><div class='ff-el-input--content'><textarea aria-required=\"true\" aria-labelledby=\"label_ff_1_message\" name=\"message\" id=\"ff_1_message\" class=\"ff-el-form-control\" placeholder=\"Din besked\" rows=\"4\" cols=\"2\" data-name=\"message\" ><\/textarea><\/div><\/div><div class='ff-el-group    ff-el-input--content'><div class='ff-el-form-check ff-el-tc'><label aria-label='Jeg bekr\u00e6fter at Thostrup Consulting, m\u00e5 bruge min e-mail adresse til at kontakte mig og besvarer min henvendelse. Jeg kan p\u00e5 ethvert tidpunkt tr\u00e6kke denne bekr\u00e6ftelse tilbage.' class='ff-el-form-check-label ff_tc_label' for=gdpr-agreement_f4848e946caea09bf82566b2e92f6d6a><span class='ff_tc_checkbox'><input type=\"checkbox\" name=\"gdpr-agreement\" class=\"ff-el-form-check-input ff_gdpr_field\" data-name=\"gdpr-agreement\" id=\"gdpr-agreement_f4848e946caea09bf82566b2e92f6d6a\"  value='on' aria-invalid='false' aria-required=true><\/span> <div class='ff_t_c'>Jeg bekr\u00e6fter at Thostrup Consulting, m\u00e5 bruge min e-mail adresse til at kontakte mig og besvarer min henvendelse. Jeg kan p\u00e5 ethvert tidpunkt tr\u00e6kke denne bekr\u00e6ftelse tilbage.<\/div><\/label><\/div><\/div><div class='ff-el-group ff-text-left ff_submit_btn_wrapper'><button type=\"submit\" class=\"ff-btn ff-btn-submit ff-btn-md ff_btn_style wpf_has_custom_css\"  aria-label=\"Send besked\">Send besked<\/button><\/div><\/fieldset><\/form><div id='fluentform_1_errors' class='ff-errors-in-stack ff_form_instance_1_1 ff-form-loading_errors ff_form_instance_1_1_errors'><\/div><\/div>            <script type=\"text\/javascript\">\n                window.fluent_form_ff_form_instance_1_1 = {\"id\":\"1\",\"ajaxUrl\":\"https:\\\/\\\/louisathostrup.dk\\\/wp-admin\\\/admin-ajax.php\",\"settings\":{\"layout\":{\"labelPlacement\":\"top\",\"helpMessagePlacement\":\"with_label\",\"errorMessagePlacement\":\"inline\",\"cssClassName\":\"\",\"asteriskPlacement\":\"asterisk-right\"},\"restrictions\":{\"denyEmptySubmission\":{\"enabled\":false}}},\"form_instance\":\"ff_form_instance_1_1\",\"form_id_selector\":\"fluentform_1\",\"rules\":{\"names[first_name]\":{\"required\":{\"value\":false,\"message\":\"This field is required\",\"global\":false,\"global_message\":\"This field is required\"}},\"names[middle_name]\":{\"required\":{\"value\":false,\"message\":\"This field is required\",\"global\":false,\"global_message\":\"This field is required\"}},\"names[last_name]\":{\"required\":{\"value\":false,\"message\":\"This field is required\",\"global\":false,\"global_message\":\"This field is required\"}},\"email\":{\"required\":{\"value\":true,\"message\":\"This field is required\",\"global\":false,\"global_message\":\"This field is required\"},\"email\":{\"value\":true,\"message\":\"This field must contain a valid email\",\"global\":false,\"global_message\":\"This field must contain a valid email\"}},\"subject\":{\"required\":{\"value\":false,\"message\":\"This field is required\",\"global\":false,\"global_message\":\"This field is required\"}},\"message\":{\"required\":{\"value\":true,\"message\":\"This field is required\",\"global\":false,\"global_message\":\"This field is required\"}},\"gdpr-agreement\":{\"required\":{\"value\":true,\"message\":\"This field is required\",\"global_message\":\"This field is required\",\"global\":true}}},\"debounce_time\":300};\n                            <\/script>\n            \n<p>[\/et_pb_text][\/et_pb_column][\/et_pb_row][\/et_pb_section][et_pb_section fb_built=&#8221;1&#8243; _builder_version=&#8221;4.27.0&#8243; _module_preset=&#8221;default&#8221; global_colors_info=&#8221;{}&#8221; theme_builder_area=&#8221;post_content&#8221;][\/et_pb_section]<\/p>\n","protected":false},"excerpt":{"rendered":"<p>Tanke til succesInformation om forl\u00f8bet<div class=\"et_pb_module difl_advanced_blurb difl_advanced_blurb_0\">\n\t\t\t\t\n\t\t\t\t\n\t\t\t\t\n\t\t\t\t\n\t\t\t\t\n\t\t\t\t\n\t\t\t\t<div class=\"et_pb_module_inner\">\n\t\t\t\t\t<div class=\"df_ab_blurb_container\"> <div class=\"df_ab_blurb_content_container\"><div class=\"df_ab_blurb_image image placement_image_flex_top\"><img decoding=\"async\" class=\"df_ab_blurb_image_img\" src=\"https:\/\/louisathostrup.dk\/wp-content\/uploads\/pexels-photo-2923156-2923156.jpg\" alt=\"Tillid til processen\" \/><\/div> <h3  class=\"df_ab_blurb_title\">Tanke til succes<\/h3 > <h4  class=\"df_ab_blurb_sub_title\">3 m\u00e5neders forl\u00f8b <\/h4 >   <\/div><\/div>\n\t\t\t\t<\/div>\n\t\t\t<\/div>Tankegang til succes: Ejer du dit liv, eller ejes det [&hellip;]<\/p>\n","protected":false},"author":1,"featured_media":0,"parent":0,"menu_order":0,"comment_status":"closed","ping_status":"closed","template":"","meta":{"_et_pb_use_builder":"on","_et_pb_old_content":"","_et_gb_content_width":"","pmpro_default_level":"","inline_featured_image":false,"footnotes":""},"difl_page_category":[],"class_list":["post-338561","page","type-page","status-publish","hentry","pmpro-has-access"],"_links":{"self":[{"href":"https:\/\/louisathostrup.dk\/en\/wp-json\/wp\/v2\/pages\/338561","targetHints":{"allow":["GET"]}}],"collection":[{"href":"https:\/\/louisathostrup.dk\/en\/wp-json\/wp\/v2\/pages"}],"about":[{"href":"https:\/\/louisathostrup.dk\/en\/wp-json\/wp\/v2\/types\/page"}],"author":[{"embeddable":true,"href":"https:\/\/louisathostrup.dk\/en\/wp-json\/wp\/v2\/users\/1"}],"replies":[{"embeddable":true,"href":"https:\/\/louisathostrup.dk\/en\/wp-json\/wp\/v2\/comments?post=338561"}],"version-history":[{"count":3,"href":"https:\/\/louisathostrup.dk\/en\/wp-json\/wp\/v2\/pages\/338561\/revisions"}],"predecessor-version":[{"id":338576,"href":"https:\/\/louisathostrup.dk\/en\/wp-json\/wp\/v2\/pages\/338561\/revisions\/338576"}],"wp:attachment":[{"href":"https:\/\/louisathostrup.dk\/en\/wp-json\/wp\/v2\/media?parent=338561"}],"wp:term":[{"taxonomy":"difl_page_category","embeddable":true,"href":"https:\/\/louisathostrup.dk\/en\/wp-json\/wp\/v2\/difl_page_category?post=338561"}],"curies":[{"name":"wp","href":"https:\/\/api.w.org\/{rel}","templated":true}]}}