{"id":338765,"date":"2025-02-03T10:49:58","date_gmt":"2025-02-03T09:49:58","guid":{"rendered":"https:\/\/louisathostrup.dk\/?page_id=338765"},"modified":"2025-02-03T15:05:12","modified_gmt":"2025-02-03T14:05:12","slug":"worksheet-overvind-imposter-syndrom","status":"publish","type":"page","link":"https:\/\/louisathostrup.dk\/en\/worksheet-overvind-imposter-syndrom\/","title":{"rendered":"Worksheet &#8211; Overvind Imposter Syndrom"},"content":{"rendered":"<p>[et_pb_section fb_built=&#8221;1&#8243; _builder_version=&#8221;4.27.0&#8243; _module_preset=&#8221;default&#8221; background_color=&#8221;#778da9&#8243; global_colors_info=&#8221;{%22gcid-2a5cf3c2-a2f1-42cb-a254-482c75dc6e9f%22:%91%22background_color%22%93}&#8221;][et_pb_row column_structure=&#8221;1_2,1_2&#8243; _builder_version=&#8221;4.20.0&#8243; _module_preset=&#8221;default&#8221; global_colors_info=&#8221;{}&#8221;][et_pb_column type=&#8221;1_2&#8243; _builder_version=&#8221;4.20.0&#8243; _module_preset=&#8221;default&#8221; global_colors_info=&#8221;{}&#8221;][et_pb_image src=&#8221;https:\/\/louisathostrup.dk\/wp-content\/uploads\/Tilmeld-dig-blogindlaeg.png&#8221; alt=&#8221;Landingpage imposter&#8221; title_text=&#8221;Tilmeld dig blogindl\u00e6g&#8221; align=&#8221;center&#8221; _builder_version=&#8221;4.27.4&#8243; _module_preset=&#8221;default&#8221; global_colors_info=&#8221;{}&#8221;][\/et_pb_image][\/et_pb_column][et_pb_column type=&#8221;1_2&#8243; _builder_version=&#8221;4.20.0&#8243; _module_preset=&#8221;default&#8221; global_colors_info=&#8221;{}&#8221;][et_pb_text _builder_version=&#8221;4.27.4&#8243; _module_preset=&#8221;default&#8221; header_font=&#8221;DM Serif Display||||||||&#8221; header_font_size=&#8221;50px&#8221; custom_margin=&#8221;75px||||false|false&#8221; link_option_url=&#8221;https:\/\/drive.google.com\/file\/d\/1OIouBQ3cZ8Y06CwFcRetSKmCrjFicBIE\/view?usp=sharing&#8221; header_font_size_tablet=&#8221;40px&#8221; header_font_size_phone=&#8221;30px&#8221; header_font_size_last_edited=&#8221;on|phone&#8221; locked=&#8221;off&#8221; global_colors_info=&#8221;{}&#8221;]<\/p>\n<h1 class=\"_04xlpA direction-ltr align-start para-style-body\">S\u00e5dan overvinder du imposteren<\/h1>\n<p>[\/et_pb_text][et_pb_text _builder_version=&#8221;4.27.4&#8243; _module_preset=&#8221;default&#8221; text_text_color=&#8221;#FAF3EC&#8221; custom_margin=&#8221;-9px||||false|false&#8221; locked=&#8221;off&#8221; global_colors_info=&#8221;{}&#8221;]<\/p>\n<p>Imposter syndrom er ikke en endestation; det er en udfordring, der kan overvindes med den rette tilgang og vedholdenhed. Ved at anerkende dine f\u00f8lelser, tage sm\u00e5 skridt mod selvaccept og skabe sunde tankem\u00f8nstre kan du omdanne selv tvivlens m\u00f8rkeste \u00f8jeblikke til lyse \u00f8jeblikke af personlig v\u00e6kst.<\/p>\n<p>Husk, at din v\u00e6rdi ikke m\u00e5les i perfekte pr\u00e6stationer eller andres meninger. Den findes i din unikke rejse, din indsats og dit mod til at tage del i verden, pr\u00e6cis som du er. Giv dig selv plads til at fejre dine sejre \u2013 store som sm\u00e5 \u2013 og lad din rejse mod selvaccept v\u00e6re en p\u00e5mindelse om, at du fortjener din plads, ikke p\u00e5 trods af, men p\u00e5 grund af alt, hvad du er.<\/p>\n<p>&nbsp;<\/p>\n<p>Er du klar til at tage kontrol over din imposter?<\/p>\n<p>[\/et_pb_text][\/et_pb_column][\/et_pb_row][\/et_pb_section][et_pb_section fb_built=&#8221;1&#8243; admin_label=&#8221;05 Advanced List&#8221; _builder_version=&#8221;4.27.0&#8243; _module_preset=&#8221;default&#8221; background_color=&#8221;#faf3ec&#8221; locked=&#8221;off&#8221; collapsed=&#8221;on&#8221; global_colors_info=&#8221;{}&#8221;][et_pb_row column_structure=&#8221;1_2,1_2&#8243; custom_padding_last_edited=&#8221;on|tablet&#8221; _builder_version=&#8221;4.19.0&#8243; _module_preset=&#8221;default&#8221; background_color=&#8221;#fcfcfd&#8221; width_tablet=&#8221;&#8221; width_phone=&#8221;90%&#8221; width_last_edited=&#8221;on|phone&#8221; max_width=&#8221;1335px&#8221; module_alignment=&#8221;center&#8221; custom_padding=&#8221;50px|50px|50px|50px|true|true&#8221; custom_padding_tablet=&#8221;30px|30px|30px|30px|true|true&#8221; custom_padding_phone=&#8221;15px|15px|15px|15px|true|true&#8221; border_radii=&#8221;on|32px|32px|32px|32px&#8221; border_radii_tablet=&#8221;on|24px|24px|24px|24px&#8221; border_radii_phone=&#8221;on|16px|16px|16px|16px&#8221; border_radii_last_edited=&#8221;on|tablet&#8221; box_shadow_style=&#8221;preset1&#8243; box_shadow_vertical=&#8221;30px&#8221; box_shadow_blur=&#8221;60px&#8221; box_shadow_color=&#8221;rgba(27,10,83,0.1)&#8221; global_colors_info=&#8221;{}&#8221;][et_pb_column type=&#8221;1_2&#8243; _builder_version=&#8221;4.19.0&#8243; _module_preset=&#8221;default&#8221; global_colors_info=&#8221;{}&#8221;][et_pb_text _builder_version=&#8221;4.27.0&#8243; _module_preset=&#8221;default&#8221; header_text_color=&#8221;#415966&#8243; header_4_font=&#8221;DM Serif Display|700|||||||&#8221; header_4_text_color=&#8221;#415966&#8243; header_4_font_size=&#8221;32px&#8221; header_4_line_height=&#8221;42px&#8221; custom_margin_tablet=&#8221;||10px||false|false&#8221; custom_margin_phone=&#8221;||10px||false|false&#8221; custom_margin_last_edited=&#8221;on|tablet&#8221; header_4_font_size_tablet=&#8221;28px&#8221; header_4_font_size_phone=&#8221;24px&#8221; header_4_font_size_last_edited=&#8221;on|tablet&#8221; header_4_line_height_tablet=&#8221;38px&#8221; header_4_line_height_phone=&#8221;32px&#8221; header_4_line_height_last_edited=&#8221;on|tablet&#8221; global_colors_info=&#8221;{}&#8221;]<\/p>\n<h4>Du dr\u00f8mmer om&#8230;<\/h4>\n<p>[\/et_pb_text][difl_iconlist list_item_gap=&#8221;30px&#8221; list_item_horizontal_alignment=&#8221;flex-start&#8221; list_item_equal_width=&#8221;on&#8221; list_item_content_max_width=&#8221;100%&#8221; list_item_icon_color=&#8221;#07c084&#8243; list_item_icon_size=&#8221;24px&#8221; list_item_icon_text_gap=&#8221;16px&#8221; list_item_icon_vertical_placement=&#8221;center&#8221; list_item_icon_padding=&#8221;6px||||false|false&#8221; list_item_content_padding=&#8221;0px|0px|0px|0px|true|true&#8221; list_item_wrapper_padding=&#8221;0px|0px|0px|0px|true|true&#8221; list_item_gap_tablet=&#8221;20px&#8221; list_item_gap_phone=&#8221;15px&#8221; list_item_gap_last_edited=&#8221;on|tablet&#8221; list_item_icon_size_tablet=&#8221;24px&#8221; list_item_icon_size_phone=&#8221;20px&#8221; list_item_icon_size_last_edited=&#8221;on|phone&#8221; list_item_icon_text_gap_tablet=&#8221;16px&#8221; list_item_icon_text_gap_phone=&#8221;13px&#8221; list_item_icon_text_gap_last_edited=&#8221;on|phone&#8221; _builder_version=&#8221;4.27.4&#8243; _module_preset=&#8221;default&#8221; child_content_text_font=&#8221;DM Sans||||||||&#8221; child_content_text_text_color=&#8221;#777e90&#8243; child_content_text_font_size=&#8221;18px&#8221; child_content_text_line_height=&#8221;30px&#8221; child_content_text_font_size_tablet=&#8221;16px&#8221; child_content_text_font_size_phone=&#8221;15px&#8221; child_content_text_font_size_last_edited=&#8221;on|tablet&#8221; child_content_text_line_height_tablet=&#8221;28px&#8221; child_content_text_line_height_phone=&#8221;26px&#8221; child_content_text_line_height_last_edited=&#8221;on|tablet&#8221; custom_css_main_element=&#8221;font-weight: 400;&#8221; global_colors_info=&#8221;{}&#8221;][difl_iconlistitem list_item_title=&#8221;Mere selvtillid og indre ro&#8221; admin_label=&#8221;List item&#8221; _builder_version=&#8221;4.27.4&#8243; _module_preset=&#8221;default&#8221; global_colors_info=&#8221;{}&#8221;][\/difl_iconlistitem][difl_iconlistitem list_item_title=&#8221;At f\u00e5 ejerskab over din succes&#8221; admin_label=&#8221;List item&#8221; _builder_version=&#8221;4.27.4&#8243; _module_preset=&#8221;default&#8221; global_colors_info=&#8221;{}&#8221;][\/difl_iconlistitem][difl_iconlistitem list_item_title=&#8221;at opleve frihed til at handle uden selv-sabotage&#8221; admin_label=&#8221;List item&#8221; _builder_version=&#8221;4.27.4&#8243; _module_preset=&#8221;default&#8221; global_colors_info=&#8221;{}&#8221;][\/difl_iconlistitem][\/difl_iconlist][\/et_pb_column][et_pb_column type=&#8221;1_2&#8243; _builder_version=&#8221;4.19.0&#8243; _module_preset=&#8221;default&#8221; global_colors_info=&#8221;{}&#8221;][et_pb_text _builder_version=&#8221;4.27.0&#8243; _module_preset=&#8221;default&#8221; header_4_font=&#8221;DM Serif Display|700|||||||&#8221; header_4_text_color=&#8221;#415966&#8243; header_4_font_size=&#8221;32px&#8221; header_4_line_height=&#8221;42px&#8221; custom_margin_tablet=&#8221;||10px||false|false&#8221; custom_margin_phone=&#8221;||10px||false|false&#8221; custom_margin_last_edited=&#8221;on|tablet&#8221; header_4_font_size_tablet=&#8221;28px&#8221; header_4_font_size_phone=&#8221;24px&#8221; header_4_font_size_last_edited=&#8221;on|tablet&#8221; header_4_line_height_tablet=&#8221;38px&#8221; header_4_line_height_phone=&#8221;32px&#8221; header_4_line_height_last_edited=&#8221;on|tablet&#8221; locked=&#8221;off&#8221; global_colors_info=&#8221;{}&#8221;]<\/p>\n<h4>Du oplever at&#8230;<\/h4>\n<p>[\/et_pb_text][difl_iconlist list_item_gap=&#8221;30px&#8221; list_item_horizontal_alignment=&#8221;flex-start&#8221; list_item_equal_width=&#8221;on&#8221; list_item_content_max_width=&#8221;100%&#8221; list_item_icon_color=&#8221;#ff6262&#8243; list_item_icon_size=&#8221;24px&#8221; list_item_icon_text_gap=&#8221;16px&#8221; list_item_icon_vertical_placement=&#8221;center&#8221; list_item_icon_padding=&#8221;6px||||false|false&#8221; list_item_content_padding=&#8221;0px|0px|0px|0px|true|true&#8221; list_item_wrapper_padding=&#8221;0px|0px|0px|0px|true|true&#8221; list_item_gap_tablet=&#8221;20px&#8221; list_item_gap_phone=&#8221;15px&#8221; list_item_gap_last_edited=&#8221;on|tablet&#8221; list_item_icon_size_tablet=&#8221;24px&#8221; list_item_icon_size_phone=&#8221;20px&#8221; list_item_icon_size_last_edited=&#8221;on|phone&#8221; list_item_icon_text_gap_tablet=&#8221;16px&#8221; list_item_icon_text_gap_phone=&#8221;13px&#8221; list_item_icon_text_gap_last_edited=&#8221;on|phone&#8221; _builder_version=&#8221;4.27.4&#8243; _module_preset=&#8221;default&#8221; child_content_text_font=&#8221;DM Sans||||||||&#8221; child_content_text_text_color=&#8221;#777e90&#8243; child_content_text_font_size=&#8221;18px&#8221; child_content_text_line_height=&#8221;30px&#8221; child_content_text_font_size_tablet=&#8221;16px&#8221; child_content_text_font_size_phone=&#8221;15px&#8221; child_content_text_font_size_last_edited=&#8221;on|tablet&#8221; child_content_text_line_height_tablet=&#8221;28px&#8221; child_content_text_line_height_phone=&#8221;26px&#8221; child_content_text_line_height_last_edited=&#8221;on|tablet&#8221; custom_css_main_element=&#8221;font-weight: 400;&#8221; locked=&#8221;off&#8221; global_colors_info=&#8221;{}&#8221;][difl_iconlistitem list_item_title=&#8221;Tvivle p\u00e5 dig selv&#8221; admin_label=&#8221;List item&#8221; _builder_version=&#8221;4.27.4&#8243; _module_preset=&#8221;default&#8221; global_colors_info=&#8221;{}&#8221;][\/difl_iconlistitem][difl_iconlistitem list_item_title=&#8221;Perfektionisten fylder, og du frygter at fejle&#8221; admin_label=&#8221;List item&#8221; _builder_version=&#8221;4.27.4&#8243; _module_preset=&#8221;default&#8221; global_colors_info=&#8221;{}&#8221;][\/difl_iconlistitem][difl_iconlistitem list_item_title=&#8221;Have sv\u00e6rt ved at tage imod anerkendelse&#8221; admin_label=&#8221;List item&#8221; _builder_version=&#8221;4.27.4&#8243; _module_preset=&#8221;default&#8221; global_colors_info=&#8221;{}&#8221;][\/difl_iconlistitem][\/difl_iconlist][\/et_pb_column][\/et_pb_row][\/et_pb_section][et_pb_section fb_built=&#8221;1&#8243; _builder_version=&#8221;4.27.4&#8243; _module_preset=&#8221;default&#8221; global_colors_info=&#8221;{}&#8221;][et_pb_row _builder_version=&#8221;4.27.4&#8243; _module_preset=&#8221;default&#8221; global_colors_info=&#8221;{}&#8221;][et_pb_column type=&#8221;4_4&#8243; _builder_version=&#8221;4.27.4&#8243; _module_preset=&#8221;default&#8221; global_colors_info=&#8221;{}&#8221;][et_pb_text _builder_version=&#8221;4.27.4&#8243; _module_preset=&#8221;default&#8221; global_colors_info=&#8221;{}&#8221;]<\/p>\n<div class=\"dashboard_icons_container\">\n<div class=\"et_bloom_shortcode_message\">\n<div class=\"et_disabled_textarea\">\n<div class=\"dashboard_icons_container\">\n<div class=\"et_bloom_shortcode_message\">\n<div class=\"et_disabled_textarea\"><div class=\"et_bloom_inline_form et_bloom_optin et_bloom_make_form_visible et_bloom_optin_6\" style=\"display: none;\">\n\t\t\t\t<style type=\"text\/css\">.et_bloom .et_bloom_optin_6 .et_bloom_form_container .et_bloom_form_header { background-color: #ffffff !important; } .et_bloom .et_bloom_optin_6 .et_bloom_form_content button { background-color: #5b7baa !important; } .et_bloom .et_bloom_optin_6 .et_bloom_form_content .et_bloom_fields i { color: #5b7baa !important; } .et_bloom .et_bloom_optin_6 .et_bloom_form_content .et_bloom_custom_field_radio i:before { background: #5b7baa !important; } .et_bloom .et_bloom_optin_6 .et_bloom_form_content button { background-color: #5b7baa !important; } .et_bloom .et_bloom_optin_6 .et_bloom_form_container h2, .et_bloom .et_bloom_optin_6 .et_bloom_form_container h2 span, .et_bloom .et_bloom_optin_6 .et_bloom_form_container h2 strong { font-family: \"Open Sans\", Helvetica, Arial, Lucida, sans-serif; }.et_bloom .et_bloom_optin_6 .et_bloom_form_container p, .et_bloom .et_bloom_optin_6 .et_bloom_form_container p span, .et_bloom .et_bloom_optin_6 .et_bloom_form_container p strong, .et_bloom .et_bloom_optin_6 .et_bloom_form_container form input, .et_bloom .et_bloom_optin_6 .et_bloom_form_container form button span { font-family: \"Open Sans\", Helvetica, Arial, Lucida, sans-serif; } <\/style>\n\t\t\t\t<div class=\"et_bloom_form_container  et_bloom_rounded et_bloom_form_text_dark et_bloom_form_bottom et_bloom_inline_2_fields\">\n\t\t\t\t\t\n\t\t\t<div class=\"et_bloom_form_container_wrapper clearfix\">\n\t\t\t\t<div class=\"et_bloom_header_outer\">\n\t\t\t\t\t<div class=\"et_bloom_form_header et_bloom_header_text_dark\">\n\t\t\t\t\t\t<img loading=\"lazy\" decoding=\"async\" width=\"610\" height=\"610\" src=\"https:\/\/louisathostrup.dk\/wp-content\/uploads\/Tilmeld-dig-blogindlaeg-610x610.png\" class=\" et_bloom_image_slideup et_bloom_image\" alt=\"Landingpage imposter\" \/>\n\t\t\t\t\t\t<div class=\"et_bloom_form_text\">\n\t\t\t\t\t\t<h2 style=\"text-align: center;\">Overvind Imposter syndromet<\/h2><p class=\"p1\" style=\"margin: 0px; font-variant-numeric: normal; font-variant-east-asian: normal; font-variant-alternates: normal; font-size-adjust: none; font-kerning: auto; font-optical-sizing: auto; font-feature-settings: normal; font-variation-settings: normal; font-variant-position: normal; font-variant-emoji: normal; font-stretch: normal; font-size: 13px; line-height: normal; font-family: 'Helvetica Neue'; text-align: center;\">\u00a0<\/p>\r\n<p class=\"p1\" style=\"margin: 0px; font-variant-numeric: normal; font-variant-east-asian: normal; font-variant-alternates: normal; font-size-adjust: none; font-kerning: auto; font-optical-sizing: auto; font-feature-settings: normal; font-variation-settings: normal; font-variant-position: normal; font-variant-emoji: normal; font-stretch: normal; font-size: 13px; line-height: normal; font-family: 'Helvetica Neue'; text-align: center;\">Jeg giver hermed samtykke til, at Thostrup Consulting m\u00e5 sende mig e-mails med nyheder, tilbud og markedsf\u00f8ringsmateriale, der er relevant for personlig udvikling<\/p>\r\n<p class=\"p1\" style=\"margin: 0px; font-variant-numeric: normal; font-variant-east-asian: normal; font-variant-alternates: normal; font-size-adjust: none; font-kerning: auto; font-optical-sizing: auto; font-feature-settings: normal; font-variation-settings: normal; font-variant-position: normal; font-variant-emoji: normal; font-stretch: normal; font-size: 13px; line-height: normal; font-family: 'Helvetica Neue'; text-align: center;\">Jeg forst\u00e5r, at mine oplysninger vil blive behandlet i overensstemmelse med Thostrup Consulting's\u00a0<a href=\"..\/privatlivs-politik\/\"><span class=\"s1\" style=\"color: #dca10d;\">privatlivspolitik<\/span><\/a>, som jeg har haft mulighed for at l\u00e6se og forst\u00e5.\u00a0<\/p>\r\n<p class=\"p1\" style=\"margin: 0px; font-variant-numeric: normal; font-variant-east-asian: normal; font-variant-alternates: normal; font-size-adjust: none; font-kerning: auto; font-optical-sizing: auto; font-feature-settings: normal; font-variation-settings: normal; font-variant-position: normal; font-variant-emoji: normal; font-stretch: normal; font-size: 13px; line-height: normal; font-family: 'Helvetica Neue'; text-align: center;\">\u00a0<\/p>\r\n<p class=\"p1\" style=\"margin: 0px; font-variant-numeric: normal; font-variant-east-asian: normal; font-variant-alternates: normal; font-size-adjust: none; font-kerning: auto; font-optical-sizing: auto; font-feature-settings: normal; font-variation-settings: normal; font-variant-position: normal; font-variant-emoji: normal; font-stretch: normal; font-size: 13px; line-height: normal; font-family: 'Helvetica Neue'; text-align: center;\">Jeg er informeret om, at jeg til enhver tid kan tr\u00e6kke mit samtykke tilbage og afmelde mig nyhedsbrevet.\u00a0<\/p>\n\t\t\t\t\t<\/div>\n\t\t\t\t\t\t\n\t\t\t\t\t<\/div>\n\t\t\t\t<\/div>\n\t\t\t\t<div class=\"et_bloom_form_content et_bloom_2_fields et_bloom_bottom_inline\">\n\t\t\t\t\t\n\t\t\t\t\t\n\t\t\t\t\t<form method=\"post\" class=\"clearfix\">\n\t\t\t\t\t\t<div class=\"et_bloom_fields\">\n\t\t\t\t\t\t\t<p class=\"et_bloom_popup_input et_bloom_subscribe_name\">\n\t\t\t\t\t\t\t\t<input placeholder=\"Navn\" maxlength=\"50\">\n\t\t\t\t\t\t\t<\/p>\n\t\t\t\t\t\t\t<p class=\"et_bloom_popup_input et_bloom_subscribe_email\">\n\t\t\t\t\t\t\t\t<input placeholder=\"E-mail\">\n\t\t\t\t\t\t\t<\/p>\n\t\t\t\t\t\t\t\n\t\t\t\t\t\t\t<button data-optin_id=\"optin_6\" data-service=\"fluentcrm\" data-list_id=\"list_16\" data-page_id=\"338765\" data-account=\"Arbejdsark Overvind imposteren\" data-ip_address=\"true\" class=\"et_bloom_submit_subscription\">\n\t\t\t\t\t\t\t\t<span class=\"et_bloom_subscribe_loader\"><\/span>\n\t\t\t\t\t\t\t\t<span class=\"et_bloom_button_text et_bloom_button_text_color_light\">Ja tak - jeg \u00f8nsker arbejdsarket<\/span>\n\t\t\t\t\t\t\t<\/button>\n\t\t\t\t\t\t<\/div>\n\t\t\t\t\t<\/form>\n\t\t\t\t\t<div class=\"et_bloom_success_container\">\n\t\t\t\t\t\t<span class=\"et_bloom_success_checkmark\"><\/span>\n\t\t\t\t\t<\/div>\n\t\t\t\t\t<h2 class=\"et_bloom_success_message\">Tillykke - du har nu downloadet arbejdsarket!\r\nHold \u00f8je med din indbakke - tjek evt spam eller u\u00f8nsket mail. <\/h2>\n\t\t\t\t\t\n\t\t\t\t<\/div>\n\t\t\t<\/div>\n\t\t\t<span class=\"et_bloom_close_button\"><\/span>\n\t\t\t\t<\/div>\n\t\t\t<\/div><\/div>\n<\/div>\n<\/div>\n<div class=\"et_dashboard_modal_footer\"><\/div>\n<\/div>\n<\/div>\n<\/div>\n<div class=\"et_dashboard_modal_footer\"><\/div>\n<p>[\/et_pb_text][\/et_pb_column][\/et_pb_row][\/et_pb_section][et_pb_section fb_built=&#8221;1&#8243; admin_label=&#8221;CTA Style V4 Section 1&#8243; module_class=&#8221;dp_cta_style4&#8243; _builder_version=&#8221;4.16&#8243; _module_preset=&#8221;default&#8221; background_color=&#8221;#f5f5f5&#8243; global_colors_info=&#8221;{}&#8221;][et_pb_row column_structure=&#8221;2_5,3_5&#8243; use_custom_gutter=&#8221;on&#8221; gutter_width=&#8221;1&#8243; make_equal=&#8221;on&#8221; admin_label=&#8221;CTA Style V4 Section 1 Row 1&#8243; _builder_version=&#8221;4.19.1&#8243; _module_preset=&#8221;default&#8221; max_width=&#8221;1200px&#8221; custom_margin=&#8221;25px||25px||true|false&#8221; custom_margin_tablet=&#8221;0px||0px||true|false&#8221; custom_margin_phone=&#8221;&#8221; custom_margin_last_edited=&#8221;on|tablet&#8221; custom_padding=&#8221;0px||0px||false|false&#8221; custom_css_main_element=&#8221;box-shadow: 0 9px 35px 0 rgb(0 0 0 \/ 7%);&#8221; global_colors_info=&#8221;{}&#8221;][et_pb_column type=&#8221;2_5&#8243; _builder_version=&#8221;4.16&#8243; _module_preset=&#8221;default&#8221; global_colors_info=&#8221;{}&#8221;][et_pb_image src=&#8221;https:\/\/louisathostrup.dk\/wp-content\/uploads\/goernogetandet1.png&#8221; alt=&#8221;Book samtale&#8221; title_text=&#8221;g\u00f8rnogetandet1&#8243; force_fullwidth=&#8221;on&#8221; _builder_version=&#8221;4.27.4&#8243; _module_preset=&#8221;default&#8221; custom_css_main_element=&#8221;height:100%;&#8221; global_colors_info=&#8221;{}&#8221;][\/et_pb_image][\/et_pb_column][et_pb_column type=&#8221;3_5&#8243; _builder_version=&#8221;4.16&#8243; _module_preset=&#8221;default&#8221; global_colors_info=&#8221;{}&#8221;][et_pb_cta title=&#8221;Nysgerrig p\u00e5 om Coaching er noget for dig?&#8221; button_url=&#8221;https:\/\/louisathostrup.dk\/?fluent-booking=calendar&#038;host=monnieh&#038;event=45min-1&#8243; url_new_window=&#8221;on&#8221; button_text=&#8221;Book en uforpligtende samtale her&#8221; _builder_version=&#8221;4.27.4&#8243; _module_preset=&#8221;default&#8221; header_font=&#8221;Poppins|600|||||||&#8221; header_text_color=&#8221;#124E82&#8243; header_font_size=&#8221;30px&#8221; header_line_height=&#8221;1.3em&#8221; body_font=&#8221;Poppins|500|||||||&#8221; body_text_color=&#8221;#124E82&#8243; body_font_size=&#8221;16px&#8221; body_line_height=&#8221;1.8em&#8221; background_color=&#8221;#FFFFFF&#8221; custom_button=&#8221;on&#8221; button_text_size=&#8221;15px&#8221; button_text_color=&#8221;#FFFFFF&#8221; button_bg_color=&#8221;#5B7BAA&#8221; button_border_width=&#8221;2px&#8221; button_border_color=&#8221;#5B7BAA&#8221; button_border_radius=&#8221;5px&#8221; button_font=&#8221;Poppins||||||||&#8221; button_icon=&#8221;&#x39;||divi||400&#8243; button_on_hover=&#8221;off&#8221; button_custom_margin=&#8221;||||false|false&#8221; button_custom_padding=&#8221;13px|35px|13px|30px|true|false&#8221; button_custom_padding_tablet=&#8221;&#8221; button_custom_padding_phone=&#8221;8px|35px|8px|30px|true|false&#8221; button_custom_padding_last_edited=&#8221;on|phone&#8221; text_orientation=&#8221;left&#8221; custom_padding=&#8221;30px|30px|30px|30px|true|true&#8221; custom_padding_tablet=&#8221;&#8221; custom_padding_phone=&#8221;&#8221; custom_padding_last_edited=&#8221;on|tablet&#8221; header_font_size_tablet=&#8221;26px&#8221; header_font_size_phone=&#8221;20px&#8221; header_font_size_last_edited=&#8221;on|phone&#8221; body_font_size_tablet=&#8221;15px&#8221; body_font_size_phone=&#8221;13px&#8221; body_font_size_last_edited=&#8221;on|phone&#8221; button_alignment_tablet=&#8221;center&#8221; button_alignment_last_edited=&#8221;off|desktop&#8221; text_orientation_tablet=&#8221;center&#8221; text_orientation_phone=&#8221;&#8221; text_orientation_last_edited=&#8221;on|tablet&#8221; custom_css_main_element=&#8221;height: 100%;&#8221; locked=&#8221;off&#8221; global_colors_info=&#8221;{}&#8221; header_3_text_align_tablet=&#8221;center&#8221; header_3_text_align_last_edited=&#8221;on|desktop&#8221; header_3_font_size_tablet=&#8221;26px&#8221; header_3_font_size_phone=&#8221;20px&#8221; header_3_font_size_last_edited=&#8221;on|phone&#8221; body_orientation_tablet=&#8221;center&#8221; body_orientation_last_edited=&#8221;on|tablet&#8221; button_bg_color__hover_enabled=&#8221;on|desktop&#8221; button_bg_color__hover=&#8221;RGBA(0,0,0,0)&#8221; button_bg_enable_color__hover=&#8221;on&#8221; custom_css_promo_description_last_edited=&#8221;off|tablet&#8221; custom_css_promo_button_last_edited=&#8221;off|tablet&#8221; button_text_color__hover_enabled=&#8221;on|hover&#8221; button_text_color__hover=&#8221;#03045e&#8221; header_3_text_align_phone=&#8221;center&#8221; body_orientation_phone=&#8221;center&#8221;]<\/p>\n<p>Er du &#8211; trods selvtillid og st\u00e6rke kompetencer &#8211; ramt af tvivl og til tider en f\u00f8lelse af ikke at v\u00e6re nok?\u00a0 Du skal vide, at du ikke er alene. Jeg har selv v\u00e6ret der og overvundet dem, og jeg kan derfor hj\u00e6lpe dig med at forst\u00e5 og bryde de m\u00f8nstre, der holder dig tilbage. Du vil komme til at st\u00e5 endnu st\u00e6rkere i dig selv, da du viludvikle et mindset, der balancerer handlekraft og indre ro, s\u00e5 du pr\u00e6sterer p\u00e5 h\u00f8jt niveau, uden at miste dig selv undervejs.<\/p>\n<p>[\/et_pb_cta][\/et_pb_column][\/et_pb_row][\/et_pb_section]<\/p>\n","protected":false},"excerpt":{"rendered":"<p>S\u00e5dan overvinder du imposterenImposter syndrom er ikke en endestation; det er en udfordring, der kan overvindes med den rette tilgang og vedholdenhed. Ved at anerkende dine f\u00f8lelser, tage sm\u00e5 skridt mod selvaccept og skabe sunde tankem\u00f8nstre kan du omdanne selv tvivlens m\u00f8rkeste \u00f8jeblikke til lyse \u00f8jeblikke af personlig v\u00e6kst. Husk, at din v\u00e6rdi ikke m\u00e5les [&hellip;]<\/p>\n","protected":false},"author":1,"featured_media":0,"parent":0,"menu_order":0,"comment_status":"closed","ping_status":"closed","template":"","meta":{"_et_pb_use_builder":"on","_et_pb_old_content":"","_et_gb_content_width":"","pmpro_default_level":"","inline_featured_image":false,"footnotes":""},"difl_page_category":[],"class_list":["post-338765","page","type-page","status-publish","hentry","pmpro-has-access"],"_links":{"self":[{"href":"https:\/\/louisathostrup.dk\/en\/wp-json\/wp\/v2\/pages\/338765","targetHints":{"allow":["GET"]}}],"collection":[{"href":"https:\/\/louisathostrup.dk\/en\/wp-json\/wp\/v2\/pages"}],"about":[{"href":"https:\/\/louisathostrup.dk\/en\/wp-json\/wp\/v2\/types\/page"}],"author":[{"embeddable":true,"href":"https:\/\/louisathostrup.dk\/en\/wp-json\/wp\/v2\/users\/1"}],"replies":[{"embeddable":true,"href":"https:\/\/louisathostrup.dk\/en\/wp-json\/wp\/v2\/comments?post=338765"}],"version-history":[{"count":14,"href":"https:\/\/louisathostrup.dk\/en\/wp-json\/wp\/v2\/pages\/338765\/revisions"}],"predecessor-version":[{"id":338788,"href":"https:\/\/louisathostrup.dk\/en\/wp-json\/wp\/v2\/pages\/338765\/revisions\/338788"}],"wp:attachment":[{"href":"https:\/\/louisathostrup.dk\/en\/wp-json\/wp\/v2\/media?parent=338765"}],"wp:term":[{"taxonomy":"difl_page_category","embeddable":true,"href":"https:\/\/louisathostrup.dk\/en\/wp-json\/wp\/v2\/difl_page_category?post=338765"}],"curies":[{"name":"wp","href":"https:\/\/api.w.org\/{rel}","templated":true}]}}