{"id":338795,"date":"2025-02-17T10:07:27","date_gmt":"2025-02-17T09:07:27","guid":{"rendered":"https:\/\/louisathostrup.dk\/?page_id=338795"},"modified":"2025-02-17T11:06:51","modified_gmt":"2025-02-17T10:06:51","slug":"handelsbetingelser","status":"publish","type":"page","link":"https:\/\/louisathostrup.dk\/en\/handelsbetingelser\/","title":{"rendered":"Terms and Conditions"},"content":{"rendered":"<p>[et_pb_section fb_built=&#8221;1&#8243; _builder_version=&#8221;4.27.4&#8243; _module_preset=&#8221;default&#8221; global_colors_info=&#8221;{}&#8221;][et_pb_row _builder_version=&#8221;4.27.4&#8243; _module_preset=&#8221;default&#8221; hover_enabled=&#8221;0&#8243; global_colors_info=&#8221;{}&#8221; sticky_enabled=&#8221;0&#8243;][et_pb_column type=&#8221;4_4&#8243; _builder_version=&#8221;4.27.4&#8243; _module_preset=&#8221;default&#8221; global_colors_info=&#8221;{}&#8221;][et_pb_text _builder_version=&#8221;4.27.4&#8243; _module_preset=&#8221;default&#8221; hover_enabled=&#8221;0&#8243; global_colors_info=&#8221;{}&#8221; sticky_enabled=&#8221;0&#8243;]<\/p>\n<h3><strong>Handelsbetingelser<\/strong><\/h3>\n<p>Velkommen til Thostrup Consulting&#8217;s handelsbetingelser. Disse betingelser g\u00e6lder for k\u00f8b af produkter og ydelser fra vores hjemmeside<\/p>\n<h4>1.<span>\u00a0<\/span><strong>Generelle oplysninger<\/strong><\/h4>\n<ul>\n<li>Firmanavn: Thostrup Consulting<\/li>\n<li>CVR-nummer: 33794193<\/li>\n<li>Adresse: <span>Ejby Alle 17 st, 2650 Hvidovre<\/span><\/li>\n<li>E-mail: <span><span \n                data-original-string='88TdYpJXzGJ0x2g6vR0Ptg==2d8ihxXcZ4emlHl5hWWArMSL3\/LgLxzaIjnveCs+AmOLos='\n                class='apbct-email-encoder'\n                title='This contact has been encoded by Anti-Spam by CleanTalk. Click to decode. To finish the decoding make sure that JavaScript is enabled in your browser.'>ko<span class=\"apbct-blur\">*****<\/span>@<span class=\"apbct-blur\">************<\/span>up.dk<\/span><\/span><\/li>\n<li>Telefonnummer: <a href=\"tel:26928916\">26 92 89 16<\/a><\/li>\n<\/ul>\n<h4>2.<span>\u00a0<\/span><strong>Priser og betaling<\/strong><\/h4>\n<p>Alle priser p\u00e5 vores hjemmeside er angivet i DKK og incl. moms, medmindre andet er angivet. Prisen p\u00e5 det tidspunkt, hvor du afgiver din ordre, er den g\u00e6ldende pris. Vi forbeholder os retten til at \u00e6ndre priserne uden varsel.<\/p>\n<p>Betaling kan ske via betalingsmetoder s\u00e5som kreditkort og bankoverf\u00f8rsel.. Bel\u00f8bet bliver trukket fra din konto, n\u00e5r k\u00f8bet er gennemf\u00f8rt.<\/p>\n<h4>3.<span>\u00a0<\/span><strong>Levering<\/strong><\/h4>\n<p>Efter k\u00f8bet af digitale produkter (f.eks. e-b\u00f8ger, onlinekurser eller medlemsskaber) vil du modtage en e-mail med instruktioner til adgang eller download inden for 24 timer. Hvis du ikke modtager din vare, bedes du kontakte os p\u00e5 <span><span \n                data-original-string='UxlXAAJ8Zd4Xcpq0AlEwpA==2d8\/GecXW50a0wSTIwRDLk9sJbTkbqeyCwB7FAjsT0JTzc='\n                class='apbct-email-encoder'\n                title='This contact has been encoded by Anti-Spam by CleanTalk. Click to decode. To finish the decoding make sure that JavaScript is enabled in your browser.'>ko<span class=\"apbct-blur\">*****<\/span>@<span class=\"apbct-blur\">************<\/span>up.dk<\/span>.<\/span><\/p>\n<h4>4.<span>\u00a0<\/span><strong>Fortrydelsesret<\/strong><\/h4>\n<p>Som udgangspunkt er k\u00f8b af digitale produkter ikke omfattet af fortrydelsesretten. Ved accept af handelsbetingelserne accepterer du samtidig, at levering af digitale produkter sker umiddelbart, og at din fortrydelsesret dermed bortfalder.<\/p>\n<p>Hvis du har problemer med din ordre eller mener, at der er sket en fejl, bedes du kontakte os p\u00e5 <span><span \n                data-original-string='TM+sAmc\/AcEb+6VblVTojA==2d8tQAYqfp9rjFxJZF2xkRo5FJ8UWGvcDHoQM+79fZD+o4='\n                class='apbct-email-encoder'\n                title='This contact has been encoded by Anti-Spam by CleanTalk. Click to decode. To finish the decoding make sure that JavaScript is enabled in your browser.'>ko<span class=\"apbct-blur\">*****<\/span>@<span class=\"apbct-blur\">************<\/span>up.dk<\/span><\/span>, s\u00e5 vi kan finde en l\u00f8sning.<\/p>\n<p>&nbsp;<\/p>\n<h4>5.<span>\u00a0<\/span><strong>Reklamationsret<\/strong><\/h4>\n<p><strong><\/strong><\/p>\n<ul>\n<li><strong>Levering af kursus<\/strong><br \/>Ved levering af kurset sikres der, at dette fungerer korrekt i henhold til den g\u00e6ldende aftalte. Det p\u00e5hviler kunden at v\u00e6re sikker p\u00e5, at der findes adgang til alt tilg\u00e6ngeligt materiale.<\/li>\n<li><strong>Ansvarsfraskrivelse for tredjeparts software og plugins<\/strong><br \/>Thostrup Consulting er ikke ansvarlig for fejl, mangler eller opdateringsproblemer, der m\u00e5tte opst\u00e5 som f\u00f8lge af anvendelsen af tredjeparts software, herunder plugins, temaer eller integrationer, som er en del af hjemmesiden. Dette inkluderer, men er ikke begr\u00e6nset til, \u00e6ndringer foretaget af tredjepartsleverand\u00f8rer, der kan p\u00e5virke funktionaliteten.<\/li>\n<li><strong>Efterf\u00f8lgende \u00e6ndringer og vedligeholdelse<\/strong><br \/>\u00c6ndringer, tilpasninger eller vedligeholdelse af kurser, der foretages efter levering, er ikke en del af kundens produkt med mindre andet fremg\u00e5r af aftalen.<\/li>\n<li><strong>Reklamationsperiode<\/strong><br \/>Eventuelle reklamationer vedr\u00f8rende kurser el.lign skal frems\u00e6ttes skriftligt inden for\u00a0 14 dage efter levering. Efter denne periode bortfalder reklamationsretten, og yderligere support eller rettelser vil blive faktureret som ekstra arbejde i henhold til g\u00e6ldende pris for produktet.<\/li>\n<li><strong>Ansvarsbegr\u00e6nsning<\/strong><br \/>Leverand\u00f8rens samlede ansvar i forbindelse med leverancen kan under ingen omst\u00e6ndigheder overstige det bel\u00f8b, der er faktureret for opgaven.<\/li>\n<\/ul>\n<h4>6.<span>\u00a0<\/span><strong>Tilbudsgivning<\/strong><\/h4>\n<p>Du er altid velkommen til at booke et m\u00f8de, hvor vi f\u00e5r en snak om dit behov for hj\u00e6lp. \u00d8nsker du at modtage tilbud p\u00e5 en ydelse, fremsendes dette til den e-mailadresse, du oplyser. Tilbuddet er g\u00e6ldende i 14 dage fra udstedelsesdatoen. Herefter bortfalder tilbuddet, og du kan anmode om et nyt. Et tilbud er bindende, n\u00e5r du har takket ja, og har modtaget en skriftlig bekr\u00e6ftelse fra Thostrup Consulting.<\/p>\n<h4>7.<span>\u00a0<\/span><strong>Betaling &amp; Fakturering<\/strong><\/h4>\n<p>Ydelser fra Thostrup Consulting faktureres s\u00e5ledes:<\/p>\n<ul>\n<li><strong>Bel\u00f8b under 6.000 kr.:<\/strong><span> Betales enten via hjemmesiden eller faktureres.<\/span><\/li>\n<li><strong>Bel\u00f8b over 6.000 kr.:<\/strong> Betales enten via hjemmesiden eller faktureres. En afdragsordning kan aftales, men alene s\u00e5fremt der er indg\u00e5et en skriftlig aftale mellem Thostrup Consulting og kunden (se nedenfor)<\/li>\n<\/ul>\n<p>Opgaver faktureres som udgangspunkt pr. p\u00e5begyndt 30 min. Transport inden for de f\u00f8rste 10 km er uden beregning. Hvis m\u00f8destedet ligger mere end 15 minutters k\u00f8rsel fra virksomhedsadressen, kan der faktureres 50 % af den normale timepris for k\u00f8retiden.<\/p>\n<p>Alle priser er i danske kroner og incl. moms, medmindre andet er angivet. Alle k\u00f8b er bindende \u2013 ogs\u00e5 ved ratebetalinger, hvor det er muligt. Der er ingen mulighed for refusion af resterende ydelser eller afsluttede k\u00f8b. Der er mulighed for ratebetaling (efter aftale), hvor der p\u00e5l\u00e6gges et rategebyr.<\/p>\n<p>Faktura udstedes med 8 dages betalingsfrist. Herefter kan der till\u00e6gges gebyr for rykkerskrivelser. Der anvendes inkassoservice ved ubetalte udest\u00e5ender, der ikke betales til tiden.<\/p>\n<p>Thostrup Consulting modtager betaling via bankoverf\u00f8rsel p\u00e5 reg.nr. 9255 og kontonr. 9032327998 hos Danske Bank eller via Stripe. Husk at skrive fakturanummer p\u00e5 din overf\u00f8rsel.<\/p>\n<h4>8.<span>\u00a0<\/span><strong>Abonnement<\/strong><\/h4>\n<p>Ved k\u00f8b af abonnement p\u00e5 ydelser fra Thostrup Consulting g\u00e6lder, at abonnementet betales forud for hver m\u00e5ned. Abonnementet l\u00f8ber fra k\u00f8bsdato og 30 dage frem. Abonnementet tr\u00e6kkes automatisk, og der fremsendes faktura \u2013 se under \u201dBetaling &amp; Fakturering\u201d.<\/p>\n<p>Abonnementet er personligt og kan ikke overdrages til en anden person. Abonnementet kan til enhver tid opsiges via din konto, n\u00e5r du er logget ind. Opsigelsen tr\u00e6der i kraft, n\u00e5r den igangv\u00e6rende m\u00e5neds abonnement er udl\u00f8bet.<\/p>\n<h4>9.<span>\u00a0<\/span><strong>Klippekort<\/strong><\/h4>\n<p>Klippekort er aktivt, indtil timerne p\u00e5 kortet er brugt, dog maksimalt 3 m\u00e5neder efter k\u00f8bsdato p\u00e5 3 klip, 6 m\u00e5neder efter k\u00f8bsdato p\u00e5 5 klip og 12 m\u00e5neder efter k\u00f8bsdato p\u00e5 12 klip. Timer, der ikke er brugt inden for den repektive periode, refunderes ikke \u2013 se under \u201dBetaling &amp; Fakturering\u201d.<\/p>\n<h4>10.<span>\u00a0<\/span><strong>Afbudspolitik<\/strong><\/h4>\n<p>Thostrup Consulting forbeholder sig retten til at aflyse et m\u00f8de i s\u00e6rlige tilf\u00e6lde. I s\u00e5danne tilf\u00e6lde tilbydes du et erstatningsm\u00f8de p\u00e5 et andet tidspunkt, som aftales indbyrdes.<\/p>\n<p>Hvis du er forhindret i at m\u00f8de op, bedes du give besked i god tid. Ved afbud inden for 24 timer fra aftalens start betales 50 % af det forventede fakturerede timeantal. Ved afbud samme dag betales fuld pris.<\/p>\n<h4>11.<span>\u00a0<\/span><strong>Levering<\/strong><\/h4>\n<p>Thostrup Consulting leverer de aftalte produkter\/ydelser i henhold til accepteret tilbud eller fremsendt samarbejdsaftale.<\/p>\n<h4>12.<span>\u00a0<\/span><strong>Generelle betingelser og ophavsret<\/strong><\/h4>\n<p>Alt indhold, produkter og beskrivelser p\u00e5<a href=\"https:\/\/louisathostrup.dk\/\"><span> www.louisathostrup.dk<\/span><\/a><span>\u00a0<\/span>tilh\u00f8rer Thostrup Consulting v\/Louisa Munk Thostrup og er underlagt lov om ophavsret. Du m\u00e5 ikke videregive, videreformidle, s\u00e6lge, kopiere, dele eller mangfoldigg\u00f8re indhold og\/eller produkter uden skriftlig tilladelse. Citater fra indhold p\u00e5 hjemmesiden, sociale medier, online pr\u00e6sentationer eller materiale m\u00e5 kun benyttes med skriftlig tilladelse og korrekt kildeangivelse som v\u00e6rende fra Thostrup Consulting.<\/p>\n<h4>13.<span>\u00a0<\/span><strong>Ansvarsfraskrivelse<\/strong><\/h4>\n<p>Thostrup Consulting kan ikke holdes ansvarlig eller erstatningspligtig for informationer p\u00e5 hjemmesiden eller i materiale, der er tilknyttet virksomheden. Thostrup Consulting p\u00e5tager sig heller ikke ansvar for manglende resultater, tab eller lignende, der m\u00e5tte opst\u00e5 direkte eller indirekte som f\u00f8lge af brug af informationer eller ydelser.<\/p>\n<p>Thostrup Consulting tager forbehold for pris\u00e6ndringer, sl\u00e5-\/tastefejl og at forretningsbetingelser kan \u00e6ndres uden forudg\u00e5ende varsel.<\/p>\n<h4>14.<span>\u00a0<\/span><strong>\u00c6ndringer i handelsbetingelser<\/strong><\/h4>\n<p>Vi forbeholder os retten til at opdatere og \u00e6ndre disse handelsbetingelser. \u00c6ndringer vil blive offentliggjort p\u00e5 vores hjemmeside, og de nye vilk\u00e5r vil v\u00e6re g\u00e6ldende fra tidspunktet for offentligg\u00f8relsen.<\/p>\n<h4>15.<span>\u00a0<\/span><strong>Lovvalg og v\u00e6rneting<\/strong><\/h4>\n<p>Disse handelsbetingelser er underlagt dansk lovgivning, og enhver tvist skal afg\u00f8res ved de danske domstole.<\/p>\n<p>[\/et_pb_text][\/et_pb_column][\/et_pb_row][\/et_pb_section]<\/p>\n","protected":false},"excerpt":{"rendered":"<p>Handelsbetingelser Velkommen til Thostrup Consulting&#8217;s handelsbetingelser. Disse betingelser g\u00e6lder for k\u00f8b af produkter og ydelser fra vores hjemmeside 1.\u00a0Generelle oplysninger Firmanavn: Thostrup Consulting CVR-nummer: 33794193 Adresse: Ejby Alle 17 st, 2650 Hvidovre E-mail: <span \n                data-original-string='6YzUjnVJeo7ItIoKBjfxNA==2d8Xk5KXEsoDQ\/7uLBEFpI1kij4RMEFPS7CAiLQUywxWPU='\n                class='apbct-email-encoder'\n                title='This contact has been encoded by Anti-Spam by CleanTalk. Click to decode. To finish the decoding make sure that JavaScript is enabled in your browser.'>ko<span class=\"apbct-blur\">*****<\/span>@<span class=\"apbct-blur\">************<\/span>up.dk<\/span> Telefonnummer: 26 92 89 16 2.\u00a0Priser og betaling Alle priser p\u00e5 vores hjemmeside er angivet i DKK og incl. moms, medmindre [&hellip;]<\/p>\n","protected":false},"author":1,"featured_media":0,"parent":0,"menu_order":0,"comment_status":"closed","ping_status":"closed","template":"","meta":{"_et_pb_use_builder":"on","_et_pb_old_content":"","_et_gb_content_width":"","pmpro_default_level":"","inline_featured_image":false,"footnotes":""},"difl_page_category":[],"class_list":["post-338795","page","type-page","status-publish","hentry","pmpro-has-access"],"_links":{"self":[{"href":"https:\/\/louisathostrup.dk\/en\/wp-json\/wp\/v2\/pages\/338795","targetHints":{"allow":["GET"]}}],"collection":[{"href":"https:\/\/louisathostrup.dk\/en\/wp-json\/wp\/v2\/pages"}],"about":[{"href":"https:\/\/louisathostrup.dk\/en\/wp-json\/wp\/v2\/types\/page"}],"author":[{"embeddable":true,"href":"https:\/\/louisathostrup.dk\/en\/wp-json\/wp\/v2\/users\/1"}],"replies":[{"embeddable":true,"href":"https:\/\/louisathostrup.dk\/en\/wp-json\/wp\/v2\/comments?post=338795"}],"version-history":[{"count":6,"href":"https:\/\/louisathostrup.dk\/en\/wp-json\/wp\/v2\/pages\/338795\/revisions"}],"predecessor-version":[{"id":338814,"href":"https:\/\/louisathostrup.dk\/en\/wp-json\/wp\/v2\/pages\/338795\/revisions\/338814"}],"wp:attachment":[{"href":"https:\/\/louisathostrup.dk\/en\/wp-json\/wp\/v2\/media?parent=338795"}],"wp:term":[{"taxonomy":"difl_page_category","embeddable":true,"href":"https:\/\/louisathostrup.dk\/en\/wp-json\/wp\/v2\/difl_page_category?post=338795"}],"curies":[{"name":"wp","href":"https:\/\/api.w.org\/{rel}","templated":true}]}}