{"id":987525570,"date":"2025-10-15T20:35:22","date_gmt":"2025-10-15T18:35:22","guid":{"rendered":"https:\/\/louisathostrup.dk\/?page_id=987525570"},"modified":"2026-03-05T16:08:18","modified_gmt":"2026-03-05T15:08:18","slug":"foredrag","status":"publish","type":"page","link":"https:\/\/louisathostrup.dk\/en\/foredrag\/","title":{"rendered":"Talks"},"content":{"rendered":"<p>[et_pb_section fb_built=&#8221;1&#8243; admin_label=&#8221;Header&#8221; _builder_version=&#8221;4.27.4&#8243; _module_preset=&#8221;default&#8221; use_background_color_gradient=&#8221;on&#8221; background_color_gradient_stops=&#8221;rgba(44,42,39,0.6) 0%|rgba(44,42,39,0.6) 100%&#8221; background_color_gradient_overlays_image=&#8221;on&#8221; background_image=&#8221;https:\/\/louisathostrup.dk\/wp-content\/uploads\/L1054239.jpg&#8221; parallax=&#8221;on&#8221; min_height=&#8221;100vh&#8221; custom_padding=&#8221;18vw||12vw||false|false&#8221; locked=&#8221;off&#8221; collapsed=&#8221;on&#8221; global_colors_info=&#8221;{}&#8221;][et_pb_row column_structure=&#8221;2_3,1_3&#8243; _builder_version=&#8221;4.27.5&#8243; _module_preset=&#8221;default&#8221; max_width=&#8221;none&#8221; global_colors_info=&#8221;{}&#8221;][et_pb_column type=&#8221;2_3&#8243; _builder_version=&#8221;4.23.2&#8243; _module_preset=&#8221;default&#8221; global_colors_info=&#8221;{}&#8221;][et_pb_divider show_divider=&#8221;off&#8221; _builder_version=&#8221;4.23.2&#8243; _module_preset=&#8221;default&#8221; width=&#8221;30px&#8221; height=&#8221;30px&#8221; custom_margin=&#8221;||30px||false|false&#8221; border_color_all=&#8221;#9ea38f&#8221; border_width_top=&#8221;1px&#8221; border_width_left=&#8221;1px&#8221; locked=&#8221;off&#8221; global_colors_info=&#8221;{}&#8221;][\/et_pb_divider][et_pb_text _builder_version=&#8221;4.27.4&#8243; _module_preset=&#8221;8944efd9-276a-4c19-a3a4-4dec35cfd306&#8243; header_4_font=&#8221;Poppins|700||on|||||&#8221; header_4_text_color=&#8221;#FFFFFF&#8221; global_colors_info=&#8221;{}&#8221;][\/et_pb_text][et_pb_text _builder_version=&#8221;4.27.5&#8243; _module_preset=&#8221;1f34ef13-9da5-41d9-8061-c6ea8e8cccf1&#8243; text_text_color=&#8221;#FFFFFF&#8221; header_font=&#8221;||||||||&#8221; header_text_color=&#8221;#FFFFFF&#8221; header_2_font=&#8221;Volkhov||||||||&#8221; header_2_text_color=&#8221;#FFFFFF&#8221; header_2_font_size=&#8221;38px&#8221; header_3_text_color=&#8221;#FFFFFF&#8221; custom_margin=&#8221;||10px||false|false&#8221; global_colors_info=&#8221;{}&#8221;]<\/p>\n<h2><span>&#8220;T\u00f8r du?&#8221;<\/span><\/h2>\n<p>&nbsp;<\/p>\n<h3 data-start=\"385\" data-end=\"477\"><strong data-start=\"385\" data-end=\"477\">Et foredrag om modet til at st\u00e5 st\u00e6rkt i dig selv \u2013 ogs\u00e5 n\u00e5r det stormer.\u201d<\/strong><\/h3>\n<p><strong data-start=\"385\" data-end=\"477\"><\/strong><\/p>\n<p><strong data-start=\"385\" data-end=\"477\"><\/strong><\/p>\n<p><strong data-start=\"385\" data-end=\"477\"><\/strong><\/p>\n<p><strong data-start=\"385\" data-end=\"477\"><\/strong><\/p>\n<h3>Tid og sted tilg\u00e5r!!<\/h3>\n<h3>F\u00f8lg med!!<\/h3>\n<p>&nbsp;<\/p>\n<p>[\/et_pb_text][\/et_pb_column][et_pb_column type=&#8221;1_3&#8243; _builder_version=&#8221;4.23.2&#8243; _module_preset=&#8221;default&#8221; global_colors_info=&#8221;{}&#8221;][\/et_pb_column][\/et_pb_row][\/et_pb_section][et_pb_section fb_built=&#8221;1&#8243; admin_label=&#8221;Footer&#8221; _builder_version=&#8221;4.23.2&#8243; _module_preset=&#8221;default&#8221; background_color=&#8221;gcid-fc7afca1-7302-4e55-829d-3d445387c282&#8243; saved_tabs=&#8221;all&#8221; collapsed=&#8221;on&#8221; global_colors_info=&#8221;{%22gcid-fc7afca1-7302-4e55-829d-3d445387c282%22:%91%22background_color%22%93}&#8221;][et_pb_row _builder_version=&#8221;4.23.2&#8243; _module_preset=&#8221;default&#8221; global_colors_info=&#8221;{}&#8221;][et_pb_column type=&#8221;4_4&#8243; _builder_version=&#8221;4.23.2&#8243; _module_preset=&#8221;default&#8221; global_colors_info=&#8221;{}&#8221;][et_pb_text _builder_version=&#8221;4.27.4&#8243; _module_preset=&#8221;default&#8221; header_font=&#8221;Volkhov||||||||&#8221; header_3_font=&#8221;Volkhov||||||||&#8221; header_3_text_align=&#8221;center&#8221; header_3_text_color=&#8221;#5b7baa&#8221; header_3_font_size=&#8221;37px&#8221; animation_style=&#8221;slide&#8221; global_colors_info=&#8221;{}&#8221;]<\/p>\n<h1 style=\"text-align: center;\">Information om foredraget!<\/h1>\n<p>[\/et_pb_text][\/et_pb_column][\/et_pb_row][et_pb_row _builder_version=&#8221;4.23.2&#8243; _module_preset=&#8221;default&#8221; global_colors_info=&#8221;{}&#8221;][et_pb_column type=&#8221;4_4&#8243; _builder_version=&#8221;4.23.2&#8243; _module_preset=&#8221;default&#8221; global_colors_info=&#8221;{}&#8221;][difl_advanced_blurb title=&#8221;%22T\u00f8r du?%22&#8243; sub_title=&#8221;Om at turde v\u00e6re dig \u2013 uden filter, facade eller forventninger.&#8221; image=&#8221;https:\/\/louisathostrup.dk\/wp-content\/uploads\/L1054232.jpg&#8221; wrapper_margin=&#8221;||||false|false&#8221; blurb_img_margin=&#8221;||||false|false&#8221; title_padding=&#8221;10px||||false|false&#8221; _builder_version=&#8221;4.27.4&#8243; _module_preset=&#8221;default&#8221; title_text_align=&#8221;center&#8221; sub_title_text_align=&#8221;center&#8221; content_body_text_align=&#8221;center&#8221; content_body_font_size=&#8221;16px&#8221; box_shadow_style_image_shadow=&#8221;preset3&#8243; global_colors_info=&#8221;{}&#8221;]<\/p>\n<p><span style=\"font-weight: 400;\">Hvordan er det at v\u00e6re ene kvinde i en mandedomineret verden \u2013 og stadig st\u00e5 st\u00e6rkt i sig selv?<\/span><\/p>\n<p><span style=\"font-weight: 400;\"><\/span><\/p>\n<p><span style=\"font-weight: 400;\">I foredraget <\/span><b>&#8220;T\u00f8r du?&#8221;<\/b><span style=\"font-weight: 400;\"> tager jeg dig med helt ind bag facaden af en karrierevej, der gik fra omsorgsfuld sygeplejerske til handlekraftig politibetjent \u2013 og videre til selvst\u00e6ndig Mindsetcoach og Motivationsspeaker. Jeg deler \u00e6rligt og personligt ud af mine oplevelser med at finde modet til at st\u00e5 op for mig selv, bryde med forventninger og tage det sv\u00e6re spring ud i det ukendte.<\/span><\/p>\n<p><span style=\"font-weight: 400;\">Foredraget stiller skarpt p\u00e5:<\/span><\/p>\n<ul>\n<li style=\"font-weight: 400;\" aria-level=\"1\"><span style=\"font-weight: 400;\">Hvordan du balancerer mellem <\/span><b>maskulin og feminin energi<\/b><span style=\"font-weight: 400;\"> \u2013 b\u00e5de i arbejdslivet og privat<\/span><span style=\"font-weight: 400;\"><\/span><\/li>\n<li style=\"font-weight: 400;\" aria-level=\"1\"><span style=\"font-weight: 400;\">Hvad <\/span><b>impostor-syndromet<\/b><span style=\"font-weight: 400;\"> egentlig er, og hvordan du genkender og overvinder det<\/span><span style=\"font-weight: 400;\"><\/span><\/li>\n<li style=\"font-weight: 400;\" aria-level=\"1\"><span style=\"font-weight: 400;\">Hvorfor <\/span><b>perfektionisme og nulfejlskultur<\/b><span style=\"font-weight: 400;\"> kan sp\u00e6nde ben for din trivsel og udvikling<\/span><span style=\"font-weight: 400;\"><\/span><\/li>\n<li style=\"font-weight: 400;\" aria-level=\"1\"><span style=\"font-weight: 400;\">Konkrete strategier til at <\/span><b>skabe indre ro og styrke<\/b><span style=\"font-weight: 400;\">, selv n\u00e5r du st\u00e5r midt i kaos eller pres<\/span><span style=\"font-weight: 400;\"><\/span><\/li>\n<li style=\"font-weight: 400;\" aria-level=\"1\"><span style=\"font-weight: 400;\">Hvordan du t\u00f8r <\/span><b>sige ja til dr\u00f8mmene<\/b><span style=\"font-weight: 400;\"> \u2013 ogs\u00e5 n\u00e5r det kr\u00e6ver mod og gr\u00e6nseoverskridelse<\/span><span style=\"font-weight: 400;\"><\/span><\/li>\n<\/ul>\n<p><span style=\"font-weight: 400;\">Jeg giver dig ikke bare refleksion \u2013 men ogs\u00e5 <\/span><b>v\u00e6rkt\u00f8jer og aha-oplevelser<\/b><span style=\"font-weight: 400;\">, du kan tage med dig hjem og bruge med det samme.<\/span><\/p>\n<p>[\/difl_advanced_blurb][\/et_pb_column][\/et_pb_row][\/et_pb_section][et_pb_section fb_built=&#8221;1&#8243; custom_padding_last_edited=&#8221;on|tablet&#8221; _builder_version=&#8221;4.16&#8243; _module_preset=&#8221;default&#8221; background_color=&#8221;#f9f9f9&#8243; custom_padding=&#8221;90px||90px||true|false&#8221; custom_padding_tablet=&#8221;|25px||25px|false|true&#8221; custom_padding_phone=&#8221;70px|20px|70px|20px|true|true&#8221; locked=&#8221;off&#8221; global_colors_info=&#8221;{}&#8221;][et_pb_row column_structure=&#8221;1_2,1_2&#8243; use_custom_gutter=&#8221;on&#8221; gutter_width=&#8221;1&#8243; custom_padding_last_edited=&#8221;on|desktop&#8221; _builder_version=&#8221;4.16&#8243; _module_preset=&#8221;default&#8221; width=&#8221;100%&#8221; max_width=&#8221;1050px&#8221; max_width_tablet=&#8221;1050px&#8221; max_width_phone=&#8221;100%&#8221; max_width_last_edited=&#8221;on|desktop&#8221; custom_padding=&#8221;0px||0px||true|false&#8221; custom_padding_tablet=&#8221;0px||0px||true|false&#8221; custom_padding_phone=&#8221;|0px|40px|0px|false|true&#8221; custom_css_main_element=&#8221;display: flex;&#8221; global_colors_info=&#8221;{}&#8221; custom_css_main_element_last_edited=&#8221;on|tablet&#8221; custom_css_main_element_phone=&#8221;display: block;&#8221; custom_css_main_element_tablet=&#8221;display: flex;&#8221;][et_pb_column type=&#8221;1_2&#8243; _builder_version=&#8221;4.16&#8243; _module_preset=&#8221;default&#8221; global_colors_info=&#8221;{}&#8221;][et_pb_image src=&#8221;https:\/\/louisathostrup.dk\/wp-content\/uploads\/L1054353.jpg&#8221; alt=&#8221;Mental styrke&#8221; title_text=&#8221;L1054353&#8243; _builder_version=&#8221;4.27.4&#8243; _module_preset=&#8221;default&#8221; global_colors_info=&#8221;{}&#8221;][\/et_pb_image][\/et_pb_column][et_pb_column type=&#8221;1_2&#8243; _builder_version=&#8221;4.16&#8243; _module_preset=&#8221;default&#8221; background_color=&#8221;#FFFFFF&#8221; custom_padding=&#8221;40px|50px||50px|false|false&#8221; custom_padding_tablet=&#8221;15px|25px||25px|false|true&#8221; custom_padding_phone=&#8221;20px|25px|20px|25px|false|true&#8221; custom_padding_last_edited=&#8221;on|desktop&#8221; global_colors_info=&#8221;{}&#8221;][et_pb_text _builder_version=&#8221;4.27.4&#8243; _module_preset=&#8221;default&#8221; header_font=&#8221;Cabin|700|||||||&#8221; header_text_align=&#8221;left&#8221; header_font_size=&#8221;36px&#8221; header_line_height=&#8221;1.2em&#8221; custom_margin=&#8221;||10px||false|false&#8221; custom_margin_tablet=&#8221;15px||0px||false|false&#8221; custom_margin_phone=&#8221;||10px||false|false&#8221; custom_margin_last_edited=&#8221;on|desktop&#8221; header_font_size_tablet=&#8221;24px&#8221; header_font_size_phone=&#8221;24px&#8221; header_font_size_last_edited=&#8221;on|desktop&#8221; header_line_height_tablet=&#8221;1em&#8221; header_line_height_phone=&#8221;1.2em&#8221; header_line_height_last_edited=&#8221;on|desktop&#8221; global_colors_info=&#8221;{}&#8221;]<\/p>\n<h1>Hvorfor du skal med!<\/h1>\n<p>[\/et_pb_text][et_pb_text _builder_version=&#8221;4.27.4&#8243; _module_preset=&#8221;default&#8221; text_font=&#8221;Manrope||||||||&#8221; text_letter_spacing=&#8221;0.5px&#8221; header_font=&#8221;Georgia|700|||||||&#8221; header_font_size=&#8221;40px&#8221; custom_margin=&#8221;||20px||false|false&#8221; custom_margin_tablet=&#8221;||20px||false|false&#8221; custom_margin_phone=&#8221;||20px||false|false&#8221; custom_margin_last_edited=&#8221;on|desktop&#8221; text_font_size_tablet=&#8221;14px&#8221; text_font_size_phone=&#8221;15px&#8221; text_font_size_last_edited=&#8221;on|desktop&#8221; text_letter_spacing_tablet=&#8221;0.5px&#8221; text_letter_spacing_phone=&#8221;0.5px&#8221; text_letter_spacing_last_edited=&#8221;on|desktop&#8221; text_line_height_tablet=&#8221;1.5em&#8221; text_line_height_phone=&#8221;1.5em&#8221; text_line_height_last_edited=&#8221;on|tablet&#8221; header_font_size_tablet=&#8221;40px&#8221; header_font_size_phone=&#8221;40px&#8221; header_font_size_last_edited=&#8221;on|desktop&#8221; global_colors_info=&#8221;{}&#8221;]<\/p>\n<p data-start=\"116\" data-end=\"372\">Kender du f\u00f8lelsen af, at krav og forventninger presser p\u00e5 \u2013 b\u00e5de fra omverdenen og fra dig selv?<\/p>\n<p data-start=\"116\" data-end=\"372\">Jeg har st\u00e5et midt i kaos, ledt grupper i politiet gennem farlige situationer og oplevet, hvordan sten blev kastet mod mig, mens jeg skulle beskytte andre.<\/p>\n<p data-start=\"374\" data-end=\"713\">Som ung m\u00f8dte jeg skepsis og manglende tro fra min n\u00e6rmeste omgangskreds, der blot s\u00e5 mig som \u201cstrisseren fra Vestegnen\u201d og talte ned til mine valg. Jeg havde lavt selvv\u00e6rd og var overv\u00e6gtig, men udadtil viste jeg handlekraft og tog ansvar&#8230;<\/p>\n<p data-start=\"374\" data-end=\"713\">Trods den manglende opbakning fulgte jeg mit hjerte &#8211; det har jeg altid gjort &#8211; og her for knap fire \u00e5r siden, tog jeg orlov trods, at jeg var alenemor,\u00a0 og gik selvst\u00e6ndig som coach og foredragsholder. Der var stadig ikke opbakning ift mit hverv som coach og jeg fik ofte at vide, at jeg burde forblive p\u00e5 fuldtid i politiet.<\/p>\n<p data-start=\"715\" data-end=\"1022\">Det er her, <strong data-start=\"727\" data-end=\"746\">indre lederskab<\/strong> kommer ind: at kende dig selv, styre dine tanker og f\u00f8lelser og tr\u00e6ffe beslutninger med ro og klarhed. N\u00e5r det indre lederskab er st\u00e6rkt, smitter det af p\u00e5 dit <strong data-start=\"907\" data-end=\"930\">udvendige lederskab<\/strong> \u2013 du kan inspirere, motivere og skabe resultater med overblik og n\u00e6rv\u00e6r, selv under pres.<\/p>\n<p data-start=\"715\" data-end=\"1022\">Faktisk var deres bem\u00e6rkninger om og holdninger til mit skifte en endnu st\u00f8rre motivationsfaktor til at blive ved!<\/p>\n<p data-start=\"1024\" data-end=\"1177\">I &#8220;<strong><em data-start=\"1026\" data-end=\"1034\">T\u00f8r du&#8221;<\/em><\/strong> deler jeg min rejse \u2013 fra modstand, lavt selvv\u00e6rd og manglende opbakning til mod, styrke og konkrete resultater \u2013 og giver ud af mine v\u00e6rkt\u00f8jer til at:<\/p>\n<ul data-start=\"1178\" data-end=\"1421\">\n<li data-start=\"1178\" data-end=\"1235\">\n<p data-start=\"1180\" data-end=\"1235\">Handle m\u00e5lrettet og beslutsomt uden at miste dig selv<\/p>\n<\/li>\n<li data-start=\"1236\" data-end=\"1294\">\n<p data-start=\"1238\" data-end=\"1294\">Tr\u00e6ffe beslutninger med ro og klarhed, selv under pres<\/p>\n<\/li>\n<li data-start=\"1295\" data-end=\"1354\">\n<p data-start=\"1297\" data-end=\"1354\">Skabe forandring og v\u00e6kst hos dig selv og dem, du leder<\/p>\n<\/li>\n<li data-start=\"1355\" data-end=\"1421\">\n<p data-start=\"1357\" data-end=\"1421\">Turde sige ja til dine m\u00e5l og dr\u00f8mme \u2013 ogs\u00e5 n\u00e5r det kr\u00e6ver mod<\/p>\n<\/li>\n<\/ul>\n<p data-start=\"1423\" data-end=\"1558\">Kort sagt: <strong><em data-start=\"1434\" data-end=\"1442\">T\u00f8r du<\/em><\/strong> vise, hvordan du kan st\u00e5 st\u00e6rkt i dig selv, lede med selvtillid og n\u00e6rv\u00e6r og skabe resultater uden at br\u00e6nde ud, s\u00e5 kom med og bliv inspireret!!<\/p>\n<p>[\/et_pb_text][\/et_pb_column][\/et_pb_row][\/et_pb_section][et_pb_section fb_built=&#8221;1&#8243; _builder_version=&#8221;4.27.4&#8243; _module_preset=&#8221;default&#8221; background_color=&#8221;#90A5BA&#8221; global_colors_info=&#8221;{}&#8221;][et_pb_row _builder_version=&#8221;4.27.4&#8243; _module_preset=&#8221;default&#8221; global_colors_info=&#8221;{}&#8221;][et_pb_column type=&#8221;4_4&#8243; _builder_version=&#8221;4.27.4&#8243; _module_preset=&#8221;default&#8221; global_colors_info=&#8221;{}&#8221;][et_pb_button button_url=&#8221;https:\/\/louisathostrup.dk\/venteliste-minikursus-fra-toeven-til-handling\/&#8221; url_new_window=&#8221;on&#8221; button_text=&#8221;Jeg skal da HELT sikkert med &#8211; ja tak jeg \u00f8nsker info, n\u00e5r dato og sted er fundet!&#8221; button_alignment=&#8221;center&#8221; _builder_version=&#8221;4.27.5&#8243; _module_preset=&#8221;default&#8221; custom_button=&#8221;on&#8221; button_text_color=&#8221;#FFFFFF&#8221; button_bg_color=&#8221;#124E82&#8243; hover_enabled=&#8221;0&#8243; global_colors_info=&#8221;{}&#8221; sticky_enabled=&#8221;0&#8243;][\/et_pb_button][\/et_pb_column][\/et_pb_row][\/et_pb_section][et_pb_section fb_built=&#8221;1&#8243; _builder_version=&#8221;4.27.0&#8243; _module_preset=&#8221;default&#8221; global_colors_info=&#8221;{}&#8221;][et_pb_row column_structure=&#8221;1_2,1_2&#8243; _builder_version=&#8221;4.27.0&#8243; _module_preset=&#8221;default&#8221; global_colors_info=&#8221;{}&#8221;][et_pb_column type=&#8221;1_2&#8243; _builder_version=&#8221;4.27.0&#8243; _module_preset=&#8221;default&#8221; global_colors_info=&#8221;{}&#8221;][et_pb_image src=&#8221;https:\/\/louisathostrup.dk\/wp-content\/uploads\/L1054239.jpg&#8221; alt=&#8221;Underviseren&#8221; title_text=&#8221;L1054239&#8243; _builder_version=&#8221;4.27.4&#8243; _module_preset=&#8221;default&#8221; animation_style=&#8221;slide&#8221; border_radii=&#8221;on|5px|5px|5px|5px&#8221; box_shadow_style=&#8221;preset2&#8243; global_colors_info=&#8221;{}&#8221;][\/et_pb_image][\/et_pb_column][et_pb_column type=&#8221;1_2&#8243; _builder_version=&#8221;4.27.0&#8243; _module_preset=&#8221;default&#8221; global_colors_info=&#8221;{}&#8221;][et_pb_heading title=&#8221;Send en besked til Louisa Thostrup&#8221; _builder_version=&#8221;4.27.0&#8243; _module_preset=&#8221;default&#8221; title_font=&#8221;Volkhov||||||||&#8221; global_colors_info=&#8221;{}&#8221;][\/et_pb_heading][et_pb_text _builder_version=&#8221;4.27.0&#8243; _module_preset=&#8221;default&#8221; global_colors_info=&#8221;{}&#8221;]<\/p>\n<div class='fluentform ff-default fluentform_wrapper_1 ffs_default_wrap'><form data-form_id=\"1\" id=\"fluentform_1\" class=\"frm-fluent-form fluent_form_1 ff-el-form-top ff_form_instance_1_1 ff-form-loading ffs_default\" data-form_instance=\"ff_form_instance_1_1\" method=\"POST\" ><fieldset  style=\"border: none!important;margin: 0!important;padding: 0!important;background-color: transparent!important;box-shadow: none!important;outline: none!important; min-inline-size: 100%;\">\n                    <legend class=\"ff_screen_reader_title\" style=\"display: block; margin: 0!important;padding: 0!important;height: 0!important;text-indent: -999999px;width: 0!important;overflow:hidden;\">Kontakt formular til hjemmesiden<\/legend><input type=\"hidden\" name=\"ff_ct_form_load_time\" class=\"ff_ct_form_load_time\" value=\"\"><input type='hidden' name='__fluent_form_embded_post_id' value='987525570' \/><input type=\"hidden\" id=\"_fluentform_1_fluentformnonce\" name=\"_fluentform_1_fluentformnonce\" value=\"7f53355c11\" \/><input type=\"hidden\" name=\"_wp_http_referer\" value=\"\/en\/wp-json\/wp\/v2\/pages\/987525570\" \/><div data-type=\"name-element\" data-name=\"names\" class=\" ff-field_container ff-name-field-wrapper\" ><div class='ff-t-container'><div class='ff-t-cell '><div class='ff-el-group'><div class=\"ff-el-input--label asterisk-right\"><label for='ff_1_names_first_name_' id='label_ff_1_names_first_name_' >Fornavn<\/label><\/div><div class='ff-el-input--content'><input type=\"text\" name=\"names[first_name]\" id=\"ff_1_names_first_name_\" class=\"ff-el-form-control\" placeholder=\"Fornavn\" aria-invalid=\"false\" aria-required=false><\/div><\/div><\/div><div class='ff-t-cell '><div class='ff-el-group'><div class=\"ff-el-input--label asterisk-right\"><label for='ff_1_names_last_name_' id='label_ff_1_names_last_name_' >Efternavn<\/label><\/div><div class='ff-el-input--content'><input type=\"text\" name=\"names[last_name]\" id=\"ff_1_names_last_name_\" class=\"ff-el-form-control\" placeholder=\"Efternavn\" aria-invalid=\"false\" aria-required=false><\/div><\/div><\/div><\/div><\/div><div class='ff-el-group'><div class=\"ff-el-input--label ff-el-is-required asterisk-right\"><label for='ff_1_email' id='label_ff_1_email' aria-label=\"Email\">Email<\/label><\/div><div class='ff-el-input--content'><input type=\"email\" name=\"email\" id=\"ff_1_email\" class=\"ff-el-form-control\" placeholder=\"E-mail Adresse\" data-name=\"email\"  aria-invalid=\"false\" aria-required=true><\/div><\/div><div class='ff-el-group'><div class=\"ff-el-input--label asterisk-right\"><label for='ff_1_subject' id='label_ff_1_subject' aria-label=\"Emne\">Emne<\/label><\/div><div class='ff-el-input--content'><input type=\"text\" name=\"subject\" class=\"ff-el-form-control\" placeholder=\"Emne\" data-name=\"subject\" id=\"ff_1_subject\"  aria-invalid=\"false\" aria-required=false><\/div><\/div><div class='ff-el-group'><div class=\"ff-el-input--label ff-el-is-required asterisk-right\"><label for='ff_1_message' id='label_ff_1_message' aria-label=\"Din besked\">Din besked<\/label><\/div><div class='ff-el-input--content'><textarea aria-required=\"true\" aria-labelledby=\"label_ff_1_message\" name=\"message\" id=\"ff_1_message\" class=\"ff-el-form-control\" placeholder=\"Din besked\" rows=\"4\" cols=\"2\" data-name=\"message\" ><\/textarea><\/div><\/div><div class='ff-el-group    ff-el-input--content'><div class='ff-el-form-check ff-el-tc'><label aria-label='Jeg bekr\u00e6fter at Thostrup Consulting, m\u00e5 bruge min e-mail adresse til at kontakte mig og besvarer min henvendelse. Jeg kan p\u00e5 ethvert tidpunkt tr\u00e6kke denne bekr\u00e6ftelse tilbage.' class='ff-el-form-check-label ff_tc_label' for=gdpr-agreement_16b5c9b961cfe52a84fc67ba3916b383><span class='ff_tc_checkbox'><input type=\"checkbox\" name=\"gdpr-agreement\" class=\"ff-el-form-check-input ff_gdpr_field\" data-name=\"gdpr-agreement\" id=\"gdpr-agreement_16b5c9b961cfe52a84fc67ba3916b383\"  value='on' aria-invalid='false' aria-required=true><\/span> <div class='ff_t_c'>Jeg bekr\u00e6fter at Thostrup Consulting, m\u00e5 bruge min e-mail adresse til at kontakte mig og besvarer min henvendelse. Jeg kan p\u00e5 ethvert tidpunkt tr\u00e6kke denne bekr\u00e6ftelse tilbage.<\/div><\/label><\/div><\/div><div class='ff-el-group ff-text-left ff_submit_btn_wrapper'><button type=\"submit\" class=\"ff-btn ff-btn-submit ff-btn-md ff_btn_style wpf_has_custom_css\"  aria-label=\"Send besked\">Send besked<\/button><\/div><\/fieldset><\/form><div id='fluentform_1_errors' class='ff-errors-in-stack ff_form_instance_1_1 ff-form-loading_errors ff_form_instance_1_1_errors'><\/div><\/div>            <script type=\"text\/javascript\">\n                window.fluent_form_ff_form_instance_1_1 = {\"id\":\"1\",\"ajaxUrl\":\"https:\\\/\\\/louisathostrup.dk\\\/wp-admin\\\/admin-ajax.php\",\"settings\":{\"layout\":{\"labelPlacement\":\"top\",\"helpMessagePlacement\":\"with_label\",\"errorMessagePlacement\":\"inline\",\"cssClassName\":\"\",\"asteriskPlacement\":\"asterisk-right\"},\"restrictions\":{\"denyEmptySubmission\":{\"enabled\":false}}},\"form_instance\":\"ff_form_instance_1_1\",\"form_id_selector\":\"fluentform_1\",\"rules\":{\"names[first_name]\":{\"required\":{\"value\":false,\"message\":\"This field is required\",\"global\":false,\"global_message\":\"This field is required\"}},\"names[middle_name]\":{\"required\":{\"value\":false,\"message\":\"This field is required\",\"global\":false,\"global_message\":\"This field is required\"}},\"names[last_name]\":{\"required\":{\"value\":false,\"message\":\"This field is required\",\"global\":false,\"global_message\":\"This field is required\"}},\"email\":{\"required\":{\"value\":true,\"message\":\"This field is required\",\"global\":false,\"global_message\":\"This field is required\"},\"email\":{\"value\":true,\"message\":\"This field must contain a valid email\",\"global\":false,\"global_message\":\"This field must contain a valid email\"}},\"subject\":{\"required\":{\"value\":false,\"message\":\"This field is required\",\"global\":false,\"global_message\":\"This field is required\"}},\"message\":{\"required\":{\"value\":true,\"message\":\"This field is required\",\"global\":false,\"global_message\":\"This field is required\"}},\"gdpr-agreement\":{\"required\":{\"value\":true,\"message\":\"This field is required\",\"global_message\":\"This field is required\",\"global\":true}}},\"debounce_time\":300};\n                            <\/script>\n            \n<p>[\/et_pb_text][\/et_pb_column][\/et_pb_row][\/et_pb_section][et_pb_section fb_built=&#8221;1&#8243; _builder_version=&#8221;4.27.0&#8243; _module_preset=&#8221;default&#8221; global_colors_info=&#8221;{}&#8221;][\/et_pb_section]<\/p>\n","protected":false},"excerpt":{"rendered":"<p>&#8220;T\u00f8r du?&#8221; &nbsp; Et foredrag om modet til at st\u00e5 st\u00e6rkt i dig selv \u2013 ogs\u00e5 n\u00e5r det stormer.\u201d Tid og sted tilg\u00e5r!! F\u00f8lg med!! &nbsp;Information om foredraget!<div class=\"et_pb_module difl_advanced_blurb difl_advanced_blurb_0\">\n\t\t\t\t\n\t\t\t\t\n\t\t\t\t\n\t\t\t\t\n\t\t\t\t\n\t\t\t\t\n\t\t\t\t<div class=\"et_pb_module_inner\">\n\t\t\t\t\t<div class=\"df_ab_blurb_container\"> <div class=\"df_ab_blurb_content_container\"><div class=\"df_ab_blurb_image image placement_image_flex_top\"><img decoding=\"async\" class=\"df_ab_blurb_image_img\" src=\"https:\/\/louisathostrup.dk\/wp-content\/uploads\/L1054232.jpg\" alt=\"\" \/><\/div> <h3  class=\"df_ab_blurb_title\">\"T\u00f8r du?\"<\/h3 > <h4  class=\"df_ab_blurb_sub_title\">Om at turde v\u00e6re dig \u2013 uden filter, facade eller forventninger.<\/h4 >   <\/div><\/div>\n\t\t\t\t<\/div>\n\t\t\t<\/div>Hvordan er det [&hellip;]<\/p>\n","protected":false},"author":1,"featured_media":987525580,"parent":0,"menu_order":0,"comment_status":"closed","ping_status":"closed","template":"","meta":{"_et_pb_use_builder":"on","_et_pb_old_content":"","_et_gb_content_width":"","pmpro_default_level":"","inline_featured_image":false,"footnotes":""},"difl_page_category":[],"class_list":["post-987525570","page","type-page","status-publish","has-post-thumbnail","hentry","pmpro-has-access"],"_links":{"self":[{"href":"https:\/\/louisathostrup.dk\/en\/wp-json\/wp\/v2\/pages\/987525570","targetHints":{"allow":["GET"]}}],"collection":[{"href":"https:\/\/louisathostrup.dk\/en\/wp-json\/wp\/v2\/pages"}],"about":[{"href":"https:\/\/louisathostrup.dk\/en\/wp-json\/wp\/v2\/types\/page"}],"author":[{"embeddable":true,"href":"https:\/\/louisathostrup.dk\/en\/wp-json\/wp\/v2\/users\/1"}],"replies":[{"embeddable":true,"href":"https:\/\/louisathostrup.dk\/en\/wp-json\/wp\/v2\/comments?post=987525570"}],"version-history":[{"count":34,"href":"https:\/\/louisathostrup.dk\/en\/wp-json\/wp\/v2\/pages\/987525570\/revisions"}],"predecessor-version":[{"id":987526094,"href":"https:\/\/louisathostrup.dk\/en\/wp-json\/wp\/v2\/pages\/987525570\/revisions\/987526094"}],"wp:featuredmedia":[{"embeddable":true,"href":"https:\/\/louisathostrup.dk\/en\/wp-json\/wp\/v2\/media\/987525580"}],"wp:attachment":[{"href":"https:\/\/louisathostrup.dk\/en\/wp-json\/wp\/v2\/media?parent=987525570"}],"wp:term":[{"taxonomy":"difl_page_category","embeddable":true,"href":"https:\/\/louisathostrup.dk\/en\/wp-json\/wp\/v2\/difl_page_category?post=987525570"}],"curies":[{"name":"wp","href":"https:\/\/api.w.org\/{rel}","templated":true}]}}