{"id":987525679,"date":"2025-11-04T11:23:14","date_gmt":"2025-11-04T10:23:14","guid":{"rendered":"https:\/\/louisathostrup.dk\/butik\/"},"modified":"2026-04-08T13:27:47","modified_gmt":"2026-04-08T11:27:47","slug":"butik","status":"publish","type":"page","link":"https:\/\/louisathostrup.dk\/en\/butik\/","title":{"rendered":"Butik"},"content":{"rendered":"\n[et_pb_section fb_built=&#8221;1&#8243; _builder_version=&#8221;4.16&#8243; global_colors_info=&#8221;{}&#8221;][et_pb_row _builder_version=&#8221;4.16&#8243; background_size=&#8221;initial&#8221; background_position=&#8221;top_left&#8221; background_repeat=&#8221;repeat&#8221; global_colors_info=&#8221;{}&#8221;][et_pb_column type=&#8221;4_4&#8243; _builder_version=&#8221;4.16&#8243; custom_padding=&#8221;|||&#8221; global_colors_info=&#8221;{}&#8221; custom_padding__hover=&#8221;|||&#8221;][et_pb_text _builder_version=&#8221;4.27.5&#8243; _module_preset=&#8221;default&#8221; hover_enabled=&#8221;0&#8243; sticky_enabled=&#8221;0&#8243;]<h1>Produkter<\/h1>[\/et_pb_text][et_pb_text _builder_version=&#8221;4.27.5&#8243; background_size=&#8221;initial&#8221; background_position=&#8221;top_left&#8221; background_repeat=&#8221;repeat&#8221; hover_enabled=&#8221;0&#8243; global_colors_info=&#8221;{}&#8221; sticky_enabled=&#8221;0&#8243;]<p><!-- divi:shortcode --><br \/>        <div class=\"fct-products-wrapper\" data-fluent-cart-shop-app data-fluent-cart-product-wrapper role=\"main\" aria-label=\"Products\">\n                    <div class=\"fct-shop-view-switcher-wrap\">\n                    <div class=\"fct-shop-view-switcher\">\n            <button type=\"button\" data-fluent-cart-shop-app-grid-view-button=\"\"\n                    class=\"active\"\n                    title=\"Grid View\">\n                <svg xmlns=\"http:\/\/www.w3.org\/2000\/svg\" width=\"14\" height=\"14\" viewBox=\"0 0 14 14\" fill=\"none\">\n                    <path\n                            d=\"M12.4059 1.59412C13.3334 2.52162 13.3334 4.0144 13.3334 6.99996C13.3334 9.98552 13.3334 11.4783 12.4059 12.4058C11.4784 13.3333 9.98564 13.3333 7.00008 13.3333C4.01452 13.3333 2.52174 13.3333 1.59424 12.4058C0.666748 11.4783 0.666748 9.98552 0.666748 6.99996C0.666748 4.0144 0.666748 2.52162 1.59424 1.59412C2.52174 0.666626 4.01452 0.666626 7.00008 0.666626C9.98564 0.666626 11.4784 0.666626 12.4059 1.59412Z\"\n                            stroke=\"currentColor\" stroke-linecap=\"round\" stroke-linejoin=\"round\"><\/path>\n                    <path d=\"M13.3335 7L0.66683 7\" stroke=\"currentColor\" stroke-linecap=\"round\"><\/path>\n                    <path d=\"M7 0.666626L7 13.3333\" stroke=\"currentColor\" stroke-linecap=\"round\"><\/path>\n                <\/svg>\n            <\/button>\n            <button type=\"button\" data-fluent-cart-shop-app-list-view-button=\"\"\n                    class=\"\"\n                    title=\"List View\">\n                <svg xmlns=\"http:\/\/www.w3.org\/2000\/svg\" width=\"16\" height=\"16\" viewBox=\"0 0 16 16\" fill=\"none\">\n                    <path\n                            d=\"M1.33325 7.60008C1.33325 6.8279 1.49441 6.66675 2.26659 6.66675H13.7333C14.5054 6.66675 14.6666 6.8279 14.6666 7.60008V8.40008C14.6666 9.17226 14.5054 9.33341 13.7333 9.33341H2.26659C1.49441 9.33341 1.33325 9.17226 1.33325 8.40008V7.60008Z\"\n                            stroke=\"currentColor\" stroke-linecap=\"round\"><\/path>\n                    <path\n                            d=\"M1.33325 2.26671C1.33325 1.49453 1.49441 1.33337 2.26659 1.33337H13.7333C14.5054 1.33337 14.6666 1.49453 14.6666 2.26671V3.06671C14.6666 3.83889 14.5054 4.00004 13.7333 4.00004H2.26659C1.49441 4.00004 1.33325 3.83888 1.33325 3.06671V2.26671Z\"\n                            stroke=\"currentColor\" stroke-linecap=\"round\"><\/path>\n                    <path\n                            d=\"M1.33325 12.9333C1.33325 12.1612 1.49441 12 2.26659 12H13.7333C14.5054 12 14.6666 12.1612 14.6666 12.9333V13.7333C14.6666 14.5055 14.5054 14.6667 13.7333 14.6667H2.26659C1.49441 14.6667 1.33325 14.5055 1.33325 13.7333V12.9333Z\"\n                            stroke=\"currentColor\" stroke-linecap=\"round\"><\/path>\n                <\/svg>\n            <\/button>\n        <\/div>\n\n                                    <\/div>\n                    <div class=\"fct-products-wrapper-inner mode-grid fct-full-container-width \" data-fluent-cart-product-wrapper-inner data-per-page=\"4\" data-order-type=\"DESC\" data-live-filter=\"1\" data-paginator=\"numbers\" data-default-filters=\"[]\" >\n                \n                <div class=\"fct-products-container grid-columns-4\"\n                     data-fluent-cart-shop-app-product-list\n                     role=\"list\"\n                     aria-label=\"Product list\"\n                >\n                                    <article data-fluent-cart-shop-app-single-product data-fct-product-card=\"\"\n                 class=\"fct-product-card\"\n                                                 aria-label=\"Next Level Leadership Akademi - Founding Member product card\">\n                    <a class=\"fct-product-card-image-wrap\"\n           href=\"https:\/\/louisathostrup.dk\/en\/item\/next-level-leadership\/\"\n           style=\"display: block;\"\n           aria-label=\"View Next Level Leadership Akademi - Founding Member product image\">\n            <img decoding=\"async\" class=\"fct-product-card-image\"\n                 data-fluent-cart-shop-app-single-product-image\n                 src=\"https:\/\/louisathostrup.dk\/wp-content\/uploads\/african-african-american-african-descent-afro-american.webp\"\n                 alt=\"Next Level Leadership Akademi - Founding Member\"\n                 loading=\"lazy\"\n                 width=\"300\"\n                 height=\"300\"\/>\n        <\/a>\n                    <h3 class=\"fct-product-card-title\">\n                        <a  data-fluent-cart-product-link \n                           data-product-id=\"987525919\" \n                           href=\"https:\/\/louisathostrup.dk\/en\/item\/next-level-leadership\/\" \n                           aria-label=\"Next Level Leadership Akademi - Founding Member\"\n                           >Next Level Leadership Akademi - Founding Member<\/a>\n                    <\/h3>            <p  class=\"fct-product-card-excerpt\">\n                   Et f\u00e6llesskab skabt til dig, der allerede ved, at svaret ligger indeni \u2014 men som tr\u00e6nger til mennesker, der forst\u00e5r kampen bag facaden, og modet til endelig at handle p\u00e5 det.\n\nDette er n\u00e6ste skridt for at du opn\u00e5r mere ro og balance i dit liv.\n            <\/p>                    <div                 class=\"fct-product-card-prices\"\n                role=\"region\"\n                aria-label=\"Product pricing\">\n            \n                            <!-- Case 3: Simple or single price -->\n                <span class=\"fct-item-price\" aria-label=\"Price: kr.499.00\">\n                    <span aria-hidden=\"true\">kr.499.00<\/span>\n                <\/span>\n            \n                    <\/div>\n                                    <a href=\"https:\/\/louisathostrup.dk\/?fluent-cart=instant_checkout&amp;item_id=1&amp;quantity=1\" class=\"fct-product-view-button\" aria-label=\"Buy Next Level Leadership Akademi - Founding Member now\" >\n            <span aria-hidden=\"true\">\n                Buy Now            <\/span>\n        <\/a>\n                    <\/article>\n                                    <\/div>\n            <\/div>\n\n                    <div class=\"fct-shop-paginator\">\n                    <div class=\"fct-shop-paginator-result-wrapper\" aria-label=\"Pagination information\">\n            <div\n                class=\"fct-shop-paginator-results wc-block-grid__fluent-cart-shop-app-paginator-results wp-block-fluent-cart-product-paginator-info\"                    role=\"status\"\n                    aria-live=\"polite\"\n                    aria-atomic=\"true\">\n                Showing <span class=\"fct-shop-paginator-from\" data-fluent-cart-shop-app-paginator-info-pagination-from=\"\">1<\/span> to <span class=\"fct-shop-paginator-to\" data-fluent-cart-shop-app-paginator-info-pagination-to=\"\">1<\/span> of <span class=\"fct-shop-paginator-total\" data-fluent-cart-shop-app-paginator-info-pagination-total=\"\">1<\/span> Items            <\/div>\n\n            <div class=\"fct-shop-per-page-selector\">\n                <label for=\"fct-per-page-select\" class=\"screen-reader-text\">\n                    Items per page                <\/label>\n                <select\n                        id=\"fct-per-page-select\"\n                        name=\"per_page\"\n                        data-fluent-cart-shop-app-paginator-per-page-selector=\"\"\n                        aria-label=\"Select number of items per page\">\n                    <option value=\"10\" >\n                        10 Per page                    <\/option>\n                    <option value=\"20\" >\n                        20 Per page                    <\/option>\n                    <option value=\"30\" >\n                        30 Per page                    <\/option>\n                <\/select>\n            <\/div>\n        <\/div>\n        \n            \n        <\/div>\n        \n        <\/div>\n        <br \/><!-- \/divi:shortcode --><\/p>[\/et_pb_text][\/et_pb_column][\/et_pb_row][\/et_pb_section]\n","protected":false},"excerpt":{"rendered":"<p>Produkter        <div class=\"fct-products-wrapper\" data-fluent-cart-shop-app data-fluent-cart-product-wrapper role=\"main\" aria-label=\"Products\">\n                    <div class=\"fct-shop-view-switcher-wrap\">\n                    <div class=\"fct-shop-view-switcher\">\n            <button type=\"button\" data-fluent-cart-shop-app-grid-view-button=\"\"\n                    class=\"active\"\n                    title=\"Grid View\">\n                <svg xmlns=\"http:\/\/www.w3.org\/2000\/svg\" width=\"14\" height=\"14\" viewbox=\"0 0 14 14\" fill=\"none\">\n                    <path\n                            d=\"M12.4059 1.59412C13.3334 2.52162 13.3334 4.0144 13.3334 6.99996C13.3334 9.98552 13.3334 11.4783 12.4059 12.4058C11.4784 13.3333 9.98564 13.3333 7.00008 13.3333C4.01452 13.3333 2.52174 13.3333 1.59424 12.4058C0.666748 11.4783 0.666748 9.98552 0.666748 6.99996C0.666748 4.0144 0.666748 2.52162 1.59424 1.59412C2.52174 0.666626 4.01452 0.666626 7.00008 0.666626C9.98564 0.666626 11.4784 0.666626 12.4059 1.59412Z\"\n                            stroke=\"currentColor\" stroke-linecap=\"round\" stroke-linejoin=\"round\"><\/path>\n                    <path d=\"M13.3335 7L0.66683 7\" stroke=\"currentColor\" stroke-linecap=\"round\"><\/path>\n                    <path d=\"M7 0.666626L7 13.3333\" stroke=\"currentColor\" stroke-linecap=\"round\"><\/path>\n                <\/svg>\n            <\/button>\n            <button type=\"button\" data-fluent-cart-shop-app-list-view-button=\"\"\n                    class=\"\"\n                    title=\"List View\">\n                <svg xmlns=\"http:\/\/www.w3.org\/2000\/svg\" width=\"16\" height=\"16\" viewbox=\"0 0 16 16\" fill=\"none\">\n                    <path\n                            d=\"M1.33325 7.60008C1.33325 6.8279 1.49441 6.66675 2.26659 6.66675H13.7333C14.5054 6.66675 14.6666 6.8279 14.6666 7.60008V8.40008C14.6666 9.17226 14.5054 9.33341 13.7333 9.33341H2.26659C1.49441 9.33341 1.33325 9.17226 1.33325 8.40008V7.60008Z\"\n                            stroke=\"currentColor\" stroke-linecap=\"round\"><\/path>\n                    <path\n                            d=\"M1.33325 2.26671C1.33325 1.49453 1.49441 1.33337 2.26659 1.33337H13.7333C14.5054 1.33337 14.6666 1.49453 14.6666 2.26671V3.06671C14.6666 3.83889 14.5054 4.00004 13.7333 4.00004H2.26659C1.49441 4.00004 1.33325 3.83888 1.33325 3.06671V2.26671Z\"\n                            stroke=\"currentColor\" stroke-linecap=\"round\"><\/path>\n                    <path\n                            d=\"M1.33325 12.9333C1.33325 12.1612 1.49441 12 2.26659 12H13.7333C14.5054 12 14.6666 12.1612 14.6666 12.9333V13.7333C14.6666 14.5055 14.5054 14.6667 13.7333 14.6667H2.26659C1.49441 14.6667 1.33325 14.5055 1.33325 13.7333V12.9333Z\"\n                            stroke=\"currentColor\" stroke-linecap=\"round\"><\/path>\n                <\/svg>\n            <\/button>\n        <\/div>\n\n                                    <\/div>\n                    <div class=\"fct-products-wrapper-inner mode-grid fct-full-container-width\" data-fluent-cart-product-wrapper-inner data-per-page=\"4\" data-order-type=\"DESC\" data-live-filter=\"1\" data-paginator=\"numbers\" data-default-filters=\"[]\" >\n                \n                <div class=\"fct-products-container grid-columns-4\"\n                     data-fluent-cart-shop-app-product-list\n role=\"list\"\n                     aria-label=\"Product list\"\n                >\n                                    <article data-fluent-cart-shop-app-single-product data-fct-product-card=\"\"\n                 class=\"fct-product-card\"\n                                                 aria-label=\"Next Level Leadership Akademi - Founding Member product card\">\n                    <a class=\"fct-product-card-image-wrap\"\n           href=\"https:\/\/louisathostrup.dk\/en\/item\/next-level-leadership\/\"\n           style=\"display: block;\"\n           aria-label=\"View Next Level Leadership Akademi - Founding Member product image\">\n            <img decoding=\"async\" class=\"fct-product-card-image\"\n                 data-fluent-cart-shop-app-single-product-image\n src=\"https:\/\/louisathostrup.dk\/wp-content\/uploads\/african-african-american-african-descent-afro-american.webp\"\n                 alt=\"Next Level Leadership Akademi - Founding Member\"\n                 loading=\"lazy\"\n                 width=\"300\"\n                 height=\"300\"\/>\n        <\/a>\n                    <h3 class=\"fct-product-card-title\">\n                        <a  data-fluent-cart-product-link data-product-id=\"987525919\" \n                           href=\"https:\/\/louisathostrup.dk\/en\/item\/next-level-leadership\/\" \n                           aria-label=\"Next Level Leadership Akademi - Founding Member\"\n                           >Next Level Leadership Akademi - Founding Member<\/a>\n                    <\/h3>            <p  class=\"fct-product-card-excerpt\">\n                   Et f\u00e6llesskab skabt til dig, der allerede ved, at svaret ligger indeni \u2014 men som tr\u00e6nger til mennesker, der forst\u00e5r kampen bag facaden, og modet til endelig at handle p\u00e5 det.\n\nDette er n\u00e6ste skridt for at du opn\u00e5r mere ro og balance i dit liv.\n            <\/p>                    <div                 class=\"fct-product-card-prices\"\n                role=\"region\"\n                aria-label=\"Product pricing\">\n            \n                            <!-- Case 3: Simple or single price -->\n                <span class=\"fct-item-price\" aria-label=\"Price: kr.499.00\">\n                    <span aria-hidden=\"true\">kr.499.00<\/span>\n                <\/span>\n            \n                    <\/div>\n                                    <a href=\"https:\/\/louisathostrup.dk\/?fluent-cart=instant_checkout&amp;item_id=1&amp;quantity=1\" class=\"fct-product-view-button\" aria-label=\"Buy Next Level Leadership Akademi - Founding Member now\" >\n            <span aria-hidden=\"true\">\n                Buy Now            <\/span>\n        <\/a>\n                    <\/article>\n                                    <\/div>\n            <\/div>\n\n                    <div class=\"fct-shop-paginator\">\n                    <div class=\"fct-shop-paginator-result-wrapper\" aria-label=\"Pagination information\">\n            <div\n                class=\"fct-shop-paginator-results wc-block-grid__fluent-cart-shop-app-paginator-results wp-block-fluent-cart-product-paginator-info\"                    role=\"status\"\n                    aria-live=\"polite\"\n                    aria-atomic=\"true\">\n                Showing <span class=\"fct-shop-paginator-from\" data-fluent-cart-shop-app-paginator-info-pagination-from=\"\">1<\/span> to <span class=\"fct-shop-paginator-to\" data-fluent-cart-shop-app-paginator-info-pagination-to=\"\">1<\/span> of <span class=\"fct-shop-paginator-total\" data-fluent-cart-shop-app-paginator-info-pagination-total=\"\">1<\/span> Items            <\/div>\n\n            <div class=\"fct-shop-per-page-selector\">\n                <label for=\"fct-per-page-select\" class=\"screen-reader-text\">\n                    Items per page                <\/label>\n                <select\n                        id=\"fct-per-page-select\"\n                        name=\"per_page\"\n                        data-fluent-cart-shop-app-paginator-per-page-selector=\"\"\n                        aria-label=\"Select number of items per page\">\n                    <option value=\"10\" >\n                        10 Per page                    <\/option>\n                    <option value=\"20\" >\n                        20 Per page                    <\/option>\n                    <option value=\"30\" >\n                        30 Per page                    <\/option>\n                <\/select>\n            <\/div>\n        <\/div>\n        \n            \n        <\/div>\n        \n        <\/div>\n        <\/p>","protected":false},"author":1,"featured_media":0,"parent":0,"menu_order":0,"comment_status":"closed","ping_status":"closed","template":"","meta":{"_et_pb_use_builder":"on","_et_pb_old_content":"<!-- wp:shortcode -->\n[fluent_cart_products]\n<!-- \/wp:shortcode -->","_et_gb_content_width":"1080","pmpro_default_level":"","inline_featured_image":false,"footnotes":""},"difl_page_category":[],"class_list":["post-987525679","page","type-page","status-publish","hentry","pmpro-has-access"],"_links":{"self":[{"href":"https:\/\/louisathostrup.dk\/en\/wp-json\/wp\/v2\/pages\/987525679","targetHints":{"allow":["GET"]}}],"collection":[{"href":"https:\/\/louisathostrup.dk\/en\/wp-json\/wp\/v2\/pages"}],"about":[{"href":"https:\/\/louisathostrup.dk\/en\/wp-json\/wp\/v2\/types\/page"}],"author":[{"embeddable":true,"href":"https:\/\/louisathostrup.dk\/en\/wp-json\/wp\/v2\/users\/1"}],"replies":[{"embeddable":true,"href":"https:\/\/louisathostrup.dk\/en\/wp-json\/wp\/v2\/comments?post=987525679"}],"version-history":[{"count":6,"href":"https:\/\/louisathostrup.dk\/en\/wp-json\/wp\/v2\/pages\/987525679\/revisions"}],"predecessor-version":[{"id":987526147,"href":"https:\/\/louisathostrup.dk\/en\/wp-json\/wp\/v2\/pages\/987525679\/revisions\/987526147"}],"wp:attachment":[{"href":"https:\/\/louisathostrup.dk\/en\/wp-json\/wp\/v2\/media?parent=987525679"}],"wp:term":[{"taxonomy":"difl_page_category","embeddable":true,"href":"https:\/\/louisathostrup.dk\/en\/wp-json\/wp\/v2\/difl_page_category?post=987525679"}],"curies":[{"name":"wp","href":"https:\/\/api.w.org\/{rel}","templated":true}]}}