{"id":987525938,"date":"2026-01-06T07:02:43","date_gmt":"2026-01-06T06:02:43","guid":{"rendered":"https:\/\/louisathostrup.dk\/?page_id=987525938"},"modified":"2026-01-06T09:29:49","modified_gmt":"2026-01-06T08:29:49","slug":"kurser-3","status":"publish","type":"page","link":"https:\/\/louisathostrup.dk\/en\/kurser-3\/","title":{"rendered":"Courses"},"content":{"rendered":"<p>[et_pb_section fb_built=&#8221;1&#8243; custom_padding_last_edited=&#8221;on|phone&#8221; _builder_version=&#8221;4.17.4&#8243; _module_preset=&#8221;default&#8221; background_color=&#8221;#f7f7f7&#8243; custom_padding=&#8221;0px||1px||false|false&#8221; custom_padding_tablet=&#8221;||70px||false|false&#8221; custom_padding_phone=&#8221;||70px||false|false&#8221; global_colors_info=&#8221;{}&#8221; theme_builder_area=&#8221;post_content&#8221;][et_pb_row custom_padding_last_edited=&#8221;on|desktop&#8221; _builder_version=&#8221;4.27.4&#8243; _module_preset=&#8221;default&#8221; background_color=&#8221;#90A5BA&#8221; width=&#8221;100%&#8221; max_width=&#8221;100%&#8221; custom_padding=&#8221;90px||130px||false|false&#8221; custom_padding_tablet=&#8221;70px||120px||false|false&#8221; custom_padding_phone=&#8221;60px||100px||false|false&#8221; hover_enabled=&#8221;0&#8243; global_colors_info=&#8221;{}&#8221; theme_builder_area=&#8221;post_content&#8221; sticky_enabled=&#8221;0&#8243;][et_pb_column type=&#8221;4_4&#8243; _builder_version=&#8221;4.17.4&#8243; _module_preset=&#8221;default&#8221; global_colors_info=&#8221;{}&#8221; theme_builder_area=&#8221;post_content&#8221;][et_pb_text _builder_version=&#8221;4.27.4&#8243; _module_preset=&#8221;default&#8221; header_2_font=&#8221;DM Sans|700|||||||&#8221; header_2_text_align=&#8221;center&#8221; header_2_text_color=&#8221;#FFFFFF&#8221; header_2_font_size=&#8221;40px&#8221; hover_enabled=&#8221;0&#8243; header_2_text_align_tablet=&#8221;center&#8221; header_2_text_align_phone=&#8221;center&#8221; header_2_text_align_last_edited=&#8221;on|desktop&#8221; header_2_font_size_tablet=&#8221;40px&#8221; header_2_font_size_phone=&#8221;36px&#8221; header_2_font_size_last_edited=&#8221;on|desktop&#8221; header_2_line_height_tablet=&#8221;&#8221; header_2_line_height_phone=&#8221;1.3em&#8221; header_2_line_height_last_edited=&#8221;on|phone&#8221; global_colors_info=&#8221;{}&#8221; theme_builder_area=&#8221;post_content&#8221; sticky_enabled=&#8221;0&#8243;]<\/p>\n<h2>KURSER<\/h2>\n<p>[\/et_pb_text][\/et_pb_column][\/et_pb_row][\/et_pb_section][et_pb_section fb_built=&#8221;1&#8243; theme_builder_area=&#8221;post_content&#8221; _builder_version=&#8221;4.27.4&#8243; _module_preset=&#8221;default&#8221;][et_pb_row _builder_version=&#8221;4.27.4&#8243; _module_preset=&#8221;default&#8221; theme_builder_area=&#8221;post_content&#8221; column_structure=&#8221;1_3,1_3,1_3&#8243; hover_enabled=&#8221;0&#8243; sticky_enabled=&#8221;0&#8243;][et_pb_column _builder_version=&#8221;4.27.4&#8243; _module_preset=&#8221;default&#8221; type=&#8221;1_3&#8243; theme_builder_area=&#8221;post_content&#8221;][et_pb_cta title=&#8221;Bryd gamle m\u00f8nstre&#8221; button_text=&#8221;G\u00e5 til kurset her&#8221; _builder_version=&#8221;4.27.4&#8243; _module_preset=&#8221;default&#8221; theme_builder_area=&#8221;post_content&#8221; hover_enabled=&#8221;0&#8243; sticky_enabled=&#8221;0&#8243; background_color=&#8221;#90A5BA&#8221; url_new_window=&#8221;on&#8221; button_url=&#8221;https:\/\/louisathostrup.dk\/medlems-gaa-til-kassen\/?pmpro_level=3&#8243;]<\/p>\n<p><img loading=\"lazy\" decoding=\"async\" src=\"https:\/\/louisathostrup.dk\/wp-content\/uploads\/Katalog-og-salg-540-x-540-px-1.png\" width=\"540\" height=\"540\" alt=\"\" class=\"wp-image-281238 alignnone size-full\" srcset=\"https:\/\/louisathostrup.dk\/wp-content\/uploads\/Katalog-og-salg-540-x-540-px-1.png 540w, https:\/\/louisathostrup.dk\/wp-content\/uploads\/Katalog-og-salg-540-x-540-px-1-480x480.png 480w\" sizes=\"(min-width: 0px) and (max-width: 480px) 480px, (min-width: 481px) 540px, 100vw\" \/><\/p>\n<p>[\/et_pb_cta][\/et_pb_column][et_pb_column _builder_version=&#8221;4.27.4&#8243; _module_preset=&#8221;default&#8221; type=&#8221;1_3&#8243; theme_builder_area=&#8221;post_content&#8221;][et_pb_cta title=&#8221;Gr\u00e6nses\u00e6tning&#8221; button_text=&#8221;G\u00e5 til kuset her&#8221; _builder_version=&#8221;4.27.4&#8243; _module_preset=&#8221;default&#8221; theme_builder_area=&#8221;post_content&#8221; hover_enabled=&#8221;0&#8243; sticky_enabled=&#8221;0&#8243; background_color=&#8221;#90A5BA&#8221; url_new_window=&#8221;on&#8221; button_url=&#8221;https:\/\/louisathostrup.dk\/medlems-gaa-til-kassen\/?pmpro_level=1&#8243;]<\/p>\n<p><img loading=\"lazy\" decoding=\"async\" src=\"https:\/\/louisathostrup.dk\/wp-content\/uploads\/Graensesaetning-med-pris-Kursusside-640x640.png\" width=\"640\" height=\"640\" alt=\"\" class=\"wp-image-338487 alignnone size-medium\" \/><\/p>\n<p>[\/et_pb_cta][\/et_pb_column][et_pb_column _builder_version=&#8221;4.27.4&#8243; _module_preset=&#8221;default&#8221; type=&#8221;1_3&#8243; theme_builder_area=&#8221;post_content&#8221;][et_pb_cta title=&#8221;F\u00e5 et st\u00e6rkt mindset&#8221; button_text=&#8221;G\u00e5 til kurset her&#8221; _builder_version=&#8221;4.27.4&#8243; _module_preset=&#8221;default&#8221; theme_builder_area=&#8221;post_content&#8221; hover_enabled=&#8221;0&#8243; sticky_enabled=&#8221;0&#8243; background_color=&#8221;#90A5BA&#8221; url_new_window=&#8221;on&#8221; button_url=&#8221;https:\/\/louisathostrup.dk\/medlems-gaa-til-kassen\/?pmpro_level=4&#8243;]<\/p>\n<p><img loading=\"lazy\" decoding=\"async\" src=\"https:\/\/louisathostrup.dk\/wp-content\/uploads\/Skab-et-staerkt-mindset-Katalog-1-640x640.png\" width=\"640\" height=\"640\" alt=\"\" class=\"wp-image-987525941 alignnone size-medium\" \/><\/p>\n<p>[\/et_pb_cta][\/et_pb_column][\/et_pb_row][\/et_pb_section]<\/p>\n","protected":false},"excerpt":{"rendered":"<p>KURSER<\/p>","protected":false},"author":1,"featured_media":0,"parent":0,"menu_order":0,"comment_status":"closed","ping_status":"closed","template":"","meta":{"_et_pb_use_builder":"on","_et_pb_old_content":"","_et_gb_content_width":"","pmpro_default_level":"","inline_featured_image":false,"footnotes":""},"difl_page_category":[],"class_list":["post-987525938","page","type-page","status-publish","hentry","pmpro-has-access"],"_links":{"self":[{"href":"https:\/\/louisathostrup.dk\/en\/wp-json\/wp\/v2\/pages\/987525938","targetHints":{"allow":["GET"]}}],"collection":[{"href":"https:\/\/louisathostrup.dk\/en\/wp-json\/wp\/v2\/pages"}],"about":[{"href":"https:\/\/louisathostrup.dk\/en\/wp-json\/wp\/v2\/types\/page"}],"author":[{"embeddable":true,"href":"https:\/\/louisathostrup.dk\/en\/wp-json\/wp\/v2\/users\/1"}],"replies":[{"embeddable":true,"href":"https:\/\/louisathostrup.dk\/en\/wp-json\/wp\/v2\/comments?post=987525938"}],"version-history":[{"count":17,"href":"https:\/\/louisathostrup.dk\/en\/wp-json\/wp\/v2\/pages\/987525938\/revisions"}],"predecessor-version":[{"id":987525965,"href":"https:\/\/louisathostrup.dk\/en\/wp-json\/wp\/v2\/pages\/987525938\/revisions\/987525965"}],"wp:attachment":[{"href":"https:\/\/louisathostrup.dk\/en\/wp-json\/wp\/v2\/media?parent=987525938"}],"wp:term":[{"taxonomy":"difl_page_category","embeddable":true,"href":"https:\/\/louisathostrup.dk\/en\/wp-json\/wp\/v2\/difl_page_category?post=987525938"}],"curies":[{"name":"wp","href":"https:\/\/api.w.org\/{rel}","templated":true}]}}