{"id":987526082,"date":"2026-03-05T05:14:30","date_gmt":"2026-03-05T04:14:30","guid":{"rendered":"https:\/\/louisathostrup.dk\/?page_id=987526082"},"modified":"2026-03-05T05:14:31","modified_gmt":"2026-03-05T04:14:31","slug":"blueprint-slip-ekspertfaelden","status":"publish","type":"page","link":"https:\/\/louisathostrup.dk\/en\/blueprint-slip-ekspertfaelden\/","title":{"rendered":"Blueprint &#8211; Slip ekspertf\u00e6lden"},"content":{"rendered":"<p>[et_pb_section fb_built=&#8221;1&#8243; theme_builder_area=&#8221;post_content&#8221; _builder_version=&#8221;4.27.5&#8243; _module_preset=&#8221;default&#8221;][et_pb_row _builder_version=&#8221;4.27.5&#8243; _module_preset=&#8221;default&#8221; theme_builder_area=&#8221;post_content&#8221;][et_pb_column _builder_version=&#8221;4.27.5&#8243; _module_preset=&#8221;default&#8221; type=&#8221;4_4&#8243; theme_builder_area=&#8221;post_content&#8221;][et_pb_code _builder_version=&#8221;4.27.5&#8243; _module_preset=&#8221;default&#8221; theme_builder_area=&#8221;post_content&#8221; hover_enabled=&#8221;0&#8243; sticky_enabled=&#8221;0&#8243;]<div class='fluentform ff-default fluentform_wrapper_28 ffs_default_wrap'><form data-form_id=\"28\" id=\"fluentform_28\" class=\"frm-fluent-form fluent_form_28 ff-el-form-top ff_form_instance_28_1 ff-form-loading ffs_default\" data-form_instance=\"ff_form_instance_28_1\" method=\"POST\" ><fieldset  style=\"border: none!important;margin: 0!important;padding: 0!important;background-color: transparent!important;box-shadow: none!important;outline: none!important; min-inline-size: 100%;\">\n                    <legend class=\"ff_screen_reader_title\" style=\"display: block; margin: 0!important;padding: 0!important;height: 0!important;text-indent: -999999px;width: 0!important;overflow:hidden;\">Freebie - Blueprint - Slip ekspertf\u00e6lden<\/legend><input type=\"hidden\" name=\"ff_ct_form_load_time\" class=\"ff_ct_form_load_time\" value=\"\"><input type='hidden' name='__fluent_form_embded_post_id' value='987526082' \/><input type=\"hidden\" id=\"_fluentform_28_fluentformnonce\" name=\"_fluentform_28_fluentformnonce\" value=\"3b6f7d7f7d\" \/><input type=\"hidden\" name=\"_wp_http_referer\" value=\"\/en\/wp-json\/wp\/v2\/pages\/987526082\" \/><div data-name=\"ff_cn_id_1\"  class='ff-t-container ff-column-container ff_columns_total_2 '><div class='ff-t-cell ff-t-column-1' style='flex-basis: 50%;'><div data-type=\"name-element\" data-name=\"names\" class=\" ff-field_container ff-name-field-wrapper\" ><div class='ff-t-container'><div class='ff-t-cell '><div class='ff-el-group ff-el-form-top'><div class=\"ff-el-input--label asterisk-right\"><label for='ff_28_names_first_name_' id='label_ff_28_names_first_name_' >Fornavn<\/label><\/div><div class='ff-el-input--content'><input type=\"text\" name=\"names[first_name]\" id=\"ff_28_names_first_name_\" class=\"ff-el-form-control\" placeholder=\"Fornavn\" aria-invalid=\"false\" aria-required=false><\/div><\/div><\/div><\/div><\/div><\/div><div class='ff-t-cell ff-t-column-2' style='flex-basis: 50%;'><div class='ff-el-group'><div class=\"ff-el-input--label asterisk-right\"><label for='ff_28_email' id='label_ff_28_email' aria-label=\"Email\">Email<\/label><\/div><div class='ff-el-input--content'><input type=\"email\" name=\"email\" id=\"ff_28_email\" class=\"ff-el-form-control\" placeholder=\"Email adresse\" data-name=\"email\"  aria-invalid=\"false\" aria-required=false><\/div><\/div><\/div><\/div><div class='ff-el-group    ff-el-input--content'><div class='ff-el-form-check ff-el-tc'><label aria-label='Jeg giver samtykke til, at dette websted gemmer mine indsendte oplysninger, s\u00e5 de kan svare p\u00e5 min foresp\u00f8rgsel.' class='ff-el-form-check-label ff_tc_label' for=gdpr-agreement_d61dde5e1e5bc2a134a40508939d5308><span class='ff_tc_checkbox'><input type=\"checkbox\" name=\"gdpr-agreement\" class=\"ff-el-form-check-input ff_gdpr_field\" data-name=\"gdpr-agreement\" id=\"gdpr-agreement_d61dde5e1e5bc2a134a40508939d5308\"  value='on' aria-invalid='false' aria-required=true><\/span> <div class='ff_t_c'>Jeg giver samtykke til, at dette websted gemmer mine indsendte oplysninger, s\u00e5 de kan svare p\u00e5 min foresp\u00f8rgsel.<\/div><\/label><\/div><\/div><div class='ff-el-group    ff-el-input--content'><div class='ff-el-form-check ff-el-tc'><label aria-label='Terms and Conditions: Jeg har l\u00e6st og forst\u00e5et Thostrup Consultings betingelser og privatlivspolitik. Contains 1 link. Use tab navigation to review.' class='ff-el-form-check-label ff_tc_label' for=terms-n-condition_2b589a9213fbc2689cc2f20d15011b9a><span class='ff_tc_checkbox'><input type=\"checkbox\" name=\"terms-n-condition\" class=\"ff-el-form-check-input\" data-name=\"terms-n-condition\" id=\"terms-n-condition_2b589a9213fbc2689cc2f20d15011b9a\"  value='on' aria-invalid='false' aria-required=false><\/span> <div class='ff_t_c'><p>Jeg har l\u00e6st og forst\u00e5et Thostrup Consultings betingelser og <a href=\"https:\/\/louisathostrup.dk\/privatlivs-politik\/\">privatlivspolitik<\/a>.<\/p><\/div><\/label><\/div><\/div><div class='ff-el-group ff-text-left ff_submit_btn_wrapper'><button type=\"submit\" class=\"ff-btn ff-btn-submit ff-btn-md ff_btn_style wpf_has_custom_css\"  aria-label=\"Download blueprintet her\">Download blueprintet her<\/button><\/div><\/fieldset><\/form><div id='fluentform_28_errors' class='ff-errors-in-stack ff_form_instance_28_1 ff-form-loading_errors ff_form_instance_28_1_errors'><\/div><\/div>            <script type=\"text\/javascript\">\n                window.fluent_form_ff_form_instance_28_1 = {\"id\":\"28\",\"ajaxUrl\":\"https:\\\/\\\/louisathostrup.dk\\\/wp-admin\\\/admin-ajax.php\",\"settings\":{\"layout\":{\"labelPlacement\":\"top\",\"helpMessagePlacement\":\"with_label\",\"errorMessagePlacement\":\"inline\",\"cssClassName\":\"\",\"asteriskPlacement\":\"asterisk-right\"},\"restrictions\":{\"denyEmptySubmission\":{\"enabled\":false}}},\"form_instance\":\"ff_form_instance_28_1\",\"form_id_selector\":\"fluentform_28\",\"rules\":{\"names[first_name]\":{\"required\":{\"value\":false,\"message\":\"This field is required\",\"global_message\":\"This field is required\",\"global\":true}},\"names[middle_name]\":{\"required\":{\"value\":false,\"message\":\"This field is required\",\"global_message\":\"This field is required\",\"global\":true}},\"names[last_name]\":{\"required\":{\"value\":false,\"message\":\"This field is required\",\"global_message\":\"This field is required\",\"global\":true}},\"email\":{\"required\":{\"value\":false,\"message\":\"This field is required\",\"global_message\":\"This field is required\",\"global\":true},\"email\":{\"value\":true,\"message\":\"This field must contain a valid email\",\"global_message\":\"This field must contain a valid email\",\"global\":true}},\"gdpr-agreement\":{\"required\":{\"value\":true,\"message\":\"This field is required\",\"global_message\":\"This field is required\",\"global\":true}},\"terms-n-condition\":{\"required\":{\"value\":false,\"message\":\"This field is required\",\"global_message\":\"This field is required\",\"global\":true}}},\"debounce_time\":300};\n                            <\/script>\n            [\/et_pb_code][\/et_pb_column][\/et_pb_row][\/et_pb_section]<\/p>\n","protected":false},"excerpt":{"rendered":"<div class='fluentform ff-default fluentform_wrapper_28 ffs_default_wrap'><form data-form_id=\"28\" id=\"fluentform_28\" class=\"frm-fluent-form fluent_form_28 ff-el-form-top ff_form_instance_28_2 ff-form-loading ffs_default\" data-form_instance=\"ff_form_instance_28_2\" method=\"POST\" ><fieldset  style=\"border: none!important;margin: 0!important;padding: 0!important;background-color: transparent!important;box-shadow: none!important;outline: none!important; min-inline-size: 100%;\">\n                    <legend class=\"ff_screen_reader_title\" style=\"display: block; margin: 0!important;padding: 0!important;height: 0!important;text-indent: -999999px;width: 0!important;overflow:hidden;\">Freebie - Blueprint - Slip ekspertf\u00e6lden<\/legend><input type=\"hidden\" name=\"ff_ct_form_load_time\" class=\"ff_ct_form_load_time\" value=\"\"><input type='hidden' name='__fluent_form_embded_post_id' value='987526082' \/><input type=\"hidden\" id=\"_fluentform_28_fluentformnonce\" name=\"_fluentform_28_fluentformnonce\" value=\"3b6f7d7f7d\" \/><input type=\"hidden\" name=\"_wp_http_referer\" value=\"\/en\/wp-json\/wp\/v2\/pages\/987526082\" \/><div data-name=\"ff_cn_id_1\"  class='ff-t-container ff-column-container ff_columns_total_2 '><div class='ff-t-cell ff-t-column-1' style='flex-basis: 50%;'><div data-type=\"name-element\" data-name=\"names\" class=\" ff-field_container ff-name-field-wrapper\" ><div class='ff-t-container'><div class='ff-t-cell '><div class='ff-el-group ff-el-form-top'><div class=\"ff-el-input--label asterisk-right\"><label for='ff_28_2_names_first_name_' id='label_ff_28_2_names_first_name_' >Fornavn<\/label><\/div><div class='ff-el-input--content'><input type=\"text\" name=\"names[first_name]\" id=\"ff_28_2_names_first_name_\" class=\"ff-el-form-control\" placeholder=\"Fornavn\" aria-invalid=\"false\" aria-required=false><\/div><\/div><\/div><\/div><\/div><\/div><div class='ff-t-cell ff-t-column-2' style='flex-basis: 50%;'><div class='ff-el-group'><div class=\"ff-el-input--label asterisk-right\"><label for='ff_28_2_email' id='label_ff_28_2_email' aria-label=\"Email\">Email<\/label><\/div><div class='ff-el-input--content'><input type=\"email\" name=\"email\" id=\"ff_28_2_email\" class=\"ff-el-form-control\" placeholder=\"Email adresse\" data-name=\"email\"  aria-invalid=\"false\" aria-required=false><\/div><\/div><\/div><\/div><div class='ff-el-group    ff-el-input--content'><div class='ff-el-form-check ff-el-tc'><label aria-label='Jeg giver samtykke til, at dette websted gemmer mine indsendte oplysninger, s\u00e5 de kan svare p\u00e5 min foresp\u00f8rgsel.' class='ff-el-form-check-label ff_tc_label' for=gdpr-agreement_f388792bc07b7f176623d97e0ae8093c><span class='ff_tc_checkbox'><input type=\"checkbox\" name=\"gdpr-agreement\" class=\"ff-el-form-check-input ff_gdpr_field\" data-name=\"gdpr-agreement\" id=\"gdpr-agreement_f388792bc07b7f176623d97e0ae8093c\"  value='on' aria-invalid='false' aria-required=true><\/span> <div class='ff_t_c'>Jeg giver samtykke til, at dette websted gemmer mine indsendte oplysninger, s\u00e5 de kan svare p\u00e5 min foresp\u00f8rgsel.<\/div><\/label><\/div><\/div><div class='ff-el-group    ff-el-input--content'><div class='ff-el-form-check ff-el-tc'><label aria-label='Terms and Conditions: Jeg har l\u00e6st og forst\u00e5et Thostrup Consultings betingelser og privatlivspolitik. Contains 1 link. Use tab navigation to review.' class='ff-el-form-check-label ff_tc_label' for=terms-n-condition_683b632b741ed51079d9c2b595e6fe4e><span class='ff_tc_checkbox'><input type=\"checkbox\" name=\"terms-n-condition\" class=\"ff-el-form-check-input\" data-name=\"terms-n-condition\" id=\"terms-n-condition_683b632b741ed51079d9c2b595e6fe4e\"  value='on' aria-invalid='false' aria-required=false><\/span> <div class='ff_t_c'><p>Jeg har l\u00e6st og forst\u00e5et Thostrup Consultings betingelser og <a href=\"https:\/\/louisathostrup.dk\/privatlivs-politik\/\">privatlivspolitik<\/a>.<\/p><\/div><\/label><\/div><\/div><div class='ff-el-group ff-text-left ff_submit_btn_wrapper'><button type=\"submit\" class=\"ff-btn ff-btn-submit ff-btn-md ff_btn_style wpf_has_custom_css\"  aria-label=\"Download blueprintet her\">Download blueprintet her<\/button><\/div><\/fieldset><\/form><div id='fluentform_28_errors' class='ff-errors-in-stack ff_form_instance_28_2 ff-form-loading_errors ff_form_instance_28_2_errors'><\/div><\/div>            <script type=\"text\/javascript\">\n                window.fluent_form_ff_form_instance_28_2 = {\"id\":\"28\",\"ajaxUrl\":\"https:\\\/\\\/louisathostrup.dk\\\/wp-admin\\\/admin-ajax.php\",\"settings\":{\"layout\":{\"labelPlacement\":\"top\",\"helpMessagePlacement\":\"with_label\",\"errorMessagePlacement\":\"inline\",\"cssClassName\":\"\",\"asteriskPlacement\":\"asterisk-right\"},\"restrictions\":{\"denyEmptySubmission\":{\"enabled\":false}}},\"form_instance\":\"ff_form_instance_28_2\",\"form_id_selector\":\"fluentform_28\",\"rules\":{\"names[first_name]\":{\"required\":{\"value\":false,\"message\":\"This field is required\",\"global_message\":\"This field is required\",\"global\":true}},\"names[middle_name]\":{\"required\":{\"value\":false,\"message\":\"This field is required\",\"global_message\":\"This field is required\",\"global\":true}},\"names[last_name]\":{\"required\":{\"value\":false,\"message\":\"This field is required\",\"global_message\":\"This field is required\",\"global\":true}},\"email\":{\"required\":{\"value\":false,\"message\":\"This field is required\",\"global_message\":\"This field is required\",\"global\":true},\"email\":{\"value\":true,\"message\":\"This field must contain a valid email\",\"global_message\":\"This field must contain a valid email\",\"global\":true}},\"gdpr-agreement\":{\"required\":{\"value\":true,\"message\":\"This field is required\",\"global_message\":\"This field is required\",\"global\":true}},\"terms-n-condition\":{\"required\":{\"value\":false,\"message\":\"This field is required\",\"global_message\":\"This field is required\",\"global\":true}}},\"debounce_time\":300};\n                            <\/script>\n            \n","protected":false},"author":1,"featured_media":0,"parent":0,"menu_order":0,"comment_status":"closed","ping_status":"closed","template":"","meta":{"_et_pb_use_builder":"on","_et_pb_old_content":"","_et_gb_content_width":"","pmpro_default_level":"","inline_featured_image":false,"footnotes":""},"difl_page_category":[],"class_list":["post-987526082","page","type-page","status-publish","hentry","pmpro-has-access"],"_links":{"self":[{"href":"https:\/\/louisathostrup.dk\/en\/wp-json\/wp\/v2\/pages\/987526082","targetHints":{"allow":["GET"]}}],"collection":[{"href":"https:\/\/louisathostrup.dk\/en\/wp-json\/wp\/v2\/pages"}],"about":[{"href":"https:\/\/louisathostrup.dk\/en\/wp-json\/wp\/v2\/types\/page"}],"author":[{"embeddable":true,"href":"https:\/\/louisathostrup.dk\/en\/wp-json\/wp\/v2\/users\/1"}],"replies":[{"embeddable":true,"href":"https:\/\/louisathostrup.dk\/en\/wp-json\/wp\/v2\/comments?post=987526082"}],"version-history":[{"count":2,"href":"https:\/\/louisathostrup.dk\/en\/wp-json\/wp\/v2\/pages\/987526082\/revisions"}],"predecessor-version":[{"id":987526084,"href":"https:\/\/louisathostrup.dk\/en\/wp-json\/wp\/v2\/pages\/987526082\/revisions\/987526084"}],"wp:attachment":[{"href":"https:\/\/louisathostrup.dk\/en\/wp-json\/wp\/v2\/media?parent=987526082"}],"wp:term":[{"taxonomy":"difl_page_category","embeddable":true,"href":"https:\/\/louisathostrup.dk\/en\/wp-json\/wp\/v2\/difl_page_category?post=987526082"}],"curies":[{"name":"wp","href":"https:\/\/api.w.org\/{rel}","templated":true}]}}