{"id":987526109,"date":"2026-03-20T10:11:45","date_gmt":"2026-03-20T09:11:45","guid":{"rendered":"https:\/\/louisathostrup.dk\/?page_id=987526109"},"modified":"2026-03-20T10:11:46","modified_gmt":"2026-03-20T09:11:46","slug":"blueprint-bryd-de-usynlige-mure","status":"publish","type":"page","link":"https:\/\/louisathostrup.dk\/en\/blueprint-bryd-de-usynlige-mure\/","title":{"rendered":"Blueprint &#8211; Bryd de usynlige mure"},"content":{"rendered":"<p>[et_pb_section fb_built=&#8221;1&#8243; theme_builder_area=&#8221;post_content&#8221; _builder_version=&#8221;4.27.5&#8243; _module_preset=&#8221;default&#8221;][et_pb_row _builder_version=&#8221;4.27.5&#8243; _module_preset=&#8221;default&#8221; theme_builder_area=&#8221;post_content&#8221;][et_pb_column _builder_version=&#8221;4.27.5&#8243; _module_preset=&#8221;default&#8221; type=&#8221;4_4&#8243; theme_builder_area=&#8221;post_content&#8221;][et_pb_code _builder_version=&#8221;4.27.5&#8243; _module_preset=&#8221;default&#8221; theme_builder_area=&#8221;post_content&#8221; hover_enabled=&#8221;0&#8243; sticky_enabled=&#8221;0&#8243;]<div class='fluentform ff-default fluentform_wrapper_30 ffs_default_wrap'><form data-form_id=\"30\" id=\"fluentform_30\" class=\"frm-fluent-form fluent_form_30 ff-el-form-top ff_form_instance_30_1 ff-form-loading ffs_default\" data-form_instance=\"ff_form_instance_30_1\" method=\"POST\" ><fieldset  style=\"border: none!important;margin: 0!important;padding: 0!important;background-color: transparent!important;box-shadow: none!important;outline: none!important; min-inline-size: 100%;\">\n                    <legend class=\"ff_screen_reader_title\" style=\"display: block; margin: 0!important;padding: 0!important;height: 0!important;text-indent: -999999px;width: 0!important;overflow:hidden;\">Tilmelding til blueprint - Bryd den usynlige mur<\/legend><input type=\"hidden\" name=\"ff_ct_form_load_time\" class=\"ff_ct_form_load_time\" value=\"\"><input type='hidden' name='__fluent_form_embded_post_id' value='987526109' \/><input type=\"hidden\" id=\"_fluentform_30_fluentformnonce\" name=\"_fluentform_30_fluentformnonce\" value=\"cbc897ec4d\" \/><input type=\"hidden\" name=\"_wp_http_referer\" value=\"\/en\/wp-json\/wp\/v2\/pages\/987526109\" \/><div data-type=\"name-element\" data-name=\"names\" class=\" ff-field_container ff-name-field-wrapper\" ><div class='ff-t-container'><div class='ff-t-cell '><div class='ff-el-group ff-el-form-top'><div class=\"ff-el-input--label asterisk-right\"><label for='ff_30_names_first_name_' id='label_ff_30_names_first_name_' >Fornavn<\/label><\/div><div class='ff-el-input--content'><input type=\"text\" name=\"names[first_name]\" id=\"ff_30_names_first_name_\" class=\"ff-el-form-control\" placeholder=\"Fornavn\" aria-invalid=\"false\" aria-required=false><\/div><\/div><\/div><\/div><\/div><div data-name=\"ff_cn_id_1\"  class='ff-t-container ff-column-container ff_columns_total_2 '><div class='ff-t-cell ff-t-column-1' style='flex-basis: 50%;'><div class='ff-el-group'><div class=\"ff-el-input--label ff-el-is-required asterisk-right\"><label for='ff_30_email' id='label_ff_30_email' aria-label=\"E-mail\">E-mail<\/label><\/div><div class='ff-el-input--content'><input type=\"email\" name=\"email\" id=\"ff_30_email\" class=\"ff-el-form-control\" placeholder=\"Din e-mail adresse\" data-name=\"email\"  aria-invalid=\"false\" aria-required=true><\/div><\/div><\/div><div class='ff-t-cell ff-t-column-2' style='flex-basis: 50%;'><div class='ff-el-group ff-text-left ff_submit_btn_wrapper ff_submit_btn_wrapper_custom'><button class=\"ff-btn ff-btn-submit ff-btn-md ff_btn_style wpf_has_custom_css\" type=\"submit\" name=\"custom_submit_button-30_1\" data-name=\"custom_submit_button-30_1\"  aria-label=\"Ja tak - jeg \u00f8nsker blueprintet!\">Ja tak - jeg \u00f8nsker blueprintet!<\/button><style>form.fluent_form_30 .wpf_has_custom_css.ff-btn-submit { background-color:rgba(91, 123, 170, 1);border-color:#1a7efb;color:#ffffff;min-width:100%; }form.fluent_form_30 .wpf_has_custom_css.ff-btn-submit:hover { background-color:#ffffff;border-color:#1a7efb;color:#1a7efb;min-width:100%; } <\/style><\/div><\/div><\/div><div class='ff-el-group    ff-el-input--content'><div class='ff-el-form-check ff-el-tc'><label aria-label='Jeg bekr\u00e6fter, at Thostrup Consulting m\u00e5 gemme min e-mailadresse med henblik p\u00e5 at sende mig materiale og bruge den til direkte initiering af kontakt i forbindelse med produkter og tjenester, der tilbydes af Thostrup Consulting. Jeg kan til enhver tid tilbagekalde dette samtykke, ved at afmelde i bunden af alle e-mails.' class='ff-el-form-check-label ff_tc_label' for=gdpr-agreement_03021f96600c9f47ad988a7f84d0c5f1><span class='ff_tc_checkbox'><input type=\"checkbox\" name=\"gdpr-agreement\" class=\"ff-el-form-check-input ff_gdpr_field\" data-name=\"gdpr-agreement\" id=\"gdpr-agreement_03021f96600c9f47ad988a7f84d0c5f1\"  value='on' aria-invalid='false' aria-required=true><\/span> <div class='ff_t_c'>Jeg bekr\u00e6fter, at Thostrup Consulting m\u00e5 gemme min e-mailadresse med henblik p\u00e5 at sende mig materiale og bruge den til direkte initiering af kontakt i forbindelse med produkter og tjenester, der tilbydes af Thostrup Consulting. Jeg kan til enhver tid tilbagekalde dette samtykke, ved at afmelde i bunden af alle e-mails.<\/div><\/label><\/div><\/div><div class='ff-el-group    ff-el-input--content'><div class='ff-el-form-check ff-el-tc'><label aria-label='Terms and Conditions: Jeg har l\u00e6st og accepterer Thostrup Consultings vilk\u00e5r og privatlivspolitik.\u00a0 Contains 1 link. Use tab navigation to review.' class='ff-el-form-check-label ff_tc_label' for=terms-n-condition_6629d1fded88334710ae4d010f86b801><span class='ff_tc_checkbox'><input type=\"checkbox\" name=\"terms-n-condition\" class=\"ff-el-form-check-input\" data-name=\"terms-n-condition\" id=\"terms-n-condition_6629d1fded88334710ae4d010f86b801\"  value='on' aria-invalid='false' aria-required=false><\/span> <div class='ff_t_c'><p>Jeg har l\u00e6st og accepterer Thostrup Consultings vilk\u00e5r og <a href=\"https:\/\/louisathostrup.dk\/privatlivs-politik\/\">privatlivspolitik<\/a>.\u00a0<\/p><\/div><\/label><\/div><\/div><\/fieldset><\/form><div id='fluentform_30_errors' class='ff-errors-in-stack ff_form_instance_30_1 ff-form-loading_errors ff_form_instance_30_1_errors'><\/div><\/div>            <script type=\"text\/javascript\">\n                window.fluent_form_ff_form_instance_30_1 = {\"id\":\"30\",\"ajaxUrl\":\"https:\\\/\\\/louisathostrup.dk\\\/wp-admin\\\/admin-ajax.php\",\"settings\":{\"layout\":{\"labelPlacement\":\"top\",\"helpMessagePlacement\":\"with_label\",\"errorMessagePlacement\":\"inline\",\"asteriskPlacement\":\"asterisk-right\"},\"restrictions\":{\"denyEmptySubmission\":{\"enabled\":false}}},\"form_instance\":\"ff_form_instance_30_1\",\"form_id_selector\":\"fluentform_30\",\"rules\":{\"names[first_name]\":{\"required\":{\"value\":false,\"message\":\"This field is required\",\"global_message\":\"This field is required\",\"global\":true}},\"names[middle_name]\":{\"required\":{\"value\":false,\"message\":\"This field is required\",\"global_message\":\"This field is required\",\"global\":true}},\"names[last_name]\":{\"required\":{\"value\":false,\"message\":\"This field is required\",\"global_message\":\"This field is required\",\"global\":true}},\"email\":{\"required\":{\"value\":true,\"message\":\"This field is required\",\"global\":false,\"global_message\":\"This field is required\"},\"email\":{\"value\":true,\"message\":\"This field must contain a valid email\",\"global\":false,\"global_message\":\"This field must contain a valid email\"}},\"gdpr-agreement\":{\"required\":{\"value\":true,\"message\":\"This field is required\",\"global_message\":\"This field is required\",\"global\":true}},\"terms-n-condition\":{\"required\":{\"value\":false,\"message\":\"This field is required\",\"global_message\":\"This field is required\",\"global\":true}}},\"debounce_time\":300};\n                            <\/script>\n            [\/et_pb_code][\/et_pb_column][\/et_pb_row][\/et_pb_section]<\/p>\n","protected":false},"excerpt":{"rendered":"<div class='fluentform ff-default fluentform_wrapper_30 ffs_default_wrap'><form data-form_id=\"30\" id=\"fluentform_30\" class=\"frm-fluent-form fluent_form_30 ff-el-form-top ff_form_instance_30_2 ff-form-loading ffs_default\" data-form_instance=\"ff_form_instance_30_2\" method=\"POST\" ><fieldset  style=\"border: none!important;margin: 0!important;padding: 0!important;background-color: transparent!important;box-shadow: none!important;outline: none!important; min-inline-size: 100%;\">\n                    <legend class=\"ff_screen_reader_title\" style=\"display: block; margin: 0!important;padding: 0!important;height: 0!important;text-indent: -999999px;width: 0!important;overflow:hidden;\">Tilmelding til blueprint - Bryd den usynlige mur<\/legend><input type=\"hidden\" name=\"ff_ct_form_load_time\" class=\"ff_ct_form_load_time\" value=\"\"><input type='hidden' name='__fluent_form_embded_post_id' value='987526109' \/><input type=\"hidden\" id=\"_fluentform_30_fluentformnonce\" name=\"_fluentform_30_fluentformnonce\" value=\"cbc897ec4d\" \/><input type=\"hidden\" name=\"_wp_http_referer\" value=\"\/en\/wp-json\/wp\/v2\/pages\/987526109\" \/><div data-type=\"name-element\" data-name=\"names\" class=\" ff-field_container ff-name-field-wrapper\" ><div class='ff-t-container'><div class='ff-t-cell '><div class='ff-el-group ff-el-form-top'><div class=\"ff-el-input--label asterisk-right\"><label for='ff_30_2_names_first_name_' id='label_ff_30_2_names_first_name_' >Fornavn<\/label><\/div><div class='ff-el-input--content'><input type=\"text\" name=\"names[first_name]\" id=\"ff_30_2_names_first_name_\" class=\"ff-el-form-control\" placeholder=\"Fornavn\" aria-invalid=\"false\" aria-required=false><\/div><\/div><\/div><\/div><\/div><div data-name=\"ff_cn_id_1\"  class='ff-t-container ff-column-container ff_columns_total_2 '><div class='ff-t-cell ff-t-column-1' style='flex-basis: 50%;'><div class='ff-el-group'><div class=\"ff-el-input--label ff-el-is-required asterisk-right\"><label for='ff_30_2_email' id='label_ff_30_2_email' aria-label=\"E-mail\">E-mail<\/label><\/div><div class='ff-el-input--content'><input type=\"email\" name=\"email\" id=\"ff_30_2_email\" class=\"ff-el-form-control\" placeholder=\"Din e-mail adresse\" data-name=\"email\"  aria-invalid=\"false\" aria-required=true><\/div><\/div><\/div><div class='ff-t-cell ff-t-column-2' style='flex-basis: 50%;'><div class='ff-el-group ff-text-left ff_submit_btn_wrapper ff_submit_btn_wrapper_custom'><button class=\"ff-btn ff-btn-submit ff-btn-md ff_btn_style wpf_has_custom_css\" type=\"submit\" name=\"custom_submit_button-30_1\" data-name=\"custom_submit_button-30_1\"  aria-label=\"Ja tak - jeg \u00f8nsker blueprintet!\">Ja tak - jeg \u00f8nsker blueprintet!<\/button><style>form.fluent_form_30 .wpf_has_custom_css.ff-btn-submit { background-color:rgba(91, 123, 170, 1);border-color:#1a7efb;color:#ffffff;min-width:100%; }form.fluent_form_30 .wpf_has_custom_css.ff-btn-submit:hover { background-color:#ffffff;border-color:#1a7efb;color:#1a7efb;min-width:100%; } <\/style><\/div><\/div><\/div><div class='ff-el-group    ff-el-input--content'><div class='ff-el-form-check ff-el-tc'><label aria-label='Jeg bekr\u00e6fter, at Thostrup Consulting m\u00e5 gemme min e-mailadresse med henblik p\u00e5 at sende mig materiale og bruge den til direkte initiering af kontakt i forbindelse med produkter og tjenester, der tilbydes af Thostrup Consulting. Jeg kan til enhver tid tilbagekalde dette samtykke, ved at afmelde i bunden af alle e-mails.' class='ff-el-form-check-label ff_tc_label' for=gdpr-agreement_9cc7e706e80f5a8ad8a6cf581e8dacda><span class='ff_tc_checkbox'><input type=\"checkbox\" name=\"gdpr-agreement\" class=\"ff-el-form-check-input ff_gdpr_field\" data-name=\"gdpr-agreement\" id=\"gdpr-agreement_9cc7e706e80f5a8ad8a6cf581e8dacda\"  value='on' aria-invalid='false' aria-required=true><\/span> <div class='ff_t_c'>Jeg bekr\u00e6fter, at Thostrup Consulting m\u00e5 gemme min e-mailadresse med henblik p\u00e5 at sende mig materiale og bruge den til direkte initiering af kontakt i forbindelse med produkter og tjenester, der tilbydes af Thostrup Consulting. Jeg kan til enhver tid tilbagekalde dette samtykke, ved at afmelde i bunden af alle e-mails.<\/div><\/label><\/div><\/div><div class='ff-el-group    ff-el-input--content'><div class='ff-el-form-check ff-el-tc'><label aria-label='Terms and Conditions: Jeg har l\u00e6st og accepterer Thostrup Consultings vilk\u00e5r og privatlivspolitik.\u00a0 Contains 1 link. Use tab navigation to review.' class='ff-el-form-check-label ff_tc_label' for=terms-n-condition_0f91ffcf1099b45ba854b62e8a083873><span class='ff_tc_checkbox'><input type=\"checkbox\" name=\"terms-n-condition\" class=\"ff-el-form-check-input\" data-name=\"terms-n-condition\" id=\"terms-n-condition_0f91ffcf1099b45ba854b62e8a083873\"  value='on' aria-invalid='false' aria-required=false><\/span> <div class='ff_t_c'><p>Jeg har l\u00e6st og accepterer Thostrup Consultings vilk\u00e5r og <a href=\"https:\/\/louisathostrup.dk\/privatlivs-politik\/\">privatlivspolitik<\/a>.\u00a0<\/p><\/div><\/label><\/div><\/div><\/fieldset><\/form><div id='fluentform_30_errors' class='ff-errors-in-stack ff_form_instance_30_2 ff-form-loading_errors ff_form_instance_30_2_errors'><\/div><\/div>            <script type=\"text\/javascript\">\n                window.fluent_form_ff_form_instance_30_2 = {\"id\":\"30\",\"ajaxUrl\":\"https:\\\/\\\/louisathostrup.dk\\\/wp-admin\\\/admin-ajax.php\",\"settings\":{\"layout\":{\"labelPlacement\":\"top\",\"helpMessagePlacement\":\"with_label\",\"errorMessagePlacement\":\"inline\",\"asteriskPlacement\":\"asterisk-right\"},\"restrictions\":{\"denyEmptySubmission\":{\"enabled\":false}}},\"form_instance\":\"ff_form_instance_30_2\",\"form_id_selector\":\"fluentform_30\",\"rules\":{\"names[first_name]\":{\"required\":{\"value\":false,\"message\":\"This field is required\",\"global_message\":\"This field is required\",\"global\":true}},\"names[middle_name]\":{\"required\":{\"value\":false,\"message\":\"This field is required\",\"global_message\":\"This field is required\",\"global\":true}},\"names[last_name]\":{\"required\":{\"value\":false,\"message\":\"This field is required\",\"global_message\":\"This field is required\",\"global\":true}},\"email\":{\"required\":{\"value\":true,\"message\":\"This field is required\",\"global\":false,\"global_message\":\"This field is required\"},\"email\":{\"value\":true,\"message\":\"This field must contain a valid email\",\"global\":false,\"global_message\":\"This field must contain a valid email\"}},\"gdpr-agreement\":{\"required\":{\"value\":true,\"message\":\"This field is required\",\"global_message\":\"This field is required\",\"global\":true}},\"terms-n-condition\":{\"required\":{\"value\":false,\"message\":\"This field is required\",\"global_message\":\"This field is required\",\"global\":true}}},\"debounce_time\":300};\n                            <\/script>\n            \n","protected":false},"author":1,"featured_media":0,"parent":0,"menu_order":0,"comment_status":"closed","ping_status":"closed","template":"","meta":{"_et_pb_use_builder":"on","_et_pb_old_content":"","_et_gb_content_width":"","pmpro_default_level":"","inline_featured_image":false,"footnotes":""},"difl_page_category":[],"class_list":["post-987526109","page","type-page","status-publish","hentry","pmpro-has-access"],"_links":{"self":[{"href":"https:\/\/louisathostrup.dk\/en\/wp-json\/wp\/v2\/pages\/987526109","targetHints":{"allow":["GET"]}}],"collection":[{"href":"https:\/\/louisathostrup.dk\/en\/wp-json\/wp\/v2\/pages"}],"about":[{"href":"https:\/\/louisathostrup.dk\/en\/wp-json\/wp\/v2\/types\/page"}],"author":[{"embeddable":true,"href":"https:\/\/louisathostrup.dk\/en\/wp-json\/wp\/v2\/users\/1"}],"replies":[{"embeddable":true,"href":"https:\/\/louisathostrup.dk\/en\/wp-json\/wp\/v2\/comments?post=987526109"}],"version-history":[{"count":2,"href":"https:\/\/louisathostrup.dk\/en\/wp-json\/wp\/v2\/pages\/987526109\/revisions"}],"predecessor-version":[{"id":987526112,"href":"https:\/\/louisathostrup.dk\/en\/wp-json\/wp\/v2\/pages\/987526109\/revisions\/987526112"}],"wp:attachment":[{"href":"https:\/\/louisathostrup.dk\/en\/wp-json\/wp\/v2\/media?parent=987526109"}],"wp:term":[{"taxonomy":"difl_page_category","embeddable":true,"href":"https:\/\/louisathostrup.dk\/en\/wp-json\/wp\/v2\/difl_page_category?post=987526109"}],"curies":[{"name":"wp","href":"https:\/\/api.w.org\/{rel}","templated":true}]}}